
{"id":31984,"date":"2022-06-28T12:29:16","date_gmt":"2022-06-28T10:29:16","guid":{"rendered":"https:\/\/stonehouse.se\/produkt\/kombidetektor-pdm-ixa18\/"},"modified":"2026-04-08T16:55:39","modified_gmt":"2026-04-08T14:55:39","slug":"kombidetektor-pdm-ixa18","status":"publish","type":"product","link":"https:\/\/stonehouse.se\/en\/product\/kombidetektor-pdm-ixa18\/","title":{"rendered":"Vanderbilt ACRE I  Kombidetektor PDM-IXA18 &#8211; 18 meter vidvinkel"},"content":{"rendered":"<h1>UTC Kombidetektor PDM-IXA18 &#8211; 18 meter vidvinkel<\/h1>\n<p data-start=\"367\" data-end=\"1375\">UTC Kombidetektor PDM-IXA18 \u00e4r en avancerad kombi r\u00f6relsedetektor som anv\u00e4nder b\u00e5de IR och mikrov\u00e5gsteknik f\u00f6r exakt detektion och h\u00f6g s\u00e4kerhet.<\/p>\n<p data-start=\"367\" data-end=\"1375\">Med ett t\u00e4ckningsomr\u00e5de p\u00e5 18 meter och en innovativ MAGIC spegeloptik, erbjuder PDM-IXA18 p\u00e5litlig detektering av inkr\u00e4ktare och h\u00f6gsta s\u00e4kerhet mot obefogade larm.<br data-start=\"707\" data-end=\"710\" \/>Den vidareutvecklade Matchtec-algoritmen och den patenterade MAGIC spegeln s\u00e4kerst\u00e4ller att detektorn har h\u00f6g precision, vilket g\u00f6r att den effektivt kan s\u00e4rskilja mellan riktiga hot och falska signaler.<\/p>\n<p data-start=\"367\" data-end=\"1375\">PDM-IXA18 har ocks\u00e5 ett installationsv\u00e4nligt koncept med ett nytt g\u00e5ngtestf\u00f6rfarande och ett EOL-system som minskar installationstiden och f\u00f6renklar processen avsev\u00e4rt.<br data-start=\"1082\" data-end=\"1085\" \/>Med en str\u00f6mf\u00f6rbrukning p\u00e5 bara 4,8 mA och en sp\u00e4nningsmatning p\u00e5 9-16 VDC, \u00e4r denna detektor b\u00e5de energieffektiv och tillf\u00f6rlitlig.<\/p>\n<p data-start=\"367\" data-end=\"1375\">Den \u00e4r certifierad enligt EN50131-2-4 grade 2 och har en kapslingsklass IP41 \/ IK02, vilket g\u00f6r den l\u00e4mplig f\u00f6r b\u00e5de kommersiella och privata installationer.<\/p>\n<p data-start=\"1377\" data-end=\"1407\"><strong data-start=\"1377\" data-end=\"1405\">Funktioner och f\u00f6rdelar:<\/strong><\/p>\n<ul data-start=\"1408\" data-end=\"1864\">\n<li data-start=\"1408\" data-end=\"1453\">\n<p data-start=\"1410\" data-end=\"1453\">18 meter t\u00e4ckning f\u00f6r omfattande s\u00e4kerhet<\/p>\n<\/li>\n<li data-start=\"1454\" data-end=\"1528\">\n<p data-start=\"1456\" data-end=\"1528\">MAGIC spegeloptik och Matchtec-algoritm f\u00f6r h\u00f6g precision och s\u00e4kerhet<\/p>\n<\/li>\n<li data-start=\"1529\" data-end=\"1583\">\n<p data-start=\"1531\" data-end=\"1583\">Mikrov\u00e5gsteknik (10.525 GHz) f\u00f6r exakt detektering<\/p>\n<\/li>\n<li data-start=\"1584\" data-end=\"1649\">\n<p data-start=\"1586\" data-end=\"1649\">Nytt g\u00e5ngtestf\u00f6rfarande och EOL-system f\u00f6r snabb installation<\/p>\n<\/li>\n<li data-start=\"1650\" data-end=\"1709\">\n<p data-start=\"1652\" data-end=\"1709\">L\u00e5g str\u00f6mf\u00f6rbrukning (4.8 mA) och energieffektiv design<\/p>\n<\/li>\n<li data-start=\"1710\" data-end=\"1783\">\n<p data-start=\"1712\" data-end=\"1783\">Certifierad enligt EN50131-2-4 grade 2 och kapslingsklass IP41 \/ IK02<\/p>\n<\/li>\n<li data-start=\"1784\" data-end=\"1864\">\n<p data-start=\"1786\" data-end=\"1864\">Kompakt och modern design f\u00f6r enkel integration i alla typer av installationer<\/p>\n<\/li>\n<\/ul>\n<p data-start=\"1866\" data-end=\"1897\"><strong data-start=\"1866\" data-end=\"1895\">Tekniska specifikationer:<\/strong><\/p>\n<ul data-start=\"1898\" data-end=\"2226\">\n<li data-start=\"1898\" data-end=\"1920\">\n<p data-start=\"1900\" data-end=\"1920\">T\u00e4ckning: 18 meter<\/p>\n<\/li>\n<li data-start=\"1921\" data-end=\"1953\">\n<p data-start=\"1923\" data-end=\"1953\">Optiskt system: MAGIC spegel<\/p>\n<\/li>\n<li data-start=\"1954\" data-end=\"1978\">\n<p data-start=\"1956\" data-end=\"1978\">Mikrov\u00e5g: 10.525 GHz<\/p>\n<\/li>\n<li data-start=\"1979\" data-end=\"2015\">\n<p data-start=\"1981\" data-end=\"2015\">Godk\u00e4nnande: EN50131-2-4 grade 2<\/p>\n<\/li>\n<li data-start=\"2016\" data-end=\"2060\">\n<p data-start=\"2018\" data-end=\"2060\">Sp\u00e4nningsmatning: 9 &#8211; 16 VDC (12 V nom.)<\/p>\n<\/li>\n<li data-start=\"2061\" data-end=\"2089\">\n<p data-start=\"2063\" data-end=\"2089\">Str\u00f6mf\u00f6rbrukning: 4.8 mA<\/p>\n<\/li>\n<li data-start=\"2090\" data-end=\"2127\">\n<p data-start=\"2092\" data-end=\"2127\">Arbetstemperatur: -10\u00b0 till +55\u00b0C<\/p>\n<\/li>\n<li data-start=\"2128\" data-end=\"2169\">\n<p data-start=\"2130\" data-end=\"2169\">Kapslingsklass (EN60529): IP41 \/ IK02<\/p>\n<\/li>\n<li data-start=\"2170\" data-end=\"2208\">\n<p data-start=\"2172\" data-end=\"2208\">M\u00e5tt (B x H x D): 64 x 147 x 35 mm<\/p>\n<\/li>\n<li data-start=\"2209\" data-end=\"2226\">\n<p data-start=\"2211\" data-end=\"2226\">Vikt: 0,12 kg<\/p>\n<\/li>\n<\/ul>","protected":false},"excerpt":{"rendered":"<p>Kombi r\u00f6relsedetektor (IR\/MV) med 18 meter t\u00e4ckning och MAGIC spegeloptik.<\/p>\n<p>Modern design, Matchtec-algoritm, och enkel installation med nytt g\u00e5ngtestf\u00f6rfarande.<\/p>","protected":false},"featured_media":83570,"template":"","meta":{"_acf_changed":false},"product_brand":[],"product_cat":[2615],"product_tag":[1460,1848],"class_list":{"0":"post-31984","1":"product","2":"type-product","3":"status-publish","4":"has-post-thumbnail","6":"product_cat-rorelse-detektorer","7":"product_tag-rorelsedetektor-kombidetektorer","8":"product_tag-sbsc-larmklass2","9":"product_shipping_class-tunga-paket","10":"pa_brands-6vanderbilt","11":"tm-no-options","13":"first","14":"instock","15":"sale","16":"taxable","17":"shipping-taxable","18":"product-type-simple"},"acf":[],"_links":{"self":[{"href":"https:\/\/stonehouse.se\/en\/wp-json\/wp\/v2\/product\/31984","targetHints":{"allow":["GET"]}}],"collection":[{"href":"https:\/\/stonehouse.se\/en\/wp-json\/wp\/v2\/product"}],"about":[{"href":"https:\/\/stonehouse.se\/en\/wp-json\/wp\/v2\/types\/product"}],"wp:featuredmedia":[{"embeddable":true,"href":"https:\/\/stonehouse.se\/en\/wp-json\/wp\/v2\/media\/83570"}],"wp:attachment":[{"href":"https:\/\/stonehouse.se\/en\/wp-json\/wp\/v2\/media?parent=31984"}],"wp:term":[{"taxonomy":"product_brand","embeddable":true,"href":"https:\/\/stonehouse.se\/en\/wp-json\/wp\/v2\/product_brand?post=31984"},{"taxonomy":"product_cat","embeddable":true,"href":"https:\/\/stonehouse.se\/en\/wp-json\/wp\/v2\/product_cat?post=31984"},{"taxonomy":"product_tag","embeddable":true,"href":"https:\/\/stonehouse.se\/en\/wp-json\/wp\/v2\/product_tag?post=31984"}],"curies":[{"name":"wp","href":"https:\/\/api.w.org\/{rel}","templated":true}]}}