
{"id":31986,"date":"2022-06-28T12:28:59","date_gmt":"2022-06-28T10:28:59","guid":{"rendered":"https:\/\/stonehouse.se\/produkt\/kombidetektor-pdm-ixa18t\/"},"modified":"2026-04-08T16:55:50","modified_gmt":"2026-04-08T14:55:50","slug":"kombidetektor-pdm-ixa18t","status":"publish","type":"product","link":"https:\/\/stonehouse.se\/en\/product\/kombidetektor-pdm-ixa18t\/","title":{"rendered":"Vanderbilt ACRE I  Kombidetektor PDM-IXA18T Antismask &#8211; 18 meter vidvinkel"},"content":{"rendered":"<h1 data-start=\"332\" data-end=\"1510\">UTC Kombidetektor PDM-IXA18T Antimask &#8211; 18 meter vidvinkel<\/h1>\n<p data-start=\"332\" data-end=\"1510\">UTC Kombidetektor PDM-IXA18T Antimask \u00e4r en modern och elegant designad r\u00f6relsedetektor som kombinerar IR- och mikrov\u00e5gsteknologi f\u00f6r exakt detektion och h\u00f6g s\u00e4kerhet.<\/p>\n<p data-start=\"332\" data-end=\"1510\">Med ett t\u00e4ckningsomr\u00e5de p\u00e5 18 meter och antimaskfunktion s\u00e4kerst\u00e4ller PDM-IXA18T p\u00e5litlig detektering av inkr\u00e4ktare samtidigt som den minimerar risken f\u00f6r obefogade larm.<br data-start=\"700\" data-end=\"703\" \/>Den vidareutvecklade Matchtec-algoritmen och den patenterade MAGIC-spegeln g\u00f6r det m\u00f6jligt f\u00f6r detektorn att effektivt skilja mellan riktiga hot och o\u00f6nskade signaler.<\/p>\n<p data-start=\"332\" data-end=\"1510\">Med den unika spegeloptiken, som har ett glidande fokus, s\u00e4kerst\u00e4lls det att sensorn aldrig tappar inkr\u00e4ktaren ur sikte, vilket g\u00f6r den idealisk f\u00f6r s\u00e4kerhetsbehov i b\u00e5de kommersiella och privata milj\u00f6er.<br data-start=\"1075\" data-end=\"1078\" \/>F\u00f6r installationen erbjuder PDM-IXA18T ett anv\u00e4ndarv\u00e4nligt koncept med ett nytt g\u00e5ngtestf\u00f6rfarande och ett EOL-system som g\u00f6r installationen snabb och enkel.<\/p>\n<p data-start=\"332\" data-end=\"1510\">Den har dessutom en l\u00e5g str\u00f6mf\u00f6rbrukning (6,3 mA) och \u00e4r certifierad enligt EN50131-2-4 grade 2, vilket garanterar att den uppfyller h\u00f6ga s\u00e4kerhetsstandarder.<br data-start=\"1394\" data-end=\"1397\" \/>Detektorn har en kapslingsklass IP41 \/ IK02, vilket g\u00f6r den robust och l\u00e4mplig f\u00f6r b\u00e5de inomhus- och utomhusbruk.<\/p>\n<p data-start=\"1512\" data-end=\"1542\"><strong data-start=\"1512\" data-end=\"1540\">Funktioner och f\u00f6rdelar:<\/strong><\/p>\n<ul data-start=\"1543\" data-end=\"2016\">\n<li data-start=\"1543\" data-end=\"1605\">\n<p data-start=\"1545\" data-end=\"1605\">18 meter t\u00e4ckning med vidvinkel f\u00f6r omfattande detektering<\/p>\n<\/li>\n<li data-start=\"1606\" data-end=\"1675\">\n<p data-start=\"1608\" data-end=\"1675\">Antimaskfunktion f\u00f6r extra s\u00e4kerhet mot sabotage och \u00f6vert\u00e4ckning<\/p>\n<\/li>\n<li data-start=\"1676\" data-end=\"1765\">\n<p data-start=\"1678\" data-end=\"1765\">MAGIC spegeloptik och Matchtec-algoritm f\u00f6r h\u00f6g precision och l\u00e5g falsklarmsimmunitet<\/p>\n<\/li>\n<li data-start=\"1766\" data-end=\"1825\">\n<p data-start=\"1768\" data-end=\"1825\">L\u00e5g str\u00f6mf\u00f6rbrukning (6,3 mA) och energieffektiv design<\/p>\n<\/li>\n<li data-start=\"1826\" data-end=\"1891\">\n<p data-start=\"1828\" data-end=\"1891\">Nytt g\u00e5ngtestf\u00f6rfarande och EOL-system f\u00f6r snabb installation<\/p>\n<\/li>\n<li data-start=\"1892\" data-end=\"1951\">\n<p data-start=\"1894\" data-end=\"1951\">Certifierad enligt EN50131-2-4 grade 2 f\u00f6r h\u00f6g s\u00e4kerhet<\/p>\n<\/li>\n<li data-start=\"1952\" data-end=\"2016\">\n<p data-start=\"1954\" data-end=\"2016\">Kapslingsklass IP41 \/ IK02 f\u00f6r robust och s\u00e4ker installation<\/p>\n<\/li>\n<\/ul>\n<p data-start=\"2018\" data-end=\"2049\"><strong data-start=\"2018\" data-end=\"2047\">Tekniska specifikationer:<\/strong><\/p>\n<ul data-start=\"2050\" data-end=\"2396\">\n<li data-start=\"2050\" data-end=\"2072\">\n<p data-start=\"2052\" data-end=\"2072\">T\u00e4ckning: 18 meter<\/p>\n<\/li>\n<li data-start=\"2073\" data-end=\"2089\">\n<p data-start=\"2075\" data-end=\"2089\">Antimask: Ja<\/p>\n<\/li>\n<li data-start=\"2090\" data-end=\"2122\">\n<p data-start=\"2092\" data-end=\"2122\">Optiskt system: MAGIC spegel<\/p>\n<\/li>\n<li data-start=\"2123\" data-end=\"2147\">\n<p data-start=\"2125\" data-end=\"2147\">Mikrov\u00e5g: 10.525 GHz<\/p>\n<\/li>\n<li data-start=\"2148\" data-end=\"2192\">\n<p data-start=\"2150\" data-end=\"2192\">Sp\u00e4nningsmatning: 9 &#8211; 16 VDC (12 V nom.)<\/p>\n<\/li>\n<li data-start=\"2193\" data-end=\"2221\">\n<p data-start=\"2195\" data-end=\"2221\">Str\u00f6mf\u00f6rbrukning: 6,3 mA<\/p>\n<\/li>\n<li data-start=\"2222\" data-end=\"2259\">\n<p data-start=\"2224\" data-end=\"2259\">Arbetstemperatur: -10\u00b0 till +55\u00b0C<\/p>\n<\/li>\n<li data-start=\"2260\" data-end=\"2301\">\n<p data-start=\"2262\" data-end=\"2301\">Kapslingsklass (EN60529): IP41 \/ IK02<\/p>\n<\/li>\n<li data-start=\"2302\" data-end=\"2338\">\n<p data-start=\"2304\" data-end=\"2338\">Godk\u00e4nnande: EN50131-2-4 grade 2<\/p>\n<\/li>\n<li data-start=\"2339\" data-end=\"2377\">\n<p data-start=\"2341\" data-end=\"2377\">M\u00e5tt (B x H x D): 64 x 147 x 35 mm<\/p>\n<\/li>\n<li data-start=\"2378\" data-end=\"2396\">\n<p data-start=\"2380\" data-end=\"2396\">Vikt: 0,125 kg<\/p>\n<\/li>\n<\/ul>","protected":false},"excerpt":{"rendered":"<p>Kombi r\u00f6relsedetektor (IR\/MV) med antimask och 18 meter vidvinkel.<\/p>\n<p>MAGIC spegel, Matchtec-algoritm och l\u00e5g str\u00f6mf\u00f6rbrukning f\u00f6r h\u00f6g s\u00e4kerhet.<\/p>","protected":false},"featured_media":83573,"template":"","meta":{"_acf_changed":false},"product_brand":[],"product_cat":[2615],"product_tag":[1460,1846],"class_list":{"0":"post-31986","1":"product","2":"type-product","3":"status-publish","4":"has-post-thumbnail","6":"product_cat-rorelse-detektorer","7":"product_tag-rorelsedetektor-kombidetektorer","8":"product_tag-sbsc-larmklass3","9":"product_shipping_class-tunga-paket","10":"pa_brands-6vanderbilt","11":"tm-no-options","13":"first","14":"instock","15":"sale","16":"taxable","17":"shipping-taxable","18":"product-type-simple"},"acf":[],"_links":{"self":[{"href":"https:\/\/stonehouse.se\/en\/wp-json\/wp\/v2\/product\/31986","targetHints":{"allow":["GET"]}}],"collection":[{"href":"https:\/\/stonehouse.se\/en\/wp-json\/wp\/v2\/product"}],"about":[{"href":"https:\/\/stonehouse.se\/en\/wp-json\/wp\/v2\/types\/product"}],"wp:featuredmedia":[{"embeddable":true,"href":"https:\/\/stonehouse.se\/en\/wp-json\/wp\/v2\/media\/83573"}],"wp:attachment":[{"href":"https:\/\/stonehouse.se\/en\/wp-json\/wp\/v2\/media?parent=31986"}],"wp:term":[{"taxonomy":"product_brand","embeddable":true,"href":"https:\/\/stonehouse.se\/en\/wp-json\/wp\/v2\/product_brand?post=31986"},{"taxonomy":"product_cat","embeddable":true,"href":"https:\/\/stonehouse.se\/en\/wp-json\/wp\/v2\/product_cat?post=31986"},{"taxonomy":"product_tag","embeddable":true,"href":"https:\/\/stonehouse.se\/en\/wp-json\/wp\/v2\/product_tag?post=31986"}],"curies":[{"name":"wp","href":"https:\/\/api.w.org\/{rel}","templated":true}]}}