
{"id":31988,"date":"2022-06-28T12:28:41","date_gmt":"2022-06-28T10:28:41","guid":{"rendered":"https:\/\/stonehouse.se\/produkt\/kombidetektor-pdm-ixa12t\/"},"modified":"2026-04-08T16:56:40","modified_gmt":"2026-04-08T14:56:40","slug":"kombidetektor-pdm-ixa12t","status":"publish","type":"product","link":"https:\/\/stonehouse.se\/en\/product\/kombidetektor-pdm-ixa12t\/","title":{"rendered":"Vanderbilt ACRE I  Kombidetektor PDM-IXA12T Antismask &#8211; 12 meter vidvinkel"},"content":{"rendered":"<h1 data-start=\"336\" data-end=\"1428\">UTC Kombidetektor PDM-IXA12T Antimask &#8211; 12 meter vidvinkel<\/h1>\n<p data-start=\"336\" data-end=\"1428\">UTC Kombidetektor PDM-IXA12T Antimask \u00e4r en elegant och modern designad detektor som kombinerar IR- och mikrov\u00e5gsteknik f\u00f6r exakt och p\u00e5litlig detektion.<\/p>\n<p data-start=\"336\" data-end=\"1428\">Med ett t\u00e4ckningsomr\u00e5de p\u00e5 12 meter och antimaskfunktion s\u00e4kerst\u00e4ller denna detektor h\u00f6g s\u00e4kerhet och minimerar risken f\u00f6r obefogade larm.<br data-start=\"658\" data-end=\"661\" \/>Den vidareutvecklade Matchtec-algoritmen och den patenterade MAGIC-spegeln g\u00f6r det m\u00f6jligt f\u00f6r PDM-IXA12T att ge en p\u00e5litlig och exakt detektering av inkr\u00e4ktare, och effektivt filtrera bort o\u00f6nskade st\u00f6rsignaler.<\/p>\n<p data-start=\"336\" data-end=\"1428\">Den unika spegeloptiken har ett glidande fokus som s\u00e4kerst\u00e4ller att sensorn aldrig tappar inkr\u00e4ktaren ur sikte.<br data-start=\"985\" data-end=\"988\" \/>F\u00f6r enkel och snabb installation \u00e4r PDM-IXA12T utrustad med ett nytt g\u00e5ngtestf\u00f6rfarande och ett EOL-system, vilket g\u00f6r installationen b\u00e5de snabb och effektiv.<\/p>\n<p data-start=\"336\" data-end=\"1428\">Den har en l\u00e5g str\u00f6mf\u00f6rbrukning p\u00e5 4,8 mA och en sp\u00e4nningsmatning p\u00e5 9-16 VDC, vilket g\u00f6r den b\u00e5de energieffektiv och tillf\u00f6rlitlig.<\/p>\n<p data-start=\"336\" data-end=\"1428\">Den \u00e4r certifierad enligt EN50131-2-4 grade 2 och har en kapslingsklass IP41 \/ IK02, vilket g\u00f6r den robust och s\u00e4ker f\u00f6r anv\u00e4ndning i olika milj\u00f6er.<\/p>\n<p data-start=\"1430\" data-end=\"1460\"><strong data-start=\"1430\" data-end=\"1458\">Funktioner och f\u00f6rdelar:<\/strong><\/p>\n<ul data-start=\"1461\" data-end=\"1922\">\n<li data-start=\"1461\" data-end=\"1520\">\n<p data-start=\"1463\" data-end=\"1520\">12 meter t\u00e4ckning och vidvinkel f\u00f6r omfattande s\u00e4kerhet<\/p>\n<\/li>\n<li data-start=\"1521\" data-end=\"1586\">\n<p data-start=\"1523\" data-end=\"1586\">Antimaskfunktion f\u00f6r att skydda mot sabotage och \u00f6vert\u00e4ckning<\/p>\n<\/li>\n<li data-start=\"1587\" data-end=\"1661\">\n<p data-start=\"1589\" data-end=\"1661\">MAGIC spegeloptik och Matchtec-algoritm f\u00f6r h\u00f6g precision och s\u00e4kerhet<\/p>\n<\/li>\n<li data-start=\"1662\" data-end=\"1721\">\n<p data-start=\"1664\" data-end=\"1721\">L\u00e5g str\u00f6mf\u00f6rbrukning (4,8 mA) och energieffektiv design<\/p>\n<\/li>\n<li data-start=\"1722\" data-end=\"1787\">\n<p data-start=\"1724\" data-end=\"1787\">Nytt g\u00e5ngtestf\u00f6rfarande och EOL-system f\u00f6r snabb installation<\/p>\n<\/li>\n<li data-start=\"1788\" data-end=\"1861\">\n<p data-start=\"1790\" data-end=\"1861\">Certifierad enligt EN50131-2-4 grade 2 och kapslingsklass IP41 \/ IK02<\/p>\n<\/li>\n<li data-start=\"1862\" data-end=\"1922\">\n<p data-start=\"1864\" data-end=\"1922\">Kompakt och modern design som passar i alla installationer<\/p>\n<\/li>\n<\/ul>\n<p data-start=\"1924\" data-end=\"1955\"><strong data-start=\"1924\" data-end=\"1953\">Tekniska specifikationer:<\/strong><\/p>\n<ul data-start=\"1956\" data-end=\"2298\">\n<li data-start=\"1956\" data-end=\"1978\">\n<p data-start=\"1958\" data-end=\"1978\">T\u00e4ckning: 12 meter<\/p>\n<\/li>\n<li data-start=\"1979\" data-end=\"2011\">\n<p data-start=\"1981\" data-end=\"2011\">Optiskt system: MAGIC spegel<\/p>\n<\/li>\n<li data-start=\"2012\" data-end=\"2036\">\n<p data-start=\"2014\" data-end=\"2036\">Mikrov\u00e5g: 10.525 GHz<\/p>\n<\/li>\n<li data-start=\"2037\" data-end=\"2053\">\n<p data-start=\"2039\" data-end=\"2053\">Antimask: Ja<\/p>\n<\/li>\n<li data-start=\"2054\" data-end=\"2098\">\n<p data-start=\"2056\" data-end=\"2098\">Sp\u00e4nningsmatning: 9 &#8211; 16 VDC (12 V nom.)<\/p>\n<\/li>\n<li data-start=\"2099\" data-end=\"2127\">\n<p data-start=\"2101\" data-end=\"2127\">Str\u00f6mf\u00f6rbrukning: 4,8 mA<\/p>\n<\/li>\n<li data-start=\"2128\" data-end=\"2165\">\n<p data-start=\"2130\" data-end=\"2165\">Arbetstemperatur: -10\u00b0 till +55\u00b0C<\/p>\n<\/li>\n<li data-start=\"2166\" data-end=\"2207\">\n<p data-start=\"2168\" data-end=\"2207\">Kapslingsklass (EN60529): IP41 \/ IK02<\/p>\n<\/li>\n<li data-start=\"2208\" data-end=\"2244\">\n<p data-start=\"2210\" data-end=\"2244\">Godk\u00e4nnande: EN50131-2-4 grade 2<\/p>\n<\/li>\n<li data-start=\"2245\" data-end=\"2283\">\n<p data-start=\"2247\" data-end=\"2283\">M\u00e5tt (B x H x D): 57 x 128 x 32 mm<\/p>\n<\/li>\n<li data-start=\"2284\" data-end=\"2298\">\n<p data-start=\"2286\" data-end=\"2298\">Vikt: 0,1 kg<\/p>\n<\/li>\n<\/ul>","protected":false},"excerpt":{"rendered":"<p>Kombi r\u00f6relsedetektor (IR\/MV) med antimask och 12 meter t\u00e4ckning.<\/p>\n<p>MAGIC spegeloptik, Matchtec-algoritm och l\u00e5g str\u00f6mf\u00f6rbrukning f\u00f6r h\u00f6g s\u00e4kerhet.<\/p>","protected":false},"featured_media":84005,"template":"","meta":{"_acf_changed":false},"product_brand":[],"product_cat":[2615],"product_tag":[1460,1846],"class_list":{"0":"post-31988","1":"product","2":"type-product","3":"status-publish","4":"has-post-thumbnail","6":"product_cat-rorelse-detektorer","7":"product_tag-rorelsedetektor-kombidetektorer","8":"product_tag-sbsc-larmklass3","9":"product_shipping_class-tunga-paket","10":"pa_brands-6vanderbilt","11":"tm-no-options","13":"first","14":"outofstock","15":"sale","16":"taxable","17":"shipping-taxable","18":"product-type-simple"},"acf":[],"_links":{"self":[{"href":"https:\/\/stonehouse.se\/en\/wp-json\/wp\/v2\/product\/31988","targetHints":{"allow":["GET"]}}],"collection":[{"href":"https:\/\/stonehouse.se\/en\/wp-json\/wp\/v2\/product"}],"about":[{"href":"https:\/\/stonehouse.se\/en\/wp-json\/wp\/v2\/types\/product"}],"wp:featuredmedia":[{"embeddable":true,"href":"https:\/\/stonehouse.se\/en\/wp-json\/wp\/v2\/media\/84005"}],"wp:attachment":[{"href":"https:\/\/stonehouse.se\/en\/wp-json\/wp\/v2\/media?parent=31988"}],"wp:term":[{"taxonomy":"product_brand","embeddable":true,"href":"https:\/\/stonehouse.se\/en\/wp-json\/wp\/v2\/product_brand?post=31988"},{"taxonomy":"product_cat","embeddable":true,"href":"https:\/\/stonehouse.se\/en\/wp-json\/wp\/v2\/product_cat?post=31988"},{"taxonomy":"product_tag","embeddable":true,"href":"https:\/\/stonehouse.se\/en\/wp-json\/wp\/v2\/product_tag?post=31988"}],"curies":[{"name":"wp","href":"https:\/\/api.w.org\/{rel}","templated":true}]}}