
{"id":31990,"date":"2022-06-28T12:28:35","date_gmt":"2022-06-28T10:28:35","guid":{"rendered":"https:\/\/stonehouse.se\/produkt\/kombidetektor-pdm-ixa12\/"},"modified":"2026-04-08T16:56:54","modified_gmt":"2026-04-08T14:56:54","slug":"kombidetektor-pdm-ixa12","status":"publish","type":"product","link":"https:\/\/stonehouse.se\/en\/product\/kombidetektor-pdm-ixa12\/","title":{"rendered":"Vanderbilt ACRE I  Kombidetektor PDM-IXA12 &#8211; 12 meter vidvinkel"},"content":{"rendered":"<h1 data-start=\"325\" data-end=\"1458\">UTC Kombidetektor PDM-IXA12 &#8211; 12 meter vidvinkel<\/h1>\n<p data-start=\"325\" data-end=\"1458\">UTC Kombidetektor PDM-IXA12 \u00e4r en modern och elegant designad r\u00f6relsedetektor som kombinerar IR- och mikrov\u00e5gsteknologi f\u00f6r p\u00e5litlig och exakt detektion.<\/p>\n<p data-start=\"325\" data-end=\"1458\">Med ett t\u00e4ckningsomr\u00e5de p\u00e5 12 meter och husdjursimmunitet som kan aktiveras via PO-CL Pet-klipps, ger denna detektor h\u00f6g s\u00e4kerhet och minimerar risken f\u00f6r falsklarm i milj\u00f6er med husdjur.<br data-start=\"696\" data-end=\"699\" \/>PDM-IXA12 anv\u00e4nder den patenterade MAGIC-spegeln och den vidareutvecklade Matchtec-algoritmen f\u00f6r att ge noggrann detektering av inkr\u00e4ktare, samtidigt som den effektivt filtrerar bort st\u00f6rningar och o\u00f6nskade signaler.<\/p>\n<p data-start=\"325\" data-end=\"1458\">Den unika spegeloptiken har ett glidande fokus som g\u00f6r att detektorn aldrig tappar inkr\u00e4ktaren ur sikte.<br data-start=\"1021\" data-end=\"1024\" \/>F\u00f6r att s\u00e4kerst\u00e4lla snabb installation \u00e4r PDM-IXA12 utrustad med ett nytt g\u00e5ngtestf\u00f6rfarande och ett nytt EOL-system, vilket g\u00f6r installationen enkel och effektiv.<\/p>\n<p data-start=\"325\" data-end=\"1458\">Den har en l\u00e5g str\u00f6mf\u00f6rbrukning p\u00e5 4,8 mA och en sp\u00e4nningsmatning p\u00e5 9-16 VDC, vilket g\u00f6r den b\u00e5de energieffektiv och tillf\u00f6rlitlig.<\/p>\n<p data-start=\"325\" data-end=\"1458\">Certifierad enligt EN50131-2-4 grade 2 och kapslingsklass IP41 \/ IK02, \u00e4r denna detektor robust och s\u00e4ker f\u00f6r anv\u00e4ndning i olika milj\u00f6er.<\/p>\n<p data-start=\"1460\" data-end=\"1490\"><strong data-start=\"1460\" data-end=\"1488\">Funktioner och f\u00f6rdelar:<\/strong><\/p>\n<ul data-start=\"1491\" data-end=\"1972\">\n<li data-start=\"1491\" data-end=\"1549\">\n<p data-start=\"1493\" data-end=\"1549\">12 meter t\u00e4ckning med vidvinkel f\u00f6r effektiv detektion<\/p>\n<\/li>\n<li data-start=\"1550\" data-end=\"1636\">\n<p data-start=\"1552\" data-end=\"1636\">Husdjursimmunitet (kan aktiveras via PO-CL Pet-klipps) f\u00f6r att f\u00f6rhindra falsklarm<\/p>\n<\/li>\n<li data-start=\"1637\" data-end=\"1711\">\n<p data-start=\"1639\" data-end=\"1711\">MAGIC spegeloptik och Matchtec-algoritm f\u00f6r h\u00f6g precision och s\u00e4kerhet<\/p>\n<\/li>\n<li data-start=\"1712\" data-end=\"1771\">\n<p data-start=\"1714\" data-end=\"1771\">L\u00e5g str\u00f6mf\u00f6rbrukning (4,8 mA) och energieffektiv design<\/p>\n<\/li>\n<li data-start=\"1772\" data-end=\"1837\">\n<p data-start=\"1774\" data-end=\"1837\">Nytt g\u00e5ngtestf\u00f6rfarande och EOL-system f\u00f6r snabb installation<\/p>\n<\/li>\n<li data-start=\"1838\" data-end=\"1911\">\n<p data-start=\"1840\" data-end=\"1911\">Certifierad enligt EN50131-2-4 grade 2 och kapslingsklass IP41 \/ IK02<\/p>\n<\/li>\n<li data-start=\"1912\" data-end=\"1972\">\n<p data-start=\"1914\" data-end=\"1972\">Kompakt och modern design som passar i alla installationer<\/p>\n<\/li>\n<\/ul>\n<p data-start=\"1974\" data-end=\"2005\"><strong data-start=\"1974\" data-end=\"2003\">Tekniska specifikationer:<\/strong><\/p>\n<ul data-start=\"2006\" data-end=\"2382\">\n<li data-start=\"2006\" data-end=\"2028\">\n<p data-start=\"2008\" data-end=\"2028\">T\u00e4ckning: 12 meter<\/p>\n<\/li>\n<li data-start=\"2029\" data-end=\"2061\">\n<p data-start=\"2031\" data-end=\"2061\">Optiskt system: MAGIC spegel<\/p>\n<\/li>\n<li data-start=\"2062\" data-end=\"2086\">\n<p data-start=\"2064\" data-end=\"2086\">Mikrov\u00e5g: 10.525 GHz<\/p>\n<\/li>\n<li data-start=\"2087\" data-end=\"2135\">\n<p data-start=\"2089\" data-end=\"2135\">Husdjursimmunitet: Ja (via PO-CL Pet-klipps)<\/p>\n<\/li>\n<li data-start=\"2136\" data-end=\"2180\">\n<p data-start=\"2138\" data-end=\"2180\">Sp\u00e4nningsmatning: 9 &#8211; 16 VDC (12 V nom.)<\/p>\n<\/li>\n<li data-start=\"2181\" data-end=\"2209\">\n<p data-start=\"2183\" data-end=\"2209\">Str\u00f6mf\u00f6rbrukning: 4,8 mA<\/p>\n<\/li>\n<li data-start=\"2210\" data-end=\"2247\">\n<p data-start=\"2212\" data-end=\"2247\">Arbetstemperatur: -10\u00b0 till +55\u00b0C<\/p>\n<\/li>\n<li data-start=\"2248\" data-end=\"2289\">\n<p data-start=\"2250\" data-end=\"2289\">Kapslingsklass (EN60529): IP41 \/ IK02<\/p>\n<\/li>\n<li data-start=\"2290\" data-end=\"2326\">\n<p data-start=\"2292\" data-end=\"2326\">Godk\u00e4nnande: EN50131-2-4 grade 2<\/p>\n<\/li>\n<li data-start=\"2327\" data-end=\"2365\">\n<p data-start=\"2329\" data-end=\"2365\">M\u00e5tt (B x H x D): 57 x 128 x 32 mm<\/p>\n<\/li>\n<li data-start=\"2366\" data-end=\"2382\">\n<p data-start=\"2368\" data-end=\"2382\">Vikt: 0,1 kg<\/p>\n<\/li>\n<\/ul>","protected":false},"excerpt":{"rendered":"<p>Kombi r\u00f6relsedetektor (IR\/MV) med 12 meter t\u00e4ckning och husdjursimmunitet.<\/p>\n<p>MAGIC spegeloptik och Matchtec-algoritm f\u00f6r exakt detektering och h\u00f6g s\u00e4kerhet.<\/p>","protected":false},"featured_media":83514,"template":"","meta":{"_acf_changed":false},"product_brand":[],"product_cat":[2615],"product_tag":[1460,1848],"class_list":{"0":"post-31990","1":"product","2":"type-product","3":"status-publish","4":"has-post-thumbnail","6":"product_cat-rorelse-detektorer","7":"product_tag-rorelsedetektor-kombidetektorer","8":"product_tag-sbsc-larmklass2","9":"product_shipping_class-tunga-paket","10":"pa_brands-6vanderbilt","11":"tm-no-options","13":"first","14":"instock","15":"sale","16":"taxable","17":"shipping-taxable","18":"product-type-simple"},"acf":[],"_links":{"self":[{"href":"https:\/\/stonehouse.se\/en\/wp-json\/wp\/v2\/product\/31990","targetHints":{"allow":["GET"]}}],"collection":[{"href":"https:\/\/stonehouse.se\/en\/wp-json\/wp\/v2\/product"}],"about":[{"href":"https:\/\/stonehouse.se\/en\/wp-json\/wp\/v2\/types\/product"}],"wp:featuredmedia":[{"embeddable":true,"href":"https:\/\/stonehouse.se\/en\/wp-json\/wp\/v2\/media\/83514"}],"wp:attachment":[{"href":"https:\/\/stonehouse.se\/en\/wp-json\/wp\/v2\/media?parent=31990"}],"wp:term":[{"taxonomy":"product_brand","embeddable":true,"href":"https:\/\/stonehouse.se\/en\/wp-json\/wp\/v2\/product_brand?post=31990"},{"taxonomy":"product_cat","embeddable":true,"href":"https:\/\/stonehouse.se\/en\/wp-json\/wp\/v2\/product_cat?post=31990"},{"taxonomy":"product_tag","embeddable":true,"href":"https:\/\/stonehouse.se\/en\/wp-json\/wp\/v2\/product_tag?post=31990"}],"curies":[{"name":"wp","href":"https:\/\/api.w.org\/{rel}","templated":true}]}}