
{"id":32885,"date":"2022-06-23T15:29:04","date_gmt":"2022-06-23T13:29:04","guid":{"rendered":"https:\/\/stonehouse.se\/produkt\/kapsling-anropsapparat-care2\/"},"modified":"2026-04-08T16:52:33","modified_gmt":"2026-04-08T14:52:33","slug":"kapsling-anropsapparat-care2","status":"publish","type":"product","link":"https:\/\/stonehouse.se\/en\/product\/kapsling-anropsapparat-care2\/","title":{"rendered":"Kapsling Anropsapparat Care2"},"content":{"rendered":"<p>Utanp\u00e5liggande kapsling f\u00f6r anropsapparat C2RRGPB-SV i kr\u00e4vande milj\u00f6er. Gr\u00f6nlackerad st\u00e5lkapsling med l\u00e5sbar lucka. IP66.<\/p>","protected":false},"excerpt":{"rendered":"<p>Utanp\u00e5liggande kapsling f\u00f6r anropsapparat C2RRGPB-SV i kr\u00e4vande milj\u00f6er. Gr\u00f6nlackerad st\u00e5lkapsling med l\u00e5sbar lucka. IP66.<\/p>","protected":false},"featured_media":83616,"template":"","meta":{"_acf_changed":false},"product_brand":[],"product_cat":[523],"product_tag":[],"class_list":{"0":"post-32885","1":"product","2":"type-product","3":"status-publish","4":"has-post-thumbnail","6":"product_cat-tillbehor-till-rwc-larm","7":"product_shipping_class-tunga-paket","8":"pa_farg-gron","9":"tm-no-options","11":"first","12":"outofstock","13":"sale","14":"taxable","15":"shipping-taxable","16":"product-type-simple"},"acf":[],"_links":{"self":[{"href":"https:\/\/stonehouse.se\/en\/wp-json\/wp\/v2\/product\/32885","targetHints":{"allow":["GET"]}}],"collection":[{"href":"https:\/\/stonehouse.se\/en\/wp-json\/wp\/v2\/product"}],"about":[{"href":"https:\/\/stonehouse.se\/en\/wp-json\/wp\/v2\/types\/product"}],"wp:featuredmedia":[{"embeddable":true,"href":"https:\/\/stonehouse.se\/en\/wp-json\/wp\/v2\/media\/83616"}],"wp:attachment":[{"href":"https:\/\/stonehouse.se\/en\/wp-json\/wp\/v2\/media?parent=32885"}],"wp:term":[{"taxonomy":"product_brand","embeddable":true,"href":"https:\/\/stonehouse.se\/en\/wp-json\/wp\/v2\/product_brand?post=32885"},{"taxonomy":"product_cat","embeddable":true,"href":"https:\/\/stonehouse.se\/en\/wp-json\/wp\/v2\/product_cat?post=32885"},{"taxonomy":"product_tag","embeddable":true,"href":"https:\/\/stonehouse.se\/en\/wp-json\/wp\/v2\/product_tag?post=32885"}],"curies":[{"name":"wp","href":"https:\/\/api.w.org\/{rel}","templated":true}]}}