
{"id":32887,"date":"2022-06-23T15:28:53","date_gmt":"2022-06-23T13:28:53","guid":{"rendered":"https:\/\/stonehouse.se\/produkt\/rwc-trafo-230v-24v-dc-s-1-vit\/"},"modified":"2026-04-08T16:53:16","modified_gmt":"2026-04-08T14:53:16","slug":"rwc-trafo-230v-24v-dc-s-1-vit","status":"publish","type":"product","link":"https:\/\/stonehouse.se\/en\/product\/rwc-trafo-230v-24v-dc-s-1-vit\/","title":{"rendered":"Rwc Trafo 230V\/24V Dc S.1 Vit"},"content":{"rendered":"<p>Huvudtransformator med ram, skruvanslutning, utg\u00e5ende str\u00f6m max 250mA, ing\u00e5ende str\u00f6m max 180, 100-240V~, 50-60Hz, 24V. Serie S.1, Vit.<\/p>","protected":false},"excerpt":{"rendered":"<p>Huvudtransformator med ram, skruvanslutning, utg\u00e5ende str\u00f6m max 250mA, ing\u00e5ende str\u00f6m max 180, 100-240V~, 50-60Hz, 24V. Serie S.1, Vit.<\/p>","protected":false},"featured_media":83561,"template":"","meta":{"_acf_changed":false},"product_brand":[],"product_cat":[524],"product_tag":[],"class_list":{"0":"post-32887","1":"product","2":"type-product","3":"status-publish","4":"has-post-thumbnail","6":"product_cat-stromforsorjning-till-rwc-larm","7":"product_shipping_class-tunga-paket","8":"pa_farg-vit","9":"tm-no-options","11":"first","12":"outofstock","13":"sale","14":"taxable","15":"shipping-taxable","16":"product-type-simple"},"acf":[],"_links":{"self":[{"href":"https:\/\/stonehouse.se\/en\/wp-json\/wp\/v2\/product\/32887","targetHints":{"allow":["GET"]}}],"collection":[{"href":"https:\/\/stonehouse.se\/en\/wp-json\/wp\/v2\/product"}],"about":[{"href":"https:\/\/stonehouse.se\/en\/wp-json\/wp\/v2\/types\/product"}],"wp:featuredmedia":[{"embeddable":true,"href":"https:\/\/stonehouse.se\/en\/wp-json\/wp\/v2\/media\/83561"}],"wp:attachment":[{"href":"https:\/\/stonehouse.se\/en\/wp-json\/wp\/v2\/media?parent=32887"}],"wp:term":[{"taxonomy":"product_brand","embeddable":true,"href":"https:\/\/stonehouse.se\/en\/wp-json\/wp\/v2\/product_brand?post=32887"},{"taxonomy":"product_cat","embeddable":true,"href":"https:\/\/stonehouse.se\/en\/wp-json\/wp\/v2\/product_cat?post=32887"},{"taxonomy":"product_tag","embeddable":true,"href":"https:\/\/stonehouse.se\/en\/wp-json\/wp\/v2\/product_tag?post=32887"}],"curies":[{"name":"wp","href":"https:\/\/api.w.org\/{rel}","templated":true}]}}