
{"id":32889,"date":"2022-06-23T15:28:45","date_gmt":"2022-06-23T13:28:45","guid":{"rendered":"https:\/\/stonehouse.se\/produkt\/sladdtr-kn-med-signut-p-v\/"},"modified":"2026-04-08T16:45:25","modified_gmt":"2026-04-08T14:45:25","slug":"sladdtr-kn-med-signut-p-v","status":"publish","type":"product","link":"https:\/\/stonehouse.se\/en\/product\/sladdtr-kn-med-signut-p-v\/","title":{"rendered":"Sladdtr Kn Med Signut P-V"},"content":{"rendered":"<p>RWC sladdtryckknapp med telepropp till RWC n\u00f6dsignalsknapp med signaluttag (53 063 38). Levereras inklusive h\u00e5llare. 1-polig slutande, max 20V DC, max 20mA, l\u00e4ngd 2 meter, 2-polig anslutningspropp 6,35mm. Tillverkad i termoplast.<\/p>","protected":false},"excerpt":{"rendered":"<p>RWC sladdtryckknapp med telepropp till RWC n\u00f6dsignalsknapp med signaluttag (53 063 38). Levereras inklusive h\u00e5llare. 1-polig slutande, max 20V DC,<\/p>","protected":false},"featured_media":83681,"template":"","meta":{"_acf_changed":false},"product_brand":[],"product_cat":[523],"product_tag":[],"class_list":{"0":"post-32889","1":"product","2":"type-product","3":"status-publish","4":"has-post-thumbnail","6":"product_cat-tillbehor-till-rwc-larm","7":"product_shipping_class-tunga-paket","8":"pa_farg-vit","9":"tm-no-options","11":"first","12":"instock","13":"sale","14":"taxable","15":"shipping-taxable","16":"product-type-simple"},"acf":[],"_links":{"self":[{"href":"https:\/\/stonehouse.se\/en\/wp-json\/wp\/v2\/product\/32889","targetHints":{"allow":["GET"]}}],"collection":[{"href":"https:\/\/stonehouse.se\/en\/wp-json\/wp\/v2\/product"}],"about":[{"href":"https:\/\/stonehouse.se\/en\/wp-json\/wp\/v2\/types\/product"}],"wp:featuredmedia":[{"embeddable":true,"href":"https:\/\/stonehouse.se\/en\/wp-json\/wp\/v2\/media\/83681"}],"wp:attachment":[{"href":"https:\/\/stonehouse.se\/en\/wp-json\/wp\/v2\/media?parent=32889"}],"wp:term":[{"taxonomy":"product_brand","embeddable":true,"href":"https:\/\/stonehouse.se\/en\/wp-json\/wp\/v2\/product_brand?post=32889"},{"taxonomy":"product_cat","embeddable":true,"href":"https:\/\/stonehouse.se\/en\/wp-json\/wp\/v2\/product_cat?post=32889"},{"taxonomy":"product_tag","embeddable":true,"href":"https:\/\/stonehouse.se\/en\/wp-json\/wp\/v2\/product_tag?post=32889"}],"curies":[{"name":"wp","href":"https:\/\/api.w.org\/{rel}","templated":true}]}}