
{"id":32895,"date":"2022-06-23T15:27:05","date_gmt":"2022-06-23T13:27:05","guid":{"rendered":"https:\/\/stonehouse.se\/produkt\/rwc-aterstallningskn-s-1-vit\/"},"modified":"2026-04-08T16:46:53","modified_gmt":"2026-04-08T14:46:53","slug":"rwc-aterstallningskn-s-1-vit","status":"publish","type":"product","link":"https:\/\/stonehouse.se\/en\/product\/rwc-aterstallningskn-s-1-vit\/","title":{"rendered":"Rwc \u00c5terst\u00e4llningskn S.1 Vit"},"content":{"rendered":"<p>\u00c5terst\u00e4llningsknapp med ram, f\u00f6r avst\u00e4ngning alarmsignal (signallampa), skruvanslutning, -5 -+40\u00b0C, 24 V, Serie berker S.1, Vit.<\/p>","protected":false},"excerpt":{"rendered":"<p>\u00c5terst\u00e4llningsknapp med ram, f\u00f6r avst\u00e4ngning alarmsignal (signallampa), skruvanslutning, -5 -+40\u00b0C, 24 V, Serie berker S.1, Vit.<\/p>","protected":false},"featured_media":84070,"template":"","meta":{"_acf_changed":false},"product_brand":[],"product_cat":[525],"product_tag":[],"class_list":{"0":"post-32895","1":"product","2":"type-product","3":"status-publish","4":"has-post-thumbnail","6":"product_cat-komponenter-till-rwc-larm","7":"product_shipping_class-tunga-paket","8":"pa_farg-vit","9":"tm-no-options","11":"first","12":"outofstock","13":"sale","14":"taxable","15":"shipping-taxable","16":"product-type-simple"},"acf":[],"_links":{"self":[{"href":"https:\/\/stonehouse.se\/en\/wp-json\/wp\/v2\/product\/32895","targetHints":{"allow":["GET"]}}],"collection":[{"href":"https:\/\/stonehouse.se\/en\/wp-json\/wp\/v2\/product"}],"about":[{"href":"https:\/\/stonehouse.se\/en\/wp-json\/wp\/v2\/types\/product"}],"wp:featuredmedia":[{"embeddable":true,"href":"https:\/\/stonehouse.se\/en\/wp-json\/wp\/v2\/media\/84070"}],"wp:attachment":[{"href":"https:\/\/stonehouse.se\/en\/wp-json\/wp\/v2\/media?parent=32895"}],"wp:term":[{"taxonomy":"product_brand","embeddable":true,"href":"https:\/\/stonehouse.se\/en\/wp-json\/wp\/v2\/product_brand?post=32895"},{"taxonomy":"product_cat","embeddable":true,"href":"https:\/\/stonehouse.se\/en\/wp-json\/wp\/v2\/product_cat?post=32895"},{"taxonomy":"product_tag","embeddable":true,"href":"https:\/\/stonehouse.se\/en\/wp-json\/wp\/v2\/product_tag?post=32895"}],"curies":[{"name":"wp","href":"https:\/\/api.w.org\/{rel}","templated":true}]}}