
{"id":32897,"date":"2022-06-23T15:26:29","date_gmt":"2022-06-23T13:26:29","guid":{"rendered":"https:\/\/stonehouse.se\/produkt\/rwc-nodknapp-med-dragkontakt\/"},"modified":"2026-04-08T16:44:47","modified_gmt":"2026-04-08T14:44:47","slug":"rwc-nodknapp-med-dragkontakt","status":"publish","type":"product","link":"https:\/\/stonehouse.se\/en\/product\/rwc-nodknapp-med-dragkontakt\/","title":{"rendered":"Rwc N\u00f6dknapp Med Dragkontakt"},"content":{"rendered":"<p>N\u00f6dsignalknapp med dragkontakt (2m sn\u00f6re) kombineras med apparater ur Exxact RWC-sortimentet f\u00f6r komplett system. F\u00f6r montage i apparatdosa c\/c 60mm alternativt utanp\u00e5liggande montage i dosa 21mm. Kompletteras med valfri Exxact-ram.<\/p>","protected":false},"excerpt":{"rendered":"<p>N\u00f6dsignalknapp med dragkontakt (2m sn\u00f6re) kombineras med apparater ur Exxact RWC-sortimentet f\u00f6r komplett system. F\u00f6r montage i apparatdosa c\/c 60mm<\/p>","protected":false},"featured_media":83695,"template":"","meta":{"_acf_changed":false},"product_brand":[],"product_cat":[525],"product_tag":[],"class_list":{"0":"post-32897","1":"product","2":"type-product","3":"status-publish","4":"has-post-thumbnail","6":"product_cat-komponenter-till-rwc-larm","7":"product_shipping_class-tunga-paket","8":"pa_farg-vit","9":"tm-no-options","11":"first","12":"instock","13":"sale","14":"taxable","15":"shipping-taxable","16":"product-type-simple"},"acf":[],"_links":{"self":[{"href":"https:\/\/stonehouse.se\/en\/wp-json\/wp\/v2\/product\/32897","targetHints":{"allow":["GET"]}}],"collection":[{"href":"https:\/\/stonehouse.se\/en\/wp-json\/wp\/v2\/product"}],"about":[{"href":"https:\/\/stonehouse.se\/en\/wp-json\/wp\/v2\/types\/product"}],"wp:featuredmedia":[{"embeddable":true,"href":"https:\/\/stonehouse.se\/en\/wp-json\/wp\/v2\/media\/83695"}],"wp:attachment":[{"href":"https:\/\/stonehouse.se\/en\/wp-json\/wp\/v2\/media?parent=32897"}],"wp:term":[{"taxonomy":"product_brand","embeddable":true,"href":"https:\/\/stonehouse.se\/en\/wp-json\/wp\/v2\/product_brand?post=32897"},{"taxonomy":"product_cat","embeddable":true,"href":"https:\/\/stonehouse.se\/en\/wp-json\/wp\/v2\/product_cat?post=32897"},{"taxonomy":"product_tag","embeddable":true,"href":"https:\/\/stonehouse.se\/en\/wp-json\/wp\/v2\/product_tag?post=32897"}],"curies":[{"name":"wp","href":"https:\/\/api.w.org\/{rel}","templated":true}]}}