
{"id":32899,"date":"2022-06-23T15:26:04","date_gmt":"2022-06-23T13:26:04","guid":{"rendered":"https:\/\/stonehouse.se\/produkt\/grupplampa\/"},"modified":"2026-04-08T16:47:46","modified_gmt":"2026-04-08T14:47:46","slug":"grupplampa","status":"publish","type":"product","link":"https:\/\/stonehouse.se\/en\/product\/grupplampa\/","title":{"rendered":"Grupplampa"},"content":{"rendered":"<p>Grupplampa med summer. Grupplampa med r\u00f6d lysdiodindikering och justerbar summerton. M\u00e4rksp\u00e4nning: 24V AC\/DC. F\u00f6r montage p\u00e5 r\u00f6rutlopp eller p\u00e5 apparatdosa med 60mm f\u00e4stskruvavst\u00e5nd. M\u00e5tt: 85&#215;85 mm. F\u00e4rg vit<\/p>","protected":false},"excerpt":{"rendered":"<p>Grupplampa med summer. Grupplampa med r\u00f6d lysdiodindikering och justerbar summerton. M\u00e4rksp\u00e4nning: 24V AC\/DC. F\u00f6r montage p\u00e5 r\u00f6rutlopp eller p\u00e5 apparatdosa<\/p>","protected":false},"featured_media":84090,"template":"","meta":{"_acf_changed":false},"product_brand":[],"product_cat":[525],"product_tag":[],"class_list":{"0":"post-32899","1":"product","2":"type-product","3":"status-publish","4":"has-post-thumbnail","6":"product_cat-komponenter-till-rwc-larm","7":"product_shipping_class-tunga-paket","8":"pa_brands-elko","9":"pa_farg-vit","10":"tm-no-options","12":"first","13":"instock","14":"sale","15":"taxable","16":"shipping-taxable","17":"product-type-simple"},"acf":[],"_links":{"self":[{"href":"https:\/\/stonehouse.se\/en\/wp-json\/wp\/v2\/product\/32899","targetHints":{"allow":["GET"]}}],"collection":[{"href":"https:\/\/stonehouse.se\/en\/wp-json\/wp\/v2\/product"}],"about":[{"href":"https:\/\/stonehouse.se\/en\/wp-json\/wp\/v2\/types\/product"}],"wp:featuredmedia":[{"embeddable":true,"href":"https:\/\/stonehouse.se\/en\/wp-json\/wp\/v2\/media\/84090"}],"wp:attachment":[{"href":"https:\/\/stonehouse.se\/en\/wp-json\/wp\/v2\/media?parent=32899"}],"wp:term":[{"taxonomy":"product_brand","embeddable":true,"href":"https:\/\/stonehouse.se\/en\/wp-json\/wp\/v2\/product_brand?post=32899"},{"taxonomy":"product_cat","embeddable":true,"href":"https:\/\/stonehouse.se\/en\/wp-json\/wp\/v2\/product_cat?post=32899"},{"taxonomy":"product_tag","embeddable":true,"href":"https:\/\/stonehouse.se\/en\/wp-json\/wp\/v2\/product_tag?post=32899"}],"curies":[{"name":"wp","href":"https:\/\/api.w.org\/{rel}","templated":true}]}}