
{"id":32900,"date":"2022-06-23T15:25:54","date_gmt":"2022-06-23T13:25:54","guid":{"rendered":"https:\/\/stonehouse.se\/produkt\/aterstallningsknapp-rs16\/"},"modified":"2026-04-08T16:48:24","modified_gmt":"2026-04-08T14:48:24","slug":"aterstallningsknapp-rs16","status":"publish","type":"product","link":"https:\/\/stonehouse.se\/en\/product\/aterstallningsknapp-rs16\/","title":{"rendered":"\u00c5terst\u00e4llningsknapp Rs16"},"content":{"rendered":"<p>\u00c5terst\u00e4llningstryckknapp RS. Membrantryckknapp med texten \u201d\u00c5TERST\u00c4LLN\u201d och lysdiodindikering. F\u00f6r inf\u00e4llt montage i apparatdosa med 60mm f\u00e4stskruvavst\u00e5nd eller utanp\u00e5liggande i f\u00f6rh\u00f6jningsram. M\u00e5tt: 84&#215;84 mm. Montagedjup: 24 mm. F\u00e4rg fj\u00e4llvit<\/p>","protected":false},"excerpt":{"rendered":"<p>\u00c5terst\u00e4llningstryckknapp RS. Membrantryckknapp med texten \u201d\u00c5TERST\u00c4LLN\u201d och lysdiodindikering. F\u00f6r inf\u00e4llt montage i apparatdosa med 60mm f\u00e4stskruvavst\u00e5nd eller utanp\u00e5liggande i f\u00f6rh\u00f6jningsram.<\/p>","protected":false},"featured_media":83700,"template":"","meta":{"_acf_changed":false},"product_brand":[],"product_cat":[525],"product_tag":[],"class_list":{"0":"post-32900","1":"product","2":"type-product","3":"status-publish","4":"has-post-thumbnail","6":"product_cat-komponenter-till-rwc-larm","7":"product_shipping_class-tunga-paket","8":"pa_farg-vit","9":"tm-no-options","11":"first","12":"instock","13":"sale","14":"taxable","15":"shipping-taxable","16":"product-type-simple"},"acf":[],"_links":{"self":[{"href":"https:\/\/stonehouse.se\/en\/wp-json\/wp\/v2\/product\/32900","targetHints":{"allow":["GET"]}}],"collection":[{"href":"https:\/\/stonehouse.se\/en\/wp-json\/wp\/v2\/product"}],"about":[{"href":"https:\/\/stonehouse.se\/en\/wp-json\/wp\/v2\/types\/product"}],"wp:featuredmedia":[{"embeddable":true,"href":"https:\/\/stonehouse.se\/en\/wp-json\/wp\/v2\/media\/83700"}],"wp:attachment":[{"href":"https:\/\/stonehouse.se\/en\/wp-json\/wp\/v2\/media?parent=32900"}],"wp:term":[{"taxonomy":"product_brand","embeddable":true,"href":"https:\/\/stonehouse.se\/en\/wp-json\/wp\/v2\/product_brand?post=32900"},{"taxonomy":"product_cat","embeddable":true,"href":"https:\/\/stonehouse.se\/en\/wp-json\/wp\/v2\/product_cat?post=32900"},{"taxonomy":"product_tag","embeddable":true,"href":"https:\/\/stonehouse.se\/en\/wp-json\/wp\/v2\/product_tag?post=32900"}],"curies":[{"name":"wp","href":"https:\/\/api.w.org\/{rel}","templated":true}]}}