
{"id":32901,"date":"2022-06-23T15:25:21","date_gmt":"2022-06-23T13:25:21","guid":{"rendered":"https:\/\/stonehouse.se\/produkt\/rwc-nodknapp-med-signaluttag\/"},"modified":"2026-04-08T16:49:13","modified_gmt":"2026-04-08T14:49:13","slug":"rwc-nodknapp-med-signaluttag","status":"publish","type":"product","link":"https:\/\/stonehouse.se\/en\/product\/rwc-nodknapp-med-signaluttag\/","title":{"rendered":"Rwc N\u00f6dknapp Med Signaluttag"},"content":{"rendered":"<p>N\u00f6dsignalknapp med signaluttag kombineras med apparater ur Exxact RWC-sortimentet f\u00f6r komplett system. F\u00f6r montage i apparatdosa c\/c 60mm alternativt utanp\u00e5liggande montage i dosa 21mm. Kompletteras med valfri Exxact-ram.<\/p>","protected":false},"excerpt":{"rendered":"<p>N\u00f6dsignalknapp med signaluttag kombineras med apparater ur Exxact RWC-sortimentet f\u00f6r komplett system. F\u00f6r montage i apparatdosa c\/c 60mm alternativt utanp\u00e5liggande<\/p>","protected":false},"featured_media":84099,"template":"","meta":{"_acf_changed":false},"product_brand":[],"product_cat":[525],"product_tag":[],"class_list":{"0":"post-32901","1":"product","2":"type-product","3":"status-publish","4":"has-post-thumbnail","6":"product_cat-komponenter-till-rwc-larm","7":"product_shipping_class-tunga-paket","8":"pa_farg-vit","9":"tm-no-options","11":"first","12":"instock","13":"sale","14":"taxable","15":"shipping-taxable","16":"product-type-simple"},"acf":[],"_links":{"self":[{"href":"https:\/\/stonehouse.se\/en\/wp-json\/wp\/v2\/product\/32901","targetHints":{"allow":["GET"]}}],"collection":[{"href":"https:\/\/stonehouse.se\/en\/wp-json\/wp\/v2\/product"}],"about":[{"href":"https:\/\/stonehouse.se\/en\/wp-json\/wp\/v2\/types\/product"}],"wp:featuredmedia":[{"embeddable":true,"href":"https:\/\/stonehouse.se\/en\/wp-json\/wp\/v2\/media\/84099"}],"wp:attachment":[{"href":"https:\/\/stonehouse.se\/en\/wp-json\/wp\/v2\/media?parent=32901"}],"wp:term":[{"taxonomy":"product_brand","embeddable":true,"href":"https:\/\/stonehouse.se\/en\/wp-json\/wp\/v2\/product_brand?post=32901"},{"taxonomy":"product_cat","embeddable":true,"href":"https:\/\/stonehouse.se\/en\/wp-json\/wp\/v2\/product_cat?post=32901"},{"taxonomy":"product_tag","embeddable":true,"href":"https:\/\/stonehouse.se\/en\/wp-json\/wp\/v2\/product_tag?post=32901"}],"curies":[{"name":"wp","href":"https:\/\/api.w.org\/{rel}","templated":true}]}}