
{"id":32908,"date":"2022-06-23T15:11:23","date_gmt":"2022-06-23T13:11:23","guid":{"rendered":"https:\/\/stonehouse.se\/produkt\/signaltryckk-dragkontakt\/"},"modified":"2026-04-08T16:53:08","modified_gmt":"2026-04-08T14:53:08","slug":"signaltryckk-dragkontakt","status":"publish","type":"product","link":"https:\/\/stonehouse.se\/en\/product\/signaltryckk-dragkontakt\/","title":{"rendered":"Signaltryckk.\/Dragkontakt"},"content":{"rendered":"<p>Dragkontakten motsvarar till tekniska egenskaper signalknappen FAP2001. D\u00e4rut\u00f6ver \u00e4r dragkontakten f\u00f6rsedd med ett 2,5 m dragsn\u00f6re.<\/p>","protected":false},"excerpt":{"rendered":"<p>Dragkontakten motsvarar till tekniska egenskaper signalknappen FAP2001. D\u00e4rut\u00f6ver \u00e4r dragkontakten f\u00f6rsedd med ett 2,5 m dragsn\u00f6re.<\/p>","protected":false},"featured_media":83663,"template":"","meta":{"_acf_changed":false},"product_brand":[],"product_cat":[528],"product_tag":[],"class_list":{"0":"post-32908","1":"product","2":"type-product","3":"status-publish","4":"has-post-thumbnail","6":"product_cat-larmknappar","7":"product_shipping_class-tunga-paket","8":"pa_farg-vit","9":"tm-no-options","11":"first","12":"outofstock","13":"sale","14":"taxable","15":"shipping-taxable","16":"product-type-simple"},"acf":[],"_links":{"self":[{"href":"https:\/\/stonehouse.se\/en\/wp-json\/wp\/v2\/product\/32908","targetHints":{"allow":["GET"]}}],"collection":[{"href":"https:\/\/stonehouse.se\/en\/wp-json\/wp\/v2\/product"}],"about":[{"href":"https:\/\/stonehouse.se\/en\/wp-json\/wp\/v2\/types\/product"}],"wp:featuredmedia":[{"embeddable":true,"href":"https:\/\/stonehouse.se\/en\/wp-json\/wp\/v2\/media\/83663"}],"wp:attachment":[{"href":"https:\/\/stonehouse.se\/en\/wp-json\/wp\/v2\/media?parent=32908"}],"wp:term":[{"taxonomy":"product_brand","embeddable":true,"href":"https:\/\/stonehouse.se\/en\/wp-json\/wp\/v2\/product_brand?post=32908"},{"taxonomy":"product_cat","embeddable":true,"href":"https:\/\/stonehouse.se\/en\/wp-json\/wp\/v2\/product_cat?post=32908"},{"taxonomy":"product_tag","embeddable":true,"href":"https:\/\/stonehouse.se\/en\/wp-json\/wp\/v2\/product_tag?post=32908"}],"curies":[{"name":"wp","href":"https:\/\/api.w.org\/{rel}","templated":true}]}}