
{"id":32919,"date":"2022-06-23T15:23:29","date_gmt":"2022-06-23T13:23:29","guid":{"rendered":"https:\/\/stonehouse.se\/produkt\/nodlarm-rwc-paket-gra\/"},"modified":"2026-04-08T16:58:26","modified_gmt":"2026-04-08T14:58:26","slug":"nodlarm-rwc-paket-gra","status":"publish","type":"product","link":"https:\/\/stonehouse.se\/en\/product\/nodlarm-rwc-paket-gra\/","title":{"rendered":"N\u00f6dlarm Rwc Paket Gr\u00e5"},"content":{"rendered":"<p>Larm aktiveras via funktionsknapp \u201cN\u00f6dsignal\u201d p\u00e5 \u00e5terst\u00e4llningsapparat eller p\u00e5 n\u00e5gon av anropsapparaterna. Vid larm aktiveras indikeringstabl\u00e5ns akustiska och optiska indikering, \u00e4ven kvitteringsdioden i \u00e5terst\u00e4llningsapparat och anropsapparaterna. Larm \u00e5terst\u00e4lls via funktionsknapp \u201c\u00c5terst\u00e4llning\u201d eller via den externa \u00e5terst\u00e4llningsing\u00e5ngen. Larm kan vidarekopplas fr\u00e5n rel\u00e4utg\u00e5ngen i \u00e5terst\u00e4llningsapparaten.<\/p>","protected":false},"excerpt":{"rendered":"<p>Larm aktiveras via funktionsknapp \u201cN\u00f6dsignal\u201d p\u00e5 \u00e5terst\u00e4llningsapparat eller p\u00e5 n\u00e5gon av anropsapparaterna. Vid larm aktiveras indikeringstabl\u00e5ns akustiska och optiska indikering,<\/p>","protected":false},"featured_media":83712,"template":"","meta":{"_acf_changed":false},"product_brand":[],"product_cat":[526],"product_tag":[],"class_list":{"0":"post-32919","1":"product","2":"type-product","3":"status-publish","4":"has-post-thumbnail","6":"product_cat-kompletta-rwc-larm","7":"product_shipping_class-tunga-paket","8":"pa_farg-gra","9":"tm-no-options","11":"first","12":"outofstock","13":"sale","14":"taxable","15":"shipping-taxable","16":"product-type-simple"},"acf":[],"_links":{"self":[{"href":"https:\/\/stonehouse.se\/en\/wp-json\/wp\/v2\/product\/32919","targetHints":{"allow":["GET"]}}],"collection":[{"href":"https:\/\/stonehouse.se\/en\/wp-json\/wp\/v2\/product"}],"about":[{"href":"https:\/\/stonehouse.se\/en\/wp-json\/wp\/v2\/types\/product"}],"wp:featuredmedia":[{"embeddable":true,"href":"https:\/\/stonehouse.se\/en\/wp-json\/wp\/v2\/media\/83712"}],"wp:attachment":[{"href":"https:\/\/stonehouse.se\/en\/wp-json\/wp\/v2\/media?parent=32919"}],"wp:term":[{"taxonomy":"product_brand","embeddable":true,"href":"https:\/\/stonehouse.se\/en\/wp-json\/wp\/v2\/product_brand?post=32919"},{"taxonomy":"product_cat","embeddable":true,"href":"https:\/\/stonehouse.se\/en\/wp-json\/wp\/v2\/product_cat?post=32919"},{"taxonomy":"product_tag","embeddable":true,"href":"https:\/\/stonehouse.se\/en\/wp-json\/wp\/v2\/product_tag?post=32919"}],"curies":[{"name":"wp","href":"https:\/\/api.w.org\/{rel}","templated":true}]}}