
{"id":32920,"date":"2022-06-23T15:23:17","date_gmt":"2022-06-23T13:23:17","guid":{"rendered":"https:\/\/stonehouse.se\/produkt\/rwc-set-impressivo-vit\/"},"modified":"2026-04-08T16:59:05","modified_gmt":"2026-04-08T14:59:05","slug":"rwc-set-impressivo-vit","status":"publish","type":"product","link":"https:\/\/stonehouse.se\/en\/product\/rwc-set-impressivo-vit\/","title":{"rendered":"Rwc-Set Impressivo Vit"},"content":{"rendered":"<p>Komplett paket f\u00f6r RWC-installationer (utan transformator) i utf\u00f6rande Impressivo vit. Detta set inneh\u00e5ller: 1 enhet med 1st larmtryckknapp (jfr med FAP2001), 1 enhet med en larmtryckknapp samt en dragkontakt (jfr med FAP3002), 1 enhet med 1 st \u00e5terst\u00e4llningstryckknapp, samt 1st larmtryckknapp (jfr med FAP2002), samt 1st huvudapparat med larmdon (jfr med FEH2001) och slutligen 1st 1000 Ohms motst\u00e5nd. Detta set kan kompletteras med ytterligare signaltryckknappar \/ uttag vid behov.<\/p>","protected":false},"excerpt":{"rendered":"<p>Komplett paket f\u00f6r RWC-installationer (utan transformator) i utf\u00f6rande Impressivo vit. Detta set inneh\u00e5ller: 1 enhet med 1st larmtryckknapp (jfr med<\/p>","protected":false},"featured_media":83832,"template":"","meta":{"_acf_changed":false},"product_brand":[],"product_cat":[526],"product_tag":[],"class_list":{"0":"post-32920","1":"product","2":"type-product","3":"status-publish","4":"has-post-thumbnail","6":"product_cat-kompletta-rwc-larm","7":"product_shipping_class-tunga-paket","8":"pa_brands-abb","9":"pa_farg-vit","10":"tm-no-options","12":"first","13":"outofstock","14":"sale","15":"taxable","16":"shipping-taxable","17":"product-type-simple"},"acf":[],"_links":{"self":[{"href":"https:\/\/stonehouse.se\/en\/wp-json\/wp\/v2\/product\/32920","targetHints":{"allow":["GET"]}}],"collection":[{"href":"https:\/\/stonehouse.se\/en\/wp-json\/wp\/v2\/product"}],"about":[{"href":"https:\/\/stonehouse.se\/en\/wp-json\/wp\/v2\/types\/product"}],"wp:featuredmedia":[{"embeddable":true,"href":"https:\/\/stonehouse.se\/en\/wp-json\/wp\/v2\/media\/83832"}],"wp:attachment":[{"href":"https:\/\/stonehouse.se\/en\/wp-json\/wp\/v2\/media?parent=32920"}],"wp:term":[{"taxonomy":"product_brand","embeddable":true,"href":"https:\/\/stonehouse.se\/en\/wp-json\/wp\/v2\/product_brand?post=32920"},{"taxonomy":"product_cat","embeddable":true,"href":"https:\/\/stonehouse.se\/en\/wp-json\/wp\/v2\/product_cat?post=32920"},{"taxonomy":"product_tag","embeddable":true,"href":"https:\/\/stonehouse.se\/en\/wp-json\/wp\/v2\/product_tag?post=32920"}],"curies":[{"name":"wp","href":"https:\/\/api.w.org\/{rel}","templated":true}]}}