
{"id":32925,"date":"2022-06-23T15:22:27","date_gmt":"2022-06-23T13:22:27","guid":{"rendered":"https:\/\/stonehouse.se\/produkt\/rwc-paket-med-trafo\/"},"modified":"2026-04-08T16:59:38","modified_gmt":"2026-04-08T14:59:38","slug":"rwc-paket-med-trafo","status":"publish","type":"product","link":"https:\/\/stonehouse.se\/en\/product\/rwc-paket-med-trafo\/","title":{"rendered":"Rwc-Paket Med Trafo"},"content":{"rendered":"<p>RWC-paket med transformator, inklusive 1 n\u00f6dknapp, 1 n\u00f6dknapp med signaluttag, 1 minnesenhet med \u00e5terst\u00e4llnings-\/n\u00f6dknapp och 1 rumslampa med summer (3,1 Khz och 80dB vid 1 meter). Apparaterna \u00e4r vita och IP 20 klassade. Kompletteras med valfri Exxact-ram.<\/p>","protected":false},"excerpt":{"rendered":"<p>RWC-paket med transformator, inklusive 1 n\u00f6dknapp, 1 n\u00f6dknapp med signaluttag, 1 minnesenhet med \u00e5terst\u00e4llnings-\/n\u00f6dknapp och 1 rumslampa med summer (3,1<\/p>","protected":false},"featured_media":83590,"template":"","meta":{"_acf_changed":false},"product_brand":[],"product_cat":[526],"product_tag":[],"class_list":{"0":"post-32925","1":"product","2":"type-product","3":"status-publish","4":"has-post-thumbnail","6":"product_cat-kompletta-rwc-larm","7":"product_shipping_class-tunga-paket","8":"pa_brands-schneider-electric","9":"pa_farg-vit","10":"tm-no-options","12":"first","13":"instock","14":"sale","15":"taxable","16":"shipping-taxable","17":"product-type-simple"},"acf":[],"_links":{"self":[{"href":"https:\/\/stonehouse.se\/en\/wp-json\/wp\/v2\/product\/32925","targetHints":{"allow":["GET"]}}],"collection":[{"href":"https:\/\/stonehouse.se\/en\/wp-json\/wp\/v2\/product"}],"about":[{"href":"https:\/\/stonehouse.se\/en\/wp-json\/wp\/v2\/types\/product"}],"wp:featuredmedia":[{"embeddable":true,"href":"https:\/\/stonehouse.se\/en\/wp-json\/wp\/v2\/media\/83590"}],"wp:attachment":[{"href":"https:\/\/stonehouse.se\/en\/wp-json\/wp\/v2\/media?parent=32925"}],"wp:term":[{"taxonomy":"product_brand","embeddable":true,"href":"https:\/\/stonehouse.se\/en\/wp-json\/wp\/v2\/product_brand?post=32925"},{"taxonomy":"product_cat","embeddable":true,"href":"https:\/\/stonehouse.se\/en\/wp-json\/wp\/v2\/product_cat?post=32925"},{"taxonomy":"product_tag","embeddable":true,"href":"https:\/\/stonehouse.se\/en\/wp-json\/wp\/v2\/product_tag?post=32925"}],"curies":[{"name":"wp","href":"https:\/\/api.w.org\/{rel}","templated":true}]}}