
{"id":32929,"date":"2022-06-23T15:19:47","date_gmt":"2022-06-23T13:19:47","guid":{"rendered":"https:\/\/stonehouse.se\/produkt\/centralenhet-evaq-2-kn\/"},"modified":"2026-04-08T16:53:12","modified_gmt":"2026-04-08T14:53:12","slug":"centralenhet-evaq-2-kn","status":"publish","type":"product","link":"https:\/\/stonehouse.se\/en\/product\/centralenhet-evaq-2-kn\/","title":{"rendered":"Centralenhet Evaq 2 Kn"},"content":{"rendered":"<p>Centralen kan hantera upp till 50 larmpunkter. Apparaten inneh\u00e5ller display med 8 r\u00f6da\/gr\u00f6na alfanumeriska tecken (teckenh\u00f6jd 12mm) och 2st gr\u00f6na funktions-knappar. R\u00f6d kvitteringsdiod och gr\u00f6n driftindikering under en 2mm ljusledare i locket. Summer med justerbar volym och ing\u00e5ng f\u00f6r kontrollfunktion (aktivering av \u201cKvittering\u201d). Utg\u00e5ngar f\u00f6r summer, summalarm och fellarm.Tryck p\u00e5 locket: \u201cKvittering\u201d .Inkoppling sker p\u00e5 skruvplint med tr\u00e5dskydd placerade p\u00e5 ett jackbart plintkort.<\/p>","protected":false},"excerpt":{"rendered":"<p>Centralen kan hantera upp till 50 larmpunkter. Apparaten inneh\u00e5ller display med 8 r\u00f6da\/gr\u00f6na alfanumeriska tecken (teckenh\u00f6jd 12mm) och 2st gr\u00f6na<\/p>","protected":false},"featured_media":83647,"template":"","meta":{"_acf_changed":false},"product_brand":[],"product_cat":[529],"product_tag":[],"class_list":{"0":"post-32929","1":"product","2":"type-product","3":"status-publish","4":"has-post-thumbnail","6":"product_cat-nod-evakueringslarm","7":"product_shipping_class-tunga-paket","8":"tm-no-options","10":"first","11":"outofstock","12":"sale","13":"taxable","14":"shipping-taxable","15":"product-type-simple"},"acf":[],"_links":{"self":[{"href":"https:\/\/stonehouse.se\/en\/wp-json\/wp\/v2\/product\/32929","targetHints":{"allow":["GET"]}}],"collection":[{"href":"https:\/\/stonehouse.se\/en\/wp-json\/wp\/v2\/product"}],"about":[{"href":"https:\/\/stonehouse.se\/en\/wp-json\/wp\/v2\/types\/product"}],"wp:featuredmedia":[{"embeddable":true,"href":"https:\/\/stonehouse.se\/en\/wp-json\/wp\/v2\/media\/83647"}],"wp:attachment":[{"href":"https:\/\/stonehouse.se\/en\/wp-json\/wp\/v2\/media?parent=32929"}],"wp:term":[{"taxonomy":"product_brand","embeddable":true,"href":"https:\/\/stonehouse.se\/en\/wp-json\/wp\/v2\/product_brand?post=32929"},{"taxonomy":"product_cat","embeddable":true,"href":"https:\/\/stonehouse.se\/en\/wp-json\/wp\/v2\/product_cat?post=32929"},{"taxonomy":"product_tag","embeddable":true,"href":"https:\/\/stonehouse.se\/en\/wp-json\/wp\/v2\/product_tag?post=32929"}],"curies":[{"name":"wp","href":"https:\/\/api.w.org\/{rel}","templated":true}]}}