
{"id":32931,"date":"2022-06-23T15:16:41","date_gmt":"2022-06-23T13:16:41","guid":{"rendered":"https:\/\/stonehouse.se\/produkt\/dm-panel-pr0510s\/"},"modified":"2026-04-08T16:49:19","modified_gmt":"2026-04-08T14:49:19","slug":"dm-panel-pr0510s","status":"publish","type":"product","link":"https:\/\/stonehouse.se\/en\/product\/dm-panel-pr0510s\/","title":{"rendered":"Dm Panel Pr0510S"},"content":{"rendered":"<p>DM Touch samlar in temperaturavl\u00e4sningar eller andra \u00f6nskade \u00f6vervakade punkter. Systemet larmar om temperaturen fr\u00e5n t.ex. ett kylrum \u00e4r under eller \u00f6verstiger inst\u00e4llda gr\u00e4nser eller om en d\u00f6rr st\u00e5r \u00f6ppen l\u00e4ngre \u00e4n till\u00e5ten tid.<br \/>\nSystemet l\u00e4mpar sig f\u00f6r anl\u00e4ggningar som har som krav p\u00e5 \u00f6vervakning med larm om villkor \u00f6verskrids. Tillexempel en d\u00f6rr som st\u00e5r \u00f6ppen eller restaurangk\u00f6k, skolk\u00f6k, sm\u00e5 laboratorier och sm\u00e5 bagerier etc. d\u00e4r det \u00e4r viktigt att h\u00e5lla r\u00e4tta temperaturer i olika typer av kylda utrymmen dels f\u00f6r att s\u00e4kerst\u00e4lla produktkvaliteten men \u00e4ven f\u00f6r Milj&amp;H\u00e4lsas krav p\u00e5 egenkontrollen.<br \/>\nData Managern levereras som standard med plats f\u00f6r 12 givare f\u00f6r temperaturer eller kontakter t.ex. kan systemet larma om en kylrumsd\u00f6rr l\u00e4mnas \u00f6ppen f\u00f6r l\u00e4nge. Installat\u00f6ren placerar givarna p\u00e5 l\u00e4mplig plats. Enheten kan expanderas till max 48 givare.<br \/>\nSystemet \u00e4r l\u00e4tt att anv\u00e4nda f\u00f6r alla, menyerna \u00e4r p\u00e5 svenska, ett tryck p\u00e5 touchsk\u00e4rmen och olika kommandon visas precis som i en Ipad. Systemet lagrar \u00e4ven h\u00e4ndelser direkt i enheten.<br \/>\nVill man skicka vidare larm till vaktbolag \u00e4r detta f\u00f6rberett och man kan \u00e4ven larma direkt fr\u00e5n en DMTouch till en mobiltelefon.<\/p>","protected":false},"excerpt":{"rendered":"<p>DM Touch samlar in temperaturavl\u00e4sningar eller andra \u00f6nskade \u00f6vervakade punkter. Systemet larmar om temperaturen fr\u00e5n t.ex. ett kylrum \u00e4r under<\/p>","protected":false},"featured_media":84125,"template":"","meta":{"_acf_changed":false},"product_brand":[],"product_cat":[343,531],"product_tag":[],"class_list":{"0":"post-32931","1":"product","2":"type-product","3":"status-publish","4":"has-post-thumbnail","6":"product_cat-driftlarm-kyla-vatten-temp","7":"product_cat-kyllarm","8":"product_shipping_class-tunga-paket","9":"tm-no-options","11":"first","12":"outofstock","13":"sale","14":"taxable","15":"shipping-taxable","16":"product-type-simple"},"acf":[],"_links":{"self":[{"href":"https:\/\/stonehouse.se\/en\/wp-json\/wp\/v2\/product\/32931","targetHints":{"allow":["GET"]}}],"collection":[{"href":"https:\/\/stonehouse.se\/en\/wp-json\/wp\/v2\/product"}],"about":[{"href":"https:\/\/stonehouse.se\/en\/wp-json\/wp\/v2\/types\/product"}],"wp:featuredmedia":[{"embeddable":true,"href":"https:\/\/stonehouse.se\/en\/wp-json\/wp\/v2\/media\/84125"}],"wp:attachment":[{"href":"https:\/\/stonehouse.se\/en\/wp-json\/wp\/v2\/media?parent=32931"}],"wp:term":[{"taxonomy":"product_brand","embeddable":true,"href":"https:\/\/stonehouse.se\/en\/wp-json\/wp\/v2\/product_brand?post=32931"},{"taxonomy":"product_cat","embeddable":true,"href":"https:\/\/stonehouse.se\/en\/wp-json\/wp\/v2\/product_cat?post=32931"},{"taxonomy":"product_tag","embeddable":true,"href":"https:\/\/stonehouse.se\/en\/wp-json\/wp\/v2\/product_tag?post=32931"}],"curies":[{"name":"wp","href":"https:\/\/api.w.org\/{rel}","templated":true}]}}