
{"id":32933,"date":"2022-06-23T15:14:11","date_gmt":"2022-06-23T13:14:11","guid":{"rendered":"https:\/\/stonehouse.se\/produkt\/aterstalln-knapp-2slingor\/"},"modified":"2026-04-08T16:49:53","modified_gmt":"2026-04-08T14:49:53","slug":"aterstalln-knapp-2slingor","status":"publish","type":"product","link":"https:\/\/stonehouse.se\/en\/product\/aterstalln-knapp-2slingor\/","title":{"rendered":"\u00c5terst\u00e4lln.Knapp 2Slingor"},"content":{"rendered":"<p>Slingan kontrollerar sig sj\u00e4lv mot kortslutningar och avbrott. M\u00f6jlighet att ansluta b\u00e5de normalt \u00f6ppna och normalt slutna potentialfria kontakter. Valbar ing\u00e5ngsf\u00f6rdr\u00f6jning 150ms eller 2,5 s. M\u00f6jligt att aktivera \/ avaktivera minnesfunktion. Potentialfri utg\u00e5ng. Man\u00f6verknapp med LED. Bra m\u00e4rkningsm\u00f6jligheter p\u00e5 knapp och namnskylt. Driftsp\u00e4nning: 15 &#8211; 28V ac \/ 18 &#8211; 35V dc. Str\u00f6mf\u00f6rbrukning: 110mA ac \/ 60mA dc.<\/p>","protected":false},"excerpt":{"rendered":"<p>Slingan kontrollerar sig sj\u00e4lv mot kortslutningar och avbrott. M\u00f6jlighet att ansluta b\u00e5de normalt \u00f6ppna och normalt slutna potentialfria kontakter. Valbar<\/p>","protected":false},"featured_media":83722,"template":"","meta":{"_acf_changed":false},"product_brand":[],"product_cat":[532],"product_tag":[],"class_list":{"0":"post-32933","1":"product","2":"type-product","3":"status-publish","4":"has-post-thumbnail","6":"product_cat-aterstallningsenhet","7":"product_shipping_class-tunga-paket","8":"pa_farg-vit","9":"tm-no-options","11":"first","12":"outofstock","13":"sale","14":"taxable","15":"shipping-taxable","16":"product-type-simple"},"acf":[],"_links":{"self":[{"href":"https:\/\/stonehouse.se\/en\/wp-json\/wp\/v2\/product\/32933","targetHints":{"allow":["GET"]}}],"collection":[{"href":"https:\/\/stonehouse.se\/en\/wp-json\/wp\/v2\/product"}],"about":[{"href":"https:\/\/stonehouse.se\/en\/wp-json\/wp\/v2\/types\/product"}],"wp:featuredmedia":[{"embeddable":true,"href":"https:\/\/stonehouse.se\/en\/wp-json\/wp\/v2\/media\/83722"}],"wp:attachment":[{"href":"https:\/\/stonehouse.se\/en\/wp-json\/wp\/v2\/media?parent=32933"}],"wp:term":[{"taxonomy":"product_brand","embeddable":true,"href":"https:\/\/stonehouse.se\/en\/wp-json\/wp\/v2\/product_brand?post=32933"},{"taxonomy":"product_cat","embeddable":true,"href":"https:\/\/stonehouse.se\/en\/wp-json\/wp\/v2\/product_cat?post=32933"},{"taxonomy":"product_tag","embeddable":true,"href":"https:\/\/stonehouse.se\/en\/wp-json\/wp\/v2\/product_tag?post=32933"}],"curies":[{"name":"wp","href":"https:\/\/api.w.org\/{rel}","templated":true}]}}