
{"id":32934,"date":"2022-06-23T15:13:59","date_gmt":"2022-06-23T13:13:59","guid":{"rendered":"https:\/\/stonehouse.se\/produkt\/aterstalln-knapp-1slinga\/"},"modified":"2026-04-08T16:50:37","modified_gmt":"2026-04-08T14:50:37","slug":"aterstalln-knapp-1slinga","status":"publish","type":"product","link":"https:\/\/stonehouse.se\/en\/product\/aterstalln-knapp-1slinga\/","title":{"rendered":"\u00c5terst\u00e4lln.Knapp 1Slinga"},"content":{"rendered":"<p>Huvudapparat med 1 slinga. Larmsignal kan ske med brytare eller slutande potentialfria kontakter. Slingan kan ges ing\u00e5ngsf\u00f6rdr\u00f6jning 150 ms eller 2,5 s, samt minne \/ icke minne. Slingan har kortslutnings- \/ avbrotts\u00f6vervakning. Potentialfri v\u00e4xelkontakt. Markeringsm\u00f6jlighet i knappen och namnskylten. Driftsp\u00e4nning 15 &#8211; 28 V ac \/ 18 &#8211; 35 V dc. Elf\u00f6rbrukning 70 mA ac \/ 40 mA dc.<\/p>","protected":false},"excerpt":{"rendered":"<p>Huvudapparat med 1 slinga. Larmsignal kan ske med brytare eller slutande potentialfria kontakter. Slingan kan ges ing\u00e5ngsf\u00f6rdr\u00f6jning 150 ms eller<\/p>","protected":false},"featured_media":83850,"template":"","meta":{"_acf_changed":false},"product_brand":[],"product_cat":[532],"product_tag":[],"class_list":{"0":"post-32934","1":"product","2":"type-product","3":"status-publish","4":"has-post-thumbnail","6":"product_cat-aterstallningsenhet","7":"product_shipping_class-tunga-paket","8":"pa_farg-vit","9":"tm-no-options","11":"first","12":"outofstock","13":"sale","14":"taxable","15":"shipping-taxable","16":"product-type-simple"},"acf":[],"_links":{"self":[{"href":"https:\/\/stonehouse.se\/en\/wp-json\/wp\/v2\/product\/32934","targetHints":{"allow":["GET"]}}],"collection":[{"href":"https:\/\/stonehouse.se\/en\/wp-json\/wp\/v2\/product"}],"about":[{"href":"https:\/\/stonehouse.se\/en\/wp-json\/wp\/v2\/types\/product"}],"wp:featuredmedia":[{"embeddable":true,"href":"https:\/\/stonehouse.se\/en\/wp-json\/wp\/v2\/media\/83850"}],"wp:attachment":[{"href":"https:\/\/stonehouse.se\/en\/wp-json\/wp\/v2\/media?parent=32934"}],"wp:term":[{"taxonomy":"product_brand","embeddable":true,"href":"https:\/\/stonehouse.se\/en\/wp-json\/wp\/v2\/product_brand?post=32934"},{"taxonomy":"product_cat","embeddable":true,"href":"https:\/\/stonehouse.se\/en\/wp-json\/wp\/v2\/product_cat?post=32934"},{"taxonomy":"product_tag","embeddable":true,"href":"https:\/\/stonehouse.se\/en\/wp-json\/wp\/v2\/product_tag?post=32934"}],"curies":[{"name":"wp","href":"https:\/\/api.w.org\/{rel}","templated":true}]}}