
{"id":32939,"date":"2022-06-23T15:13:07","date_gmt":"2022-06-23T13:13:07","guid":{"rendered":"https:\/\/stonehouse.se\/produkt\/aterst-kapslad-ip65-2kn\/"},"modified":"2026-04-08T16:54:36","modified_gmt":"2026-04-08T14:54:36","slug":"aterst-kapslad-ip65-2kn","status":"publish","type":"product","link":"https:\/\/stonehouse.se\/en\/product\/aterst-kapslad-ip65-2kn\/","title":{"rendered":"\u00c5terst.Kapslad Ip65 2Kn"},"content":{"rendered":"<p>Apparaten inneh\u00e5ller 1st r\u00f6d och 1st gr\u00f6n funktionsknapp och r\u00f6d kvitteringsdiod i r\u00f6d funktionsknapp. Tryck p\u00e5 locket :&#8221;N\u00d6DSIGNAL&#8221; och &#8220;\u00c5TERST\u00c4LLNING&#8221;. Inkoppling sker p\u00e5 skruvplint. I robust kapsling (kapslingsklass IP65) avsedd f\u00f6r utanp\u00e5liggande montage med skruvfasts\u00e4ttning och h\u00e5l i botten f\u00f6r kabelgenomf\u00f6ring.<\/p>","protected":false},"excerpt":{"rendered":"<p>Apparaten inneh\u00e5ller 1st r\u00f6d och 1st gr\u00f6n funktionsknapp och r\u00f6d kvitteringsdiod i r\u00f6d funktionsknapp. Tryck p\u00e5 locket :&#8221;N\u00d6DSIGNAL&#8221; och &#8220;\u00c5TERST\u00c4LLNING&#8221;.<\/p>","protected":false},"featured_media":84132,"template":"","meta":{"_acf_changed":false},"product_brand":[],"product_cat":[532],"product_tag":[],"class_list":{"0":"post-32939","1":"product","2":"type-product","3":"status-publish","4":"has-post-thumbnail","6":"product_cat-aterstallningsenhet","7":"product_shipping_class-tunga-paket","8":"tm-no-options","10":"first","11":"outofstock","12":"sale","13":"taxable","14":"shipping-taxable","15":"product-type-simple"},"acf":[],"_links":{"self":[{"href":"https:\/\/stonehouse.se\/en\/wp-json\/wp\/v2\/product\/32939","targetHints":{"allow":["GET"]}}],"collection":[{"href":"https:\/\/stonehouse.se\/en\/wp-json\/wp\/v2\/product"}],"about":[{"href":"https:\/\/stonehouse.se\/en\/wp-json\/wp\/v2\/types\/product"}],"wp:featuredmedia":[{"embeddable":true,"href":"https:\/\/stonehouse.se\/en\/wp-json\/wp\/v2\/media\/84132"}],"wp:attachment":[{"href":"https:\/\/stonehouse.se\/en\/wp-json\/wp\/v2\/media?parent=32939"}],"wp:term":[{"taxonomy":"product_brand","embeddable":true,"href":"https:\/\/stonehouse.se\/en\/wp-json\/wp\/v2\/product_brand?post=32939"},{"taxonomy":"product_cat","embeddable":true,"href":"https:\/\/stonehouse.se\/en\/wp-json\/wp\/v2\/product_cat?post=32939"},{"taxonomy":"product_tag","embeddable":true,"href":"https:\/\/stonehouse.se\/en\/wp-json\/wp\/v2\/product_tag?post=32939"}],"curies":[{"name":"wp","href":"https:\/\/api.w.org\/{rel}","templated":true}]}}