
{"id":32940,"date":"2022-06-23T15:12:59","date_gmt":"2022-06-23T13:12:59","guid":{"rendered":"https:\/\/stonehouse.se\/produkt\/aterstalln-enkel-kn\/"},"modified":"2026-04-08T16:54:57","modified_gmt":"2026-04-08T14:54:57","slug":"aterstalln-enkel-kn","status":"publish","type":"product","link":"https:\/\/stonehouse.se\/en\/product\/aterstalln-enkel-kn\/","title":{"rendered":"\u00c5terst\u00e4lln Enkel Kn"},"content":{"rendered":"<p>Apparaten inneh\u00e5ller gr\u00f6n funktionsknapp och r\u00f6d kvitteringsdiod under en 2mm ljusledare i locket. Tryck p\u00e5 locket: \u201c\u00c5terst\u00e4llning\u201d. Inkoppling sker p\u00e5 jackbar skruvplint med tr\u00e5dskydd. F\u00f6r inf\u00e4llt montage i rund apparatdosa c\/c 60mm eller utanp\u00e5liggande i v\u00e4ggram 5020012 (h\u00f6jd 26mm). T\u00e4cklock f\u00f6r skruvfasts\u00e4ttning av vit termoplast.<\/p>","protected":false},"excerpt":{"rendered":"<p>Apparaten inneh\u00e5ller gr\u00f6n funktionsknapp och r\u00f6d kvitteringsdiod under en 2mm ljusledare i locket. Tryck p\u00e5 locket: \u201c\u00c5terst\u00e4llning\u201d. Inkoppling sker p\u00e5<\/p>","protected":false},"featured_media":83651,"template":"","meta":{"_acf_changed":false},"product_brand":[],"product_cat":[532],"product_tag":[],"class_list":{"0":"post-32940","1":"product","2":"type-product","3":"status-publish","4":"has-post-thumbnail","6":"product_cat-aterstallningsenhet","7":"product_shipping_class-tunga-paket","8":"pa_farg-vit","9":"tm-no-options","11":"first","12":"outofstock","13":"sale","14":"taxable","15":"shipping-taxable","16":"product-type-simple"},"acf":[],"_links":{"self":[{"href":"https:\/\/stonehouse.se\/en\/wp-json\/wp\/v2\/product\/32940","targetHints":{"allow":["GET"]}}],"collection":[{"href":"https:\/\/stonehouse.se\/en\/wp-json\/wp\/v2\/product"}],"about":[{"href":"https:\/\/stonehouse.se\/en\/wp-json\/wp\/v2\/types\/product"}],"wp:featuredmedia":[{"embeddable":true,"href":"https:\/\/stonehouse.se\/en\/wp-json\/wp\/v2\/media\/83651"}],"wp:attachment":[{"href":"https:\/\/stonehouse.se\/en\/wp-json\/wp\/v2\/media?parent=32940"}],"wp:term":[{"taxonomy":"product_brand","embeddable":true,"href":"https:\/\/stonehouse.se\/en\/wp-json\/wp\/v2\/product_brand?post=32940"},{"taxonomy":"product_cat","embeddable":true,"href":"https:\/\/stonehouse.se\/en\/wp-json\/wp\/v2\/product_cat?post=32940"},{"taxonomy":"product_tag","embeddable":true,"href":"https:\/\/stonehouse.se\/en\/wp-json\/wp\/v2\/product_tag?post=32940"}],"curies":[{"name":"wp","href":"https:\/\/api.w.org\/{rel}","templated":true}]}}