
{"id":32946,"date":"2022-06-23T15:11:27","date_gmt":"2022-06-23T13:11:27","guid":{"rendered":"https:\/\/stonehouse.se\/produkt\/anropsapp-kn-uttag-signal\/"},"modified":"2026-04-08T16:52:10","modified_gmt":"2026-04-08T14:52:10","slug":"anropsapp-kn-uttag-signal","status":"publish","type":"product","link":"https:\/\/stonehouse.se\/en\/product\/anropsapp-kn-uttag-signal\/","title":{"rendered":"Anropsapp Kn Uttag &#8220;Signal&#8221;"},"content":{"rendered":"<p>Apparaten inneh\u00e5ller r\u00f6d funktionsknapp, funktionsuttag 6,35mm och r\u00f6d kvitteringsdiod under en 2mm ljusledare i locket. Tryck p\u00e5 locket: \u201cSignal\u201d. Inkoppling sker p\u00e5 jackbar skruvplint med tr\u00e5dskydd. F\u00f6r inf\u00e4llt montage i rund apparatdosa c\/c 60mm eller utanp\u00e5liggande i v\u00e4ggram 5020012 (h\u00f6jd 16mm). T\u00e4cklock f\u00f6r skruvfasts\u00e4ttning av vit termoplast.<\/p>","protected":false},"excerpt":{"rendered":"<p>Apparaten inneh\u00e5ller r\u00f6d funktionsknapp, funktionsuttag 6,35mm och r\u00f6d kvitteringsdiod under en 2mm ljusledare i locket. Tryck p\u00e5 locket: \u201cSignal\u201d. Inkoppling<\/p>","protected":false},"featured_media":83865,"template":"","meta":{"_acf_changed":false},"product_brand":[],"product_cat":[528],"product_tag":[],"class_list":{"0":"post-32946","1":"product","2":"type-product","3":"status-publish","4":"has-post-thumbnail","6":"product_cat-larmknappar","7":"product_shipping_class-tunga-paket","8":"pa_farg-vit","9":"tm-no-options","11":"first","12":"outofstock","13":"sale","14":"taxable","15":"shipping-taxable","16":"product-type-simple"},"acf":[],"_links":{"self":[{"href":"https:\/\/stonehouse.se\/en\/wp-json\/wp\/v2\/product\/32946","targetHints":{"allow":["GET"]}}],"collection":[{"href":"https:\/\/stonehouse.se\/en\/wp-json\/wp\/v2\/product"}],"about":[{"href":"https:\/\/stonehouse.se\/en\/wp-json\/wp\/v2\/types\/product"}],"wp:featuredmedia":[{"embeddable":true,"href":"https:\/\/stonehouse.se\/en\/wp-json\/wp\/v2\/media\/83865"}],"wp:attachment":[{"href":"https:\/\/stonehouse.se\/en\/wp-json\/wp\/v2\/media?parent=32946"}],"wp:term":[{"taxonomy":"product_brand","embeddable":true,"href":"https:\/\/stonehouse.se\/en\/wp-json\/wp\/v2\/product_brand?post=32946"},{"taxonomy":"product_cat","embeddable":true,"href":"https:\/\/stonehouse.se\/en\/wp-json\/wp\/v2\/product_cat?post=32946"},{"taxonomy":"product_tag","embeddable":true,"href":"https:\/\/stonehouse.se\/en\/wp-json\/wp\/v2\/product_tag?post=32946"}],"curies":[{"name":"wp","href":"https:\/\/api.w.org\/{rel}","templated":true}]}}