
{"id":32947,"date":"2022-06-23T15:11:27","date_gmt":"2022-06-23T13:11:27","guid":{"rendered":"https:\/\/stonehouse.se\/produkt\/anropsapp-kn-drag\/"},"modified":"2026-04-08T16:52:27","modified_gmt":"2026-04-08T14:52:27","slug":"anropsapp-kn-drag","status":"publish","type":"product","link":"https:\/\/stonehouse.se\/en\/product\/anropsapp-kn-drag\/","title":{"rendered":"Anropsapp Kn Drag"},"content":{"rendered":"<p>Anropsapparat inneh\u00e5llande r\u00f6d funktionsknapp och r\u00f6d kvitteringsdiod under en 2mm ljusledare i locket.<br \/>\nTryck p\u00e5 locket: &#8220;&#8221;Signal&#8221;&#8221;.<br \/>\nInkoppling sker p\u00e5 jackbar skruvplint med tr\u00e5dskydd.<br \/>\nF\u00f6r inf\u00e4llt montage i rund apparatdosa c\/c 60 mm eller utanp\u00e5liggande i v\u00e4ggram 5020088 (h\u00f6jd 16mm).<br \/>\nT\u00e4cklock f\u00f6r skruvfasts\u00e4ttning av vit termoplast.<\/p>","protected":false},"excerpt":{"rendered":"<p>Anropsapparat inneh\u00e5llande r\u00f6d funktionsknapp och r\u00f6d kvitteringsdiod under en 2mm ljusledare i locket. Tryck p\u00e5 locket: &#8220;&#8221;Signal&#8221;&#8221;. Inkoppling sker p\u00e5<\/p>","protected":false},"featured_media":84144,"template":"","meta":{"_acf_changed":false},"product_brand":[],"product_cat":[528],"product_tag":[],"class_list":{"0":"post-32947","1":"product","2":"type-product","3":"status-publish","4":"has-post-thumbnail","6":"product_cat-larmknappar","7":"product_shipping_class-tunga-paket","8":"pa_farg-vit","9":"tm-no-options","11":"first","12":"outofstock","13":"sale","14":"taxable","15":"shipping-taxable","16":"product-type-simple"},"acf":[],"_links":{"self":[{"href":"https:\/\/stonehouse.se\/en\/wp-json\/wp\/v2\/product\/32947","targetHints":{"allow":["GET"]}}],"collection":[{"href":"https:\/\/stonehouse.se\/en\/wp-json\/wp\/v2\/product"}],"about":[{"href":"https:\/\/stonehouse.se\/en\/wp-json\/wp\/v2\/types\/product"}],"wp:featuredmedia":[{"embeddable":true,"href":"https:\/\/stonehouse.se\/en\/wp-json\/wp\/v2\/media\/84144"}],"wp:attachment":[{"href":"https:\/\/stonehouse.se\/en\/wp-json\/wp\/v2\/media?parent=32947"}],"wp:term":[{"taxonomy":"product_brand","embeddable":true,"href":"https:\/\/stonehouse.se\/en\/wp-json\/wp\/v2\/product_brand?post=32947"},{"taxonomy":"product_cat","embeddable":true,"href":"https:\/\/stonehouse.se\/en\/wp-json\/wp\/v2\/product_cat?post=32947"},{"taxonomy":"product_tag","embeddable":true,"href":"https:\/\/stonehouse.se\/en\/wp-json\/wp\/v2\/product_tag?post=32947"}],"curies":[{"name":"wp","href":"https:\/\/api.w.org\/{rel}","templated":true}]}}