
{"id":32961,"date":"2022-06-22T11:21:10","date_gmt":"2022-06-22T09:21:10","guid":{"rendered":"https:\/\/stonehouse.se\/produkt\/radiosandare-setr2641am2-b\/"},"modified":"2026-04-08T16:40:29","modified_gmt":"2026-04-08T14:40:29","slug":"radiosandare-setr2641am2-b","status":"publish","type":"product","link":"https:\/\/stonehouse.se\/en\/product\/radiosandare-setr2641am2-b\/","title":{"rendered":"Radios\u00e4ndare Setr2641Am2.B"},"content":{"rendered":"<p>Liten radios\u00e4ndare med tv\u00e5 knappar i snygg design, finns i flera olika f\u00e4rger. Passar till alla CDVI:s radiomottagare som arbetar p\u00e5 samma frekvens (433.92MHz). Utm\u00e4rkt f\u00f6r att styra d\u00f6rrautomatiker, belysning, larm etc.<\/p>","protected":false},"excerpt":{"rendered":"<p>Liten radios\u00e4ndare med tv\u00e5 knappar i snygg design, finns i flera olika f\u00e4rger. Passar till alla CDVI:s radiomottagare som arbetar<\/p>","protected":false},"featured_media":83784,"template":"","meta":{"_acf_changed":false},"product_brand":[],"product_cat":[536],"product_tag":[1606],"class_list":{"0":"post-32961","1":"product","2":"type-product","3":"status-publish","4":"has-post-thumbnail","6":"product_cat-radiosandare-mottagare","7":"product_tag-radio-sandare-erone","8":"product_shipping_class-postnord-varubrev","9":"pa_brands-cdvi","10":"tm-no-options","12":"first","13":"outofstock","14":"sale","15":"taxable","16":"shipping-taxable","17":"product-type-simple"},"acf":[],"_links":{"self":[{"href":"https:\/\/stonehouse.se\/en\/wp-json\/wp\/v2\/product\/32961","targetHints":{"allow":["GET"]}}],"collection":[{"href":"https:\/\/stonehouse.se\/en\/wp-json\/wp\/v2\/product"}],"about":[{"href":"https:\/\/stonehouse.se\/en\/wp-json\/wp\/v2\/types\/product"}],"wp:featuredmedia":[{"embeddable":true,"href":"https:\/\/stonehouse.se\/en\/wp-json\/wp\/v2\/media\/83784"}],"wp:attachment":[{"href":"https:\/\/stonehouse.se\/en\/wp-json\/wp\/v2\/media?parent=32961"}],"wp:term":[{"taxonomy":"product_brand","embeddable":true,"href":"https:\/\/stonehouse.se\/en\/wp-json\/wp\/v2\/product_brand?post=32961"},{"taxonomy":"product_cat","embeddable":true,"href":"https:\/\/stonehouse.se\/en\/wp-json\/wp\/v2\/product_cat?post=32961"},{"taxonomy":"product_tag","embeddable":true,"href":"https:\/\/stonehouse.se\/en\/wp-json\/wp\/v2\/product_tag?post=32961"}],"curies":[{"name":"wp","href":"https:\/\/api.w.org\/{rel}","templated":true}]}}