
{"id":32962,"date":"2022-06-22T11:20:53","date_gmt":"2022-06-22T09:20:53","guid":{"rendered":"https:\/\/stonehouse.se\/produkt\/radiosandare-s2tr2641e1\/"},"modified":"2026-04-08T16:42:20","modified_gmt":"2026-04-08T14:42:20","slug":"radiosandare-s2tr2641e1","status":"publish","type":"product","link":"https:\/\/stonehouse.se\/en\/product\/radiosandare-s2tr2641e1\/","title":{"rendered":"Radios\u00e4ndare S2Tr2641E1"},"content":{"rendered":"<p>Radios\u00e4ndare med en knapp i ergonomisk design, som passar till v\u00e5ran v\u00e4ggh\u00e5llare SESMT03. Passar till alla CDVI:s radiomottagare som arbetar p\u00e5 samma frekvens (433.92MHz). Utm\u00e4rkt f\u00f6r att styra d\u00f6rrautomatiker, belysning, larm etc.<\/p>","protected":false},"excerpt":{"rendered":"<p>Radios\u00e4ndare med en knapp i ergonomisk design, som passar till v\u00e5ran v\u00e4ggh\u00e5llare SESMT03. Passar till alla CDVI:s radiomottagare som arbetar<\/p>","protected":false},"featured_media":83789,"template":"","meta":{"_acf_changed":false},"product_brand":[],"product_cat":[536],"product_tag":[1606],"class_list":{"0":"post-32962","1":"product","2":"type-product","3":"status-publish","4":"has-post-thumbnail","6":"product_cat-radiosandare-mottagare","7":"product_tag-radio-sandare-erone","8":"product_shipping_class-postnord-varubrev","9":"pa_brands-cdvi","10":"tm-no-options","12":"first","13":"outofstock","14":"sale","15":"taxable","16":"shipping-taxable","17":"product-type-simple"},"acf":[],"_links":{"self":[{"href":"https:\/\/stonehouse.se\/en\/wp-json\/wp\/v2\/product\/32962","targetHints":{"allow":["GET"]}}],"collection":[{"href":"https:\/\/stonehouse.se\/en\/wp-json\/wp\/v2\/product"}],"about":[{"href":"https:\/\/stonehouse.se\/en\/wp-json\/wp\/v2\/types\/product"}],"wp:featuredmedia":[{"embeddable":true,"href":"https:\/\/stonehouse.se\/en\/wp-json\/wp\/v2\/media\/83789"}],"wp:attachment":[{"href":"https:\/\/stonehouse.se\/en\/wp-json\/wp\/v2\/media?parent=32962"}],"wp:term":[{"taxonomy":"product_brand","embeddable":true,"href":"https:\/\/stonehouse.se\/en\/wp-json\/wp\/v2\/product_brand?post=32962"},{"taxonomy":"product_cat","embeddable":true,"href":"https:\/\/stonehouse.se\/en\/wp-json\/wp\/v2\/product_cat?post=32962"},{"taxonomy":"product_tag","embeddable":true,"href":"https:\/\/stonehouse.se\/en\/wp-json\/wp\/v2\/product_tag?post=32962"}],"curies":[{"name":"wp","href":"https:\/\/api.w.org\/{rel}","templated":true}]}}