
{"id":32968,"date":"2022-06-22T11:19:24","date_gmt":"2022-06-22T09:19:24","guid":{"rendered":"https:\/\/stonehouse.se\/produkt\/radiosandare-s3tr2641t1\/"},"modified":"2026-04-08T16:54:53","modified_gmt":"2026-04-08T14:54:53","slug":"radiosandare-s3tr2641t1","status":"publish","type":"product","link":"https:\/\/stonehouse.se\/en\/product\/radiosandare-s3tr2641t1\/","title":{"rendered":"Radios\u00e4ndare S3Tr2641T1"},"content":{"rendered":"<h4><span style=\"text-decoration: underline\"><strong>Denna fj\u00e4rrkontroll kan du k\u00f6pa till valfri gravyr p\u00e5 &#8211; Tryck p\u00e5 knappen &#8220;Anpassa produkt&#8221;<\/strong><\/span><\/h4>\n<p>Radios\u00e4ndare med en knapp i modern design, som passar till v\u00e5ran b\u00e4ltesh\u00e5llare SESMT1527.<\/p>\n<p>Passar till alla CDVI:s radiomottagare som arbetar p\u00e5 samma frekvens (433.92MHz).<\/p>\n<p>Utm\u00e4rkt f\u00f6r att styra d\u00f6rrautomatiker, belysning, larm etc.<\/p>","protected":false},"excerpt":{"rendered":"<p>Denna fj\u00e4rrkontroll kan du k\u00f6pa till valfri gravyr p\u00e5 &#8211; Tryck p\u00e5 knappen &#8220;Anpassa produkt&#8221; Radios\u00e4ndare med en knapp i<\/p>","protected":false},"featured_media":83718,"template":"","meta":{"_acf_changed":false},"product_brand":[],"product_cat":[536],"product_tag":[1606],"class_list":{"0":"post-32968","1":"product","2":"type-product","3":"status-publish","4":"has-post-thumbnail","6":"product_cat-radiosandare-mottagare","7":"product_tag-radio-sandare-erone","8":"product_shipping_class-postnord-varubrev","9":"pa_brands-cdvi","10":"tm-no-options","12":"first","13":"instock","14":"sale","15":"taxable","16":"shipping-taxable","17":"product-type-simple"},"acf":[],"_links":{"self":[{"href":"https:\/\/stonehouse.se\/en\/wp-json\/wp\/v2\/product\/32968","targetHints":{"allow":["GET"]}}],"collection":[{"href":"https:\/\/stonehouse.se\/en\/wp-json\/wp\/v2\/product"}],"about":[{"href":"https:\/\/stonehouse.se\/en\/wp-json\/wp\/v2\/types\/product"}],"wp:featuredmedia":[{"embeddable":true,"href":"https:\/\/stonehouse.se\/en\/wp-json\/wp\/v2\/media\/83718"}],"wp:attachment":[{"href":"https:\/\/stonehouse.se\/en\/wp-json\/wp\/v2\/media?parent=32968"}],"wp:term":[{"taxonomy":"product_brand","embeddable":true,"href":"https:\/\/stonehouse.se\/en\/wp-json\/wp\/v2\/product_brand?post=32968"},{"taxonomy":"product_cat","embeddable":true,"href":"https:\/\/stonehouse.se\/en\/wp-json\/wp\/v2\/product_cat?post=32968"},{"taxonomy":"product_tag","embeddable":true,"href":"https:\/\/stonehouse.se\/en\/wp-json\/wp\/v2\/product_tag?post=32968"}],"curies":[{"name":"wp","href":"https:\/\/api.w.org\/{rel}","templated":true}]}}