
{"id":32969,"date":"2022-06-22T11:19:24","date_gmt":"2022-06-22T09:19:24","guid":{"rendered":"https:\/\/stonehouse.se\/produkt\/antenn-433-92-mhz\/"},"modified":"2026-04-08T16:55:02","modified_gmt":"2026-04-08T14:55:02","slug":"antenn-433-92-mhz","status":"publish","type":"product","link":"https:\/\/stonehouse.se\/en\/product\/antenn-433-92-mhz\/","title":{"rendered":"Antenn 433.92 Mhz"},"content":{"rendered":"<p>Antenn med sk\u00e4rmad kabel som ger en extra l\u00e5ng r\u00e4ckvidd f\u00f6r tr\u00e5dl\u00f6sa fj\u00e4rrkontroller. Monteringsprofil medf\u00f6ljer och kopplas in till mottagaren, 3,5 meter kabel. Frekvens: 433.92MHz<\/p>","protected":false},"excerpt":{"rendered":"<p>Antenn med sk\u00e4rmad kabel som ger en extra l\u00e5ng r\u00e4ckvidd f\u00f6r tr\u00e5dl\u00f6sa fj\u00e4rrkontroller. Monteringsprofil medf\u00f6ljer och kopplas in till mottagaren,<\/p>","protected":false},"featured_media":83723,"template":"","meta":{"_acf_changed":false},"product_brand":[],"product_cat":[536],"product_tag":[],"class_list":{"0":"post-32969","1":"product","2":"type-product","3":"status-publish","4":"has-post-thumbnail","6":"product_cat-radiosandare-mottagare","7":"product_shipping_class-postnord-varubrev","8":"pa_brands-cdvi","9":"tm-no-options","11":"first","12":"instock","13":"sale","14":"taxable","15":"shipping-taxable","16":"product-type-simple"},"acf":[],"_links":{"self":[{"href":"https:\/\/stonehouse.se\/en\/wp-json\/wp\/v2\/product\/32969","targetHints":{"allow":["GET"]}}],"collection":[{"href":"https:\/\/stonehouse.se\/en\/wp-json\/wp\/v2\/product"}],"about":[{"href":"https:\/\/stonehouse.se\/en\/wp-json\/wp\/v2\/types\/product"}],"wp:featuredmedia":[{"embeddable":true,"href":"https:\/\/stonehouse.se\/en\/wp-json\/wp\/v2\/media\/83723"}],"wp:attachment":[{"href":"https:\/\/stonehouse.se\/en\/wp-json\/wp\/v2\/media?parent=32969"}],"wp:term":[{"taxonomy":"product_brand","embeddable":true,"href":"https:\/\/stonehouse.se\/en\/wp-json\/wp\/v2\/product_brand?post=32969"},{"taxonomy":"product_cat","embeddable":true,"href":"https:\/\/stonehouse.se\/en\/wp-json\/wp\/v2\/product_cat?post=32969"},{"taxonomy":"product_tag","embeddable":true,"href":"https:\/\/stonehouse.se\/en\/wp-json\/wp\/v2\/product_tag?post=32969"}],"curies":[{"name":"wp","href":"https:\/\/api.w.org\/{rel}","templated":true}]}}