
{"id":32984,"date":"2022-06-22T11:35:09","date_gmt":"2022-06-22T09:35:09","guid":{"rendered":"https:\/\/stonehouse.se\/produkt\/digitag-mottagare-dtrr1434r\/"},"modified":"2026-04-08T16:53:31","modified_gmt":"2026-04-08T14:53:31","slug":"digitag-mottagare-dtrr1434r","status":"publish","type":"product","link":"https:\/\/stonehouse.se\/en\/product\/digitag-mottagare-dtrr1434r\/","title":{"rendered":"Digitag Mottagare Dtrr1434R"},"content":{"rendered":"<p>Ber\u00f6ringsfri mottagare DigiTag \u00e4r en serie av s\u00e5 kallad aktiv prox-bricka eller l\u00e5ngdistanstag, f\u00f6r riktigt ber\u00f6ringsfri passering. DigiTag \u00e4r idealisk p\u00e5 sjukhus, parkeringsgarage, lager\/f\u00f6rr\u00e5d och andra anl\u00e4ggningar som har behov av ber\u00f6ringsfri passering av skyddade utrymmen. R\u00e4ckvidden p\u00e5 s\u00e4ndaren kan justeras fr\u00e5n 1 till 15 meter. Signalen mellan s\u00e4ndaren och mottagaren \u00e4r krypterad med Kelloq\u00ae \u201dRolling code\u201d vilket g\u00f6r den mycket sv\u00e5r att kopiera. CE Godk\u00e4nd samt R&amp;TTE certifierad. Mottagaren i stand-alone utf\u00f6rande och har ett internt minne f\u00f6r upp till 30 mottagare samt en rel\u00e4utg\u00e5ng.<\/p>","protected":false},"excerpt":{"rendered":"<p>Ber\u00f6ringsfri mottagare DigiTag \u00e4r en serie av s\u00e5 kallad aktiv prox-bricka eller l\u00e5ngdistanstag, f\u00f6r riktigt ber\u00f6ringsfri passering. DigiTag \u00e4r idealisk<\/p>","protected":false},"featured_media":83872,"template":"","meta":{"_acf_changed":false},"product_brand":[],"product_cat":[536],"product_tag":[],"class_list":{"0":"post-32984","1":"product","2":"type-product","3":"status-publish","4":"has-post-thumbnail","6":"product_cat-radiosandare-mottagare","7":"product_shipping_class-tunga-paket","8":"tm-no-options","10":"first","11":"outofstock","12":"sale","13":"taxable","14":"shipping-taxable","15":"product-type-simple"},"acf":[],"_links":{"self":[{"href":"https:\/\/stonehouse.se\/en\/wp-json\/wp\/v2\/product\/32984","targetHints":{"allow":["GET"]}}],"collection":[{"href":"https:\/\/stonehouse.se\/en\/wp-json\/wp\/v2\/product"}],"about":[{"href":"https:\/\/stonehouse.se\/en\/wp-json\/wp\/v2\/types\/product"}],"wp:featuredmedia":[{"embeddable":true,"href":"https:\/\/stonehouse.se\/en\/wp-json\/wp\/v2\/media\/83872"}],"wp:attachment":[{"href":"https:\/\/stonehouse.se\/en\/wp-json\/wp\/v2\/media?parent=32984"}],"wp:term":[{"taxonomy":"product_brand","embeddable":true,"href":"https:\/\/stonehouse.se\/en\/wp-json\/wp\/v2\/product_brand?post=32984"},{"taxonomy":"product_cat","embeddable":true,"href":"https:\/\/stonehouse.se\/en\/wp-json\/wp\/v2\/product_cat?post=32984"},{"taxonomy":"product_tag","embeddable":true,"href":"https:\/\/stonehouse.se\/en\/wp-json\/wp\/v2\/product_tag?post=32984"}],"curies":[{"name":"wp","href":"https:\/\/api.w.org\/{rel}","templated":true}]}}