
{"id":32988,"date":"2022-06-22T11:34:16","date_gmt":"2022-06-22T09:34:16","guid":{"rendered":"https:\/\/stonehouse.se\/produkt\/digitag-sandare-dtxt5434m\/"},"modified":"2026-04-08T16:49:48","modified_gmt":"2026-04-08T14:49:48","slug":"digitag-sandare-dtxt5434m","status":"publish","type":"product","link":"https:\/\/stonehouse.se\/en\/product\/digitag-sandare-dtxt5434m\/","title":{"rendered":"Digitag S\u00e4ndare Dtxt5434M"},"content":{"rendered":"<p>DigiTag LR ber\u00f6ringsfri s\u00e4ndare \u00e4r en unik serie av s\u00e5 kallade aktiva proxbrickor eller l\u00e5ngdistanstaggar f\u00f6r riktigt ber\u00f6ringsfri passering, s\u00e4ndaren har en inbyggd r\u00f6relse-sensor vilket g\u00f6r att om s\u00e4ndaren ligger still s\u00e5 g\u00e5r den in i vilol\u00e4ge och slutar skicka signal f\u00f6r att \u00f6ka batteritiden. Passar bra p\u00e5 sjukhus, i parkeringsgarage, lager\/f\u00f6rr\u00e5d och andra anl\u00e4ggningar som har behov av ber\u00f6ringsfri passering av skyddade utrymmen. Signalen mellan s\u00e4ndaren och mottagaren \u00e4r krypterad med Kelloq\u00ae \u201dRolling code\u201d vilket g\u00f6r den mycket sv\u00e5r att kopiera. CE-godk\u00e4nd samt R&amp;TTE-certifierad. Str\u00f6mf\u00f6rbrukning: 4mA vid s\u00e4ndning. Frekvens: 433.92MHz AM.<\/p>","protected":false},"excerpt":{"rendered":"<p>DigiTag LR ber\u00f6ringsfri s\u00e4ndare \u00e4r en unik serie av s\u00e5 kallade aktiva proxbrickor eller l\u00e5ngdistanstaggar f\u00f6r riktigt ber\u00f6ringsfri passering, s\u00e4ndaren<\/p>","protected":false},"featured_media":83620,"template":"","meta":{"_acf_changed":false},"product_brand":[],"product_cat":[536],"product_tag":[1610],"class_list":{"0":"post-32988","1":"product","2":"type-product","3":"status-publish","4":"has-post-thumbnail","6":"product_cat-radiosandare-mottagare","7":"product_tag-radio-sandare-digitag","8":"product_shipping_class-tunga-paket","9":"tm-no-options","11":"first","12":"outofstock","13":"sale","14":"taxable","15":"shipping-taxable","16":"product-type-simple"},"acf":[],"_links":{"self":[{"href":"https:\/\/stonehouse.se\/en\/wp-json\/wp\/v2\/product\/32988","targetHints":{"allow":["GET"]}}],"collection":[{"href":"https:\/\/stonehouse.se\/en\/wp-json\/wp\/v2\/product"}],"about":[{"href":"https:\/\/stonehouse.se\/en\/wp-json\/wp\/v2\/types\/product"}],"wp:featuredmedia":[{"embeddable":true,"href":"https:\/\/stonehouse.se\/en\/wp-json\/wp\/v2\/media\/83620"}],"wp:attachment":[{"href":"https:\/\/stonehouse.se\/en\/wp-json\/wp\/v2\/media?parent=32988"}],"wp:term":[{"taxonomy":"product_brand","embeddable":true,"href":"https:\/\/stonehouse.se\/en\/wp-json\/wp\/v2\/product_brand?post=32988"},{"taxonomy":"product_cat","embeddable":true,"href":"https:\/\/stonehouse.se\/en\/wp-json\/wp\/v2\/product_cat?post=32988"},{"taxonomy":"product_tag","embeddable":true,"href":"https:\/\/stonehouse.se\/en\/wp-json\/wp\/v2\/product_tag?post=32988"}],"curies":[{"name":"wp","href":"https:\/\/api.w.org\/{rel}","templated":true}]}}