
{"id":32993,"date":"2022-06-22T11:29:39","date_gmt":"2022-06-22T09:29:39","guid":{"rendered":"https:\/\/stonehouse.se\/produkt\/radiomottagare-sel2641r433-bd4\/"},"modified":"2026-04-08T16:47:49","modified_gmt":"2026-04-08T14:47:49","slug":"radiomottagare-sel2641r433-bd4","status":"publish","type":"product","link":"https:\/\/stonehouse.se\/en\/product\/radiomottagare-sel2641r433-bd4\/","title":{"rendered":"Radiomottagare Sel2641R433-Bd4"},"content":{"rendered":"<p>Tr\u00e5dl\u00f6s radiomottagare med plats f\u00f6r 85 s\u00e4ndare. Utm\u00e4rkt f\u00f6r att styra portar, grindar, belysning, larm, etc. Fyra rel\u00e4utg\u00e5ng programmerbara som puls eller v\u00e4xlande. Radiomottagaren \u00e4r till f\u00f6r DIN-skene montage och har ing\u00e5ngar f\u00f6r externa tryckknappar. Det finns m\u00f6jlighet att \u00f6ka r\u00e4ckvidden med hj\u00e4lp av en extern antenn (SEA433). Kryptering: KeeLoq\u00ae Rolling Code. Frekvens: 433.92MHz.<\/p>","protected":false},"excerpt":{"rendered":"<p>Tr\u00e5dl\u00f6s radiomottagare med plats f\u00f6r 85 s\u00e4ndare. Utm\u00e4rkt f\u00f6r att styra portar, grindar, belysning, larm, etc. Fyra rel\u00e4utg\u00e5ng programmerbara som<\/p>","protected":false},"featured_media":84154,"template":"","meta":{"_acf_changed":false},"product_brand":[],"product_cat":[536],"product_tag":[1605],"class_list":{"0":"post-32993","1":"product","2":"type-product","3":"status-publish","4":"has-post-thumbnail","6":"product_cat-radiosandare-mottagare","7":"product_tag-radio-mottagare-erone","8":"product_shipping_class-tunga-paket","9":"tm-no-options","11":"first","12":"outofstock","13":"sale","14":"taxable","15":"shipping-taxable","16":"product-type-simple"},"acf":[],"_links":{"self":[{"href":"https:\/\/stonehouse.se\/en\/wp-json\/wp\/v2\/product\/32993","targetHints":{"allow":["GET"]}}],"collection":[{"href":"https:\/\/stonehouse.se\/en\/wp-json\/wp\/v2\/product"}],"about":[{"href":"https:\/\/stonehouse.se\/en\/wp-json\/wp\/v2\/types\/product"}],"wp:featuredmedia":[{"embeddable":true,"href":"https:\/\/stonehouse.se\/en\/wp-json\/wp\/v2\/media\/84154"}],"wp:attachment":[{"href":"https:\/\/stonehouse.se\/en\/wp-json\/wp\/v2\/media?parent=32993"}],"wp:term":[{"taxonomy":"product_brand","embeddable":true,"href":"https:\/\/stonehouse.se\/en\/wp-json\/wp\/v2\/product_brand?post=32993"},{"taxonomy":"product_cat","embeddable":true,"href":"https:\/\/stonehouse.se\/en\/wp-json\/wp\/v2\/product_cat?post=32993"},{"taxonomy":"product_tag","embeddable":true,"href":"https:\/\/stonehouse.se\/en\/wp-json\/wp\/v2\/product_tag?post=32993"}],"curies":[{"name":"wp","href":"https:\/\/api.w.org\/{rel}","templated":true}]}}