
{"id":33000,"date":"2022-06-22T11:27:48","date_gmt":"2022-06-22T09:27:48","guid":{"rendered":"https:\/\/stonehouse.se\/produkt\/radiomottagare-sel2641r433-xpl-3\/"},"modified":"2026-04-08T16:56:44","modified_gmt":"2026-04-08T14:56:44","slug":"radiomottagare-sel2641r433-xpl-3","status":"publish","type":"product","link":"https:\/\/stonehouse.se\/en\/product\/radiomottagare-sel2641r433-xpl-3\/","title":{"rendered":"Radiomottagare Sel2641R433-Xpl"},"content":{"rendered":"<p>Tr\u00e5dl\u00f6s radiomottagare med plats f\u00f6r 500 s\u00e4ndare. Utm\u00e4rkt f\u00f6r att styra portar, grindar, belysning, larm, etc. En 3,5kW rel\u00e4utg\u00e5ng programmerbara som puls, v\u00e4xlande, tidsstyrda eller p\u00e5\/av funktion. Radiomottagaren har en upplyst LCD-display f\u00f6r enkel programmering. Det finns m\u00f6jlighet att g\u00f6ra en batchinladdning av s\u00e4ndare i serienummersordning och backup p\u00e5 minnet (MXPL) samt m\u00f6jlighet att \u00f6ka r\u00e4ckvidden med hj\u00e4lp av en extern antenn (SEA433). Kryptering: KeeLoq\u00ae Rolling Code. Frekvens: 433.92MHz.<\/p>","protected":false},"excerpt":{"rendered":"<p>Tr\u00e5dl\u00f6s radiomottagare med plats f\u00f6r 500 s\u00e4ndare. Utm\u00e4rkt f\u00f6r att styra portar, grindar, belysning, larm, etc. En 3,5kW rel\u00e4utg\u00e5ng programmerbara<\/p>","protected":false},"featured_media":83762,"template":"","meta":{"_acf_changed":false},"product_brand":[],"product_cat":[536],"product_tag":[1605],"class_list":{"0":"post-33000","1":"product","2":"type-product","3":"status-publish","4":"has-post-thumbnail","6":"product_cat-radiosandare-mottagare","7":"product_tag-radio-mottagare-erone","8":"product_shipping_class-tunga-paket","9":"tm-no-options","11":"first","12":"outofstock","13":"sale","14":"taxable","15":"shipping-taxable","16":"product-type-simple"},"acf":[],"_links":{"self":[{"href":"https:\/\/stonehouse.se\/en\/wp-json\/wp\/v2\/product\/33000","targetHints":{"allow":["GET"]}}],"collection":[{"href":"https:\/\/stonehouse.se\/en\/wp-json\/wp\/v2\/product"}],"about":[{"href":"https:\/\/stonehouse.se\/en\/wp-json\/wp\/v2\/types\/product"}],"wp:featuredmedia":[{"embeddable":true,"href":"https:\/\/stonehouse.se\/en\/wp-json\/wp\/v2\/media\/83762"}],"wp:attachment":[{"href":"https:\/\/stonehouse.se\/en\/wp-json\/wp\/v2\/media?parent=33000"}],"wp:term":[{"taxonomy":"product_brand","embeddable":true,"href":"https:\/\/stonehouse.se\/en\/wp-json\/wp\/v2\/product_brand?post=33000"},{"taxonomy":"product_cat","embeddable":true,"href":"https:\/\/stonehouse.se\/en\/wp-json\/wp\/v2\/product_cat?post=33000"},{"taxonomy":"product_tag","embeddable":true,"href":"https:\/\/stonehouse.se\/en\/wp-json\/wp\/v2\/product_tag?post=33000"}],"curies":[{"name":"wp","href":"https:\/\/api.w.org\/{rel}","templated":true}]}}