
{"id":33002,"date":"2022-06-22T11:27:19","date_gmt":"2022-06-22T09:27:19","guid":{"rendered":"https:\/\/stonehouse.se\/produkt\/radiomottagare-sel2641r433-nnv\/"},"modified":"2026-04-08T16:57:38","modified_gmt":"2026-04-08T14:57:38","slug":"radiomottagare-sel2641r433-nnv","status":"publish","type":"product","link":"https:\/\/stonehouse.se\/en\/product\/radiomottagare-sel2641r433-nnv\/","title":{"rendered":"Radiomottagare Sel2641R433-Nnv"},"content":{"rendered":"<p>Tr\u00e5dl\u00f6s radiomottagare med plats f\u00f6r 85 s\u00e4ndare. Utm\u00e4rkt f\u00f6r att styra portar, grindar, belysning, etc. En rel\u00e4utg\u00e5ng programmerbara som puls eller v\u00e4xlande. Radiomottagaren \u00e4r v\u00e4ldigt liten vilket g\u00f6r den smidig att bygga in i de flesta apparater. Matningssp\u00e4nning 230Vac. Max belastning 500W. Kryptering: KeeLoq\u00ae Rolling Code. Frekvens: 433.92MHz.<\/p>","protected":false},"excerpt":{"rendered":"<p>Tr\u00e5dl\u00f6s radiomottagare med plats f\u00f6r 85 s\u00e4ndare. Utm\u00e4rkt f\u00f6r att styra portar, grindar, belysning, etc. En rel\u00e4utg\u00e5ng programmerbara som puls<\/p>","protected":false},"featured_media":83682,"template":"","meta":{"_acf_changed":false},"product_brand":[],"product_cat":[536],"product_tag":[1605],"class_list":{"0":"post-33002","1":"product","2":"type-product","3":"status-publish","4":"has-post-thumbnail","6":"product_cat-radiosandare-mottagare","7":"product_tag-radio-mottagare-erone","8":"product_shipping_class-tunga-paket","9":"tm-no-options","11":"first","12":"outofstock","13":"sale","14":"taxable","15":"shipping-taxable","16":"product-type-simple"},"acf":[],"_links":{"self":[{"href":"https:\/\/stonehouse.se\/en\/wp-json\/wp\/v2\/product\/33002","targetHints":{"allow":["GET"]}}],"collection":[{"href":"https:\/\/stonehouse.se\/en\/wp-json\/wp\/v2\/product"}],"about":[{"href":"https:\/\/stonehouse.se\/en\/wp-json\/wp\/v2\/types\/product"}],"wp:featuredmedia":[{"embeddable":true,"href":"https:\/\/stonehouse.se\/en\/wp-json\/wp\/v2\/media\/83682"}],"wp:attachment":[{"href":"https:\/\/stonehouse.se\/en\/wp-json\/wp\/v2\/media?parent=33002"}],"wp:term":[{"taxonomy":"product_brand","embeddable":true,"href":"https:\/\/stonehouse.se\/en\/wp-json\/wp\/v2\/product_brand?post=33002"},{"taxonomy":"product_cat","embeddable":true,"href":"https:\/\/stonehouse.se\/en\/wp-json\/wp\/v2\/product_cat?post=33002"},{"taxonomy":"product_tag","embeddable":true,"href":"https:\/\/stonehouse.se\/en\/wp-json\/wp\/v2\/product_tag?post=33002"}],"curies":[{"name":"wp","href":"https:\/\/api.w.org\/{rel}","templated":true}]}}