
{"id":33005,"date":"2022-06-22T11:25:43","date_gmt":"2022-06-22T09:25:43","guid":{"rendered":"https:\/\/stonehouse.se\/produkt\/radiosandare-setr2641am1\/"},"modified":"2026-04-08T16:58:27","modified_gmt":"2026-04-08T14:58:27","slug":"radiosandare-setr2641am1","status":"publish","type":"product","link":"https:\/\/stonehouse.se\/en\/product\/radiosandare-setr2641am1\/","title":{"rendered":"Radios\u00e4ndare Setr2641Am1"},"content":{"rendered":"<h4><span style=\"text-decoration: underline\"><strong>Denna fj\u00e4rrkontroll kan du k\u00f6pa till valfri gravyr p\u00e5 &#8211; Tryck p\u00e5 knappen &#8220;Anpassa produkt&#8221;<\/strong><\/span><\/h4>\n<p>Liten radios\u00e4ndare med en knapp i ergonomisk design, v\u00e5ran absolut minsta s\u00e4ndare som passar perfekt att ha p\u00e5 t.ex. nyckelknippan.<\/p>\n<p>Passar till alla CDVI:s radiomottagare som arbetar p\u00e5 samma frekvens (433.92MHz).<\/p>\n<p>Utm\u00e4rkt f\u00f6r att styra d\u00f6rrautomatiker, belysning, larm etc.<\/p>","protected":false},"excerpt":{"rendered":"<p>Denna fj\u00e4rrkontroll kan du k\u00f6pa till valfri gravyr p\u00e5 &#8211; Tryck p\u00e5 knappen &#8220;Anpassa produkt&#8221; Liten radios\u00e4ndare med en knapp<\/p>","protected":false},"featured_media":84165,"template":"","meta":{"_acf_changed":false},"product_brand":[],"product_cat":[536],"product_tag":[1606],"class_list":{"0":"post-33005","1":"product","2":"type-product","3":"status-publish","4":"has-post-thumbnail","6":"product_cat-radiosandare-mottagare","7":"product_tag-radio-sandare-erone","8":"product_shipping_class-postnord-varubrev","9":"pa_brands-cdvi","10":"tm-no-options","12":"first","13":"outofstock","14":"sale","15":"taxable","16":"shipping-taxable","17":"product-type-simple"},"acf":[],"_links":{"self":[{"href":"https:\/\/stonehouse.se\/en\/wp-json\/wp\/v2\/product\/33005","targetHints":{"allow":["GET"]}}],"collection":[{"href":"https:\/\/stonehouse.se\/en\/wp-json\/wp\/v2\/product"}],"about":[{"href":"https:\/\/stonehouse.se\/en\/wp-json\/wp\/v2\/types\/product"}],"wp:featuredmedia":[{"embeddable":true,"href":"https:\/\/stonehouse.se\/en\/wp-json\/wp\/v2\/media\/84165"}],"wp:attachment":[{"href":"https:\/\/stonehouse.se\/en\/wp-json\/wp\/v2\/media?parent=33005"}],"wp:term":[{"taxonomy":"product_brand","embeddable":true,"href":"https:\/\/stonehouse.se\/en\/wp-json\/wp\/v2\/product_brand?post=33005"},{"taxonomy":"product_cat","embeddable":true,"href":"https:\/\/stonehouse.se\/en\/wp-json\/wp\/v2\/product_cat?post=33005"},{"taxonomy":"product_tag","embeddable":true,"href":"https:\/\/stonehouse.se\/en\/wp-json\/wp\/v2\/product_tag?post=33005"}],"curies":[{"name":"wp","href":"https:\/\/api.w.org\/{rel}","templated":true}]}}