
{"id":33008,"date":"2022-06-22T11:23:25","date_gmt":"2022-06-22T09:23:25","guid":{"rendered":"https:\/\/stonehouse.se\/produkt\/tradlost-kodlas-galeo-r\/"},"modified":"2026-04-08T16:42:35","modified_gmt":"2026-04-08T14:42:35","slug":"tradlost-kodlas-galeo-r","status":"publish","type":"product","link":"https:\/\/stonehouse.se\/en\/product\/tradlost-kodlas-galeo-r\/","title":{"rendered":"Tr\u00e5dl\u00f6st Kodl\u00e5s Galeo R"},"content":{"rendered":"<h1>Tr\u00e5dl\u00f6st Kodl\u00e5s Galeo R<\/h1>\n<p>GALEO R \u00e4r ett vandals\u00e4kert, tr\u00e5dl\u00f6st kodl\u00e5s med 22 st valfria fyra- eller femsiffriga anv\u00e4ndarkoder.<\/p>\n<p>All programmering sker via knappsatsen.<\/p>\n<p>Kan styra tv\u00e5 d\u00f6rrar\/funktioner.<\/p>\n<p>Kodl\u00e5s tillverkat i gjutaluminium.<\/p>\n<p>Bakgrundsbelysta knappar med 5 sekunders belysningstid efter sista knapptryckning.<\/p>\n<p>Passar till alla CDVI:s radiomottagare som arbetar p\u00e5 samma frekvens (433.92MHz).<\/p>\n<p>Utm\u00e4rkt f\u00f6r att styra d\u00f6rrautomatiker, l\u00e5s, passersystem etc.<\/p>\n<p>Kapslingsklass: IP64 (kan monteras utan v\u00e4derskydd)<\/p>","protected":false},"excerpt":{"rendered":"<p>GALEO R \u00e4r ett vandals\u00e4kert, tr\u00e5dl\u00f6st kodl\u00e5s med 22 st valfria fyra- eller femsiffriga anv\u00e4ndarkoder.<\/p>","protected":false},"featured_media":84184,"template":"","meta":{"_acf_changed":false},"product_brand":[],"product_cat":[536],"product_tag":[],"class_list":{"0":"post-33008","1":"product","2":"type-product","3":"status-publish","4":"has-post-thumbnail","6":"product_cat-radiosandare-mottagare","7":"product_shipping_class-tunga-paket","8":"pa_farg-gra","9":"tm-no-options","11":"first","12":"outofstock","13":"sale","14":"taxable","15":"shipping-taxable","16":"product-type-simple"},"acf":[],"_links":{"self":[{"href":"https:\/\/stonehouse.se\/en\/wp-json\/wp\/v2\/product\/33008","targetHints":{"allow":["GET"]}}],"collection":[{"href":"https:\/\/stonehouse.se\/en\/wp-json\/wp\/v2\/product"}],"about":[{"href":"https:\/\/stonehouse.se\/en\/wp-json\/wp\/v2\/types\/product"}],"wp:featuredmedia":[{"embeddable":true,"href":"https:\/\/stonehouse.se\/en\/wp-json\/wp\/v2\/media\/84184"}],"wp:attachment":[{"href":"https:\/\/stonehouse.se\/en\/wp-json\/wp\/v2\/media?parent=33008"}],"wp:term":[{"taxonomy":"product_brand","embeddable":true,"href":"https:\/\/stonehouse.se\/en\/wp-json\/wp\/v2\/product_brand?post=33008"},{"taxonomy":"product_cat","embeddable":true,"href":"https:\/\/stonehouse.se\/en\/wp-json\/wp\/v2\/product_cat?post=33008"},{"taxonomy":"product_tag","embeddable":true,"href":"https:\/\/stonehouse.se\/en\/wp-json\/wp\/v2\/product_tag?post=33008"}],"curies":[{"name":"wp","href":"https:\/\/api.w.org\/{rel}","templated":true}]}}