
{"id":33009,"date":"2022-06-22T11:23:08","date_gmt":"2022-06-22T09:23:08","guid":{"rendered":"https:\/\/stonehouse.se\/produkt\/repeater-ser2641r4t4\/"},"modified":"2026-04-08T16:43:02","modified_gmt":"2026-04-08T14:43:02","slug":"repeater-ser2641r4t4","status":"publish","type":"product","link":"https:\/\/stonehouse.se\/en\/product\/repeater-ser2641r4t4\/","title":{"rendered":"Repeater Ser2641R4T4"},"content":{"rendered":"<p>RF Repeater f\u00f6r CDVI:s sortiment av tr\u00e5dl\u00f6sa s\u00e4ndare f\u00f6r att f\u00f6rl\u00e4nga r\u00e4ckvidden. Monteras direkt i ett 230v v\u00e4gguttag, inga andra kablar kr\u00e4vs. Upprepar signalen p\u00e5 upp till 85 stycken 433.92MHz s\u00e4ndare som finns memorerade i det inbyggda EEPROM minnet.<\/p>","protected":false},"excerpt":{"rendered":"<p>RF Repeater f\u00f6r CDVI:s sortiment av tr\u00e5dl\u00f6sa s\u00e4ndare f\u00f6r att f\u00f6rl\u00e4nga r\u00e4ckvidden. Monteras direkt i ett 230v v\u00e4gguttag, inga andra<\/p>","protected":false},"featured_media":84186,"template":"","meta":{"_acf_changed":false},"product_brand":[],"product_cat":[536],"product_tag":[1606],"class_list":{"0":"post-33009","1":"product","2":"type-product","3":"status-publish","4":"has-post-thumbnail","6":"product_cat-radiosandare-mottagare","7":"product_tag-radio-sandare-erone","8":"product_shipping_class-postnord-varubrev","9":"pa_brands-cdvi","10":"tm-no-options","12":"first","13":"outofstock","14":"sale","15":"taxable","16":"shipping-taxable","17":"product-type-simple"},"acf":[],"_links":{"self":[{"href":"https:\/\/stonehouse.se\/en\/wp-json\/wp\/v2\/product\/33009","targetHints":{"allow":["GET"]}}],"collection":[{"href":"https:\/\/stonehouse.se\/en\/wp-json\/wp\/v2\/product"}],"about":[{"href":"https:\/\/stonehouse.se\/en\/wp-json\/wp\/v2\/types\/product"}],"wp:featuredmedia":[{"embeddable":true,"href":"https:\/\/stonehouse.se\/en\/wp-json\/wp\/v2\/media\/84186"}],"wp:attachment":[{"href":"https:\/\/stonehouse.se\/en\/wp-json\/wp\/v2\/media?parent=33009"}],"wp:term":[{"taxonomy":"product_brand","embeddable":true,"href":"https:\/\/stonehouse.se\/en\/wp-json\/wp\/v2\/product_brand?post=33009"},{"taxonomy":"product_cat","embeddable":true,"href":"https:\/\/stonehouse.se\/en\/wp-json\/wp\/v2\/product_cat?post=33009"},{"taxonomy":"product_tag","embeddable":true,"href":"https:\/\/stonehouse.se\/en\/wp-json\/wp\/v2\/product_tag?post=33009"}],"curies":[{"name":"wp","href":"https:\/\/api.w.org\/{rel}","templated":true}]}}