
{"id":33010,"date":"2022-06-22T11:22:50","date_gmt":"2022-06-22T09:22:50","guid":{"rendered":"https:\/\/stonehouse.se\/produkt\/radiosandare-setmc433-bd\/"},"modified":"2026-04-08T16:50:54","modified_gmt":"2026-04-08T14:50:54","slug":"radiosandare-setmc433-bd","status":"publish","type":"product","link":"https:\/\/stonehouse.se\/en\/product\/radiosandare-setmc433-bd\/","title":{"rendered":"Radios\u00e4ndare Setmc433-Bd"},"content":{"rendered":"<p>Radios\u00e4ndare f\u00f6r DIN-montage med fyra kanal, kan monteras inomhus och har l\u00e5ng r\u00e4ckvidd. Radios\u00e4ndaren har fyra stycken ing\u00e5ngar f\u00f6r externa tryckknappar och signalstyrkan kan f\u00f6rb\u00e4ttras med hj\u00e4lp av en antenn (SEA433). Passar till alla CDVI:s radiomottagare som arbetar p\u00e5 samma frekvens (433.92MHz). Utm\u00e4rkt f\u00f6r att styra d\u00f6rrautomatiker, belysning, larm etc.<\/p>","protected":false},"excerpt":{"rendered":"<p>Radios\u00e4ndare f\u00f6r DIN-montage med fyra kanal, kan monteras inomhus och har l\u00e5ng r\u00e4ckvidd. Radios\u00e4ndaren har fyra stycken ing\u00e5ngar f\u00f6r externa<\/p>","protected":false},"featured_media":83696,"template":"","meta":{"_acf_changed":false},"product_brand":[],"product_cat":[536],"product_tag":[1606],"class_list":{"0":"post-33010","1":"product","2":"type-product","3":"status-publish","4":"has-post-thumbnail","6":"product_cat-radiosandare-mottagare","7":"product_tag-radio-sandare-erone","8":"product_shipping_class-postnord-varubrev","9":"pa_brands-cdvi","10":"tm-no-options","12":"first","13":"outofstock","14":"sale","15":"taxable","16":"shipping-taxable","17":"product-type-simple"},"acf":[],"_links":{"self":[{"href":"https:\/\/stonehouse.se\/en\/wp-json\/wp\/v2\/product\/33010","targetHints":{"allow":["GET"]}}],"collection":[{"href":"https:\/\/stonehouse.se\/en\/wp-json\/wp\/v2\/product"}],"about":[{"href":"https:\/\/stonehouse.se\/en\/wp-json\/wp\/v2\/types\/product"}],"wp:featuredmedia":[{"embeddable":true,"href":"https:\/\/stonehouse.se\/en\/wp-json\/wp\/v2\/media\/83696"}],"wp:attachment":[{"href":"https:\/\/stonehouse.se\/en\/wp-json\/wp\/v2\/media?parent=33010"}],"wp:term":[{"taxonomy":"product_brand","embeddable":true,"href":"https:\/\/stonehouse.se\/en\/wp-json\/wp\/v2\/product_brand?post=33010"},{"taxonomy":"product_cat","embeddable":true,"href":"https:\/\/stonehouse.se\/en\/wp-json\/wp\/v2\/product_cat?post=33010"},{"taxonomy":"product_tag","embeddable":true,"href":"https:\/\/stonehouse.se\/en\/wp-json\/wp\/v2\/product_tag?post=33010"}],"curies":[{"name":"wp","href":"https:\/\/api.w.org\/{rel}","templated":true}]}}