
{"id":33014,"date":"2022-06-22T11:20:26","date_gmt":"2022-06-22T09:20:26","guid":{"rendered":"https:\/\/stonehouse.se\/produkt\/radiosandare-tmf2641e1\/"},"modified":"2026-04-08T16:41:03","modified_gmt":"2026-04-08T14:41:03","slug":"radiosandare-tmf2641e1","status":"publish","type":"product","link":"https:\/\/stonehouse.se\/en\/product\/radiosandare-tmf2641e1\/","title":{"rendered":"Radios\u00e4ndare Tmf2641E1"},"content":{"rendered":"<p>V\u00e4ldigt liten och smidig radios\u00e4ndare f\u00f6r inbyggnad, perfekt f\u00f6r att bygga in i apparatdosor. Med den h\u00e4r lilla radios\u00e4ndaren f\u00f6r du om vilken NO-utg\u00e5ng som helst till en radiosignal. Du slipper dra kablar samtidigt som du f\u00e5r en drifts\u00e4ker och kostnadseffektiv l\u00f6sning. Radios\u00e4ndaren har en r\u00e4ckvidd p\u00e5 upp till 500 meter och drivs av en 230Vac fast sp\u00e4nningsmatning. Radios\u00e4ndarens kommunikation \u00e4r krypterad med Keeloq\u00ae Rolling Code och har 264 kodkombinationer vilket ger den en v\u00e4ldigt h\u00f6g s\u00e4kerhet.<\/p>","protected":false},"excerpt":{"rendered":"<p>V\u00e4ldigt liten och smidig radios\u00e4ndare f\u00f6r inbyggnad, perfekt f\u00f6r att bygga in i apparatdosor. Med den h\u00e4r lilla radios\u00e4ndaren f\u00f6r<\/p>","protected":false},"featured_media":83706,"template":"","meta":{"_acf_changed":false},"product_brand":[],"product_cat":[536],"product_tag":[1606],"class_list":{"0":"post-33014","1":"product","2":"type-product","3":"status-publish","4":"has-post-thumbnail","6":"product_cat-radiosandare-mottagare","7":"product_tag-radio-sandare-erone","8":"product_shipping_class-postnord-varubrev","9":"pa_brands-cdvi","10":"tm-no-options","12":"first","13":"outofstock","14":"sale","15":"taxable","16":"shipping-taxable","17":"product-type-simple"},"acf":[],"_links":{"self":[{"href":"https:\/\/stonehouse.se\/en\/wp-json\/wp\/v2\/product\/33014","targetHints":{"allow":["GET"]}}],"collection":[{"href":"https:\/\/stonehouse.se\/en\/wp-json\/wp\/v2\/product"}],"about":[{"href":"https:\/\/stonehouse.se\/en\/wp-json\/wp\/v2\/types\/product"}],"wp:featuredmedia":[{"embeddable":true,"href":"https:\/\/stonehouse.se\/en\/wp-json\/wp\/v2\/media\/83706"}],"wp:attachment":[{"href":"https:\/\/stonehouse.se\/en\/wp-json\/wp\/v2\/media?parent=33014"}],"wp:term":[{"taxonomy":"product_brand","embeddable":true,"href":"https:\/\/stonehouse.se\/en\/wp-json\/wp\/v2\/product_brand?post=33014"},{"taxonomy":"product_cat","embeddable":true,"href":"https:\/\/stonehouse.se\/en\/wp-json\/wp\/v2\/product_cat?post=33014"},{"taxonomy":"product_tag","embeddable":true,"href":"https:\/\/stonehouse.se\/en\/wp-json\/wp\/v2\/product_tag?post=33014"}],"curies":[{"name":"wp","href":"https:\/\/api.w.org\/{rel}","templated":true}]}}