
{"id":33026,"date":"2022-06-21T17:57:40","date_gmt":"2022-06-21T15:57:40","guid":{"rendered":"https:\/\/stonehouse.se\/produkt\/fargo-dtc4500e-dual-sided-id-card-printer-with-dual-sided-lamination\/"},"modified":"2026-04-08T16:27:08","modified_gmt":"2026-04-08T14:27:08","slug":"kortskrivare-fargo-dtc4500e-lamination-magnetic-encoder","status":"publish","type":"product","link":"https:\/\/stonehouse.se\/en\/product\/kortskrivare-fargo-dtc4500e-lamination-magnetic-encoder\/","title":{"rendered":"Card Printer Fargo DTC4500e Duplex \u2013 With Lamination and ISO Magnetic Encoder"},"content":{"rendered":"<div class=\"long_desc\">\n<p><strong>Maximal prestanda med Fargo DTC4500e:<\/strong> Fargo DTC4500e Dual-Sided ID-kortsskrivare \u00e4r designad f\u00f6r organisationer som beh\u00f6ver h\u00f6g kapacitet och flexibilitet i sin ID-kortsutskrift. Med en robust och p\u00e5litlig utskriftsmotor levererar denna skrivare hastighet, kraft och m\u00e5ngsidighet.<\/p>\n<p><strong>Features and Benefits:<\/strong><\/p>\n<ul>\n<li><strong>H\u00f6g kapacitet:<\/strong> Utrustad med stora rullar som m\u00f6jligg\u00f6r dubbelt s\u00e5 m\u00e5nga f\u00e4rgkort innan rullen beh\u00f6ver bytas, vilket sparar tid och \u00f6kar effektiviteten.<\/li>\n<li><strong>S\u00e4kerhet:<\/strong> Den patenterade s\u00e4kerhetsl\u00f6sningen och ISO Magnetic Encoder g\u00f6r att du kan koda kort med s\u00e4kerhetsinformation.<\/li>\n<li><strong>Flexibilitet:<\/strong> Modularitet i designen m\u00f6jligg\u00f6r f\u00e4ltuppgraderingar f\u00f6r lamination och teknik kortkodning.<\/li>\n<li><strong>Anslutningar:<\/strong> Integreras enkelt i befintliga IT-infrastrukturer via USB och Ethernet, vilket till\u00e5ter centraliserad eller fj\u00e4rr-ID-kortsutf\u00e4rdande.<\/li>\n<\/ul>\n<p><strong>Technical Specification:<\/strong><\/p>\n<ul>\n<li><strong>Utskriftshastighet:<\/strong> Upp till 120 kort per timme (f\u00e4rgutskrift, dubbel-sidig).<\/li>\n<li><strong>Capacity:<\/strong> Dual-input kortmatare f\u00f6r 200 kort och utmatning av upp till 100 kort.<\/li>\n<li><strong>Korttyp:<\/strong> ISO 7810-format, CR80, ID-1-storlek, kompatibel med PVC, PET och PC-kort.<\/li>\n<\/ul>\n<p>Med sin tre\u00e5riga garanti och h\u00e5llbara design erbjuder Fargo DTC4500e en p\u00e5litlig och l\u00e5ngsiktig l\u00f6sning f\u00f6r alla dina ID-kortsutskriftsbehov.<\/p>\n<\/div>","protected":false},"excerpt":{"rendered":"<p>The Fargo DTC4500e is a dual-sided ID card printer with USB, Ethernet and ISO Magnetic Stripe Encoder.<\/p>\n<p>It offers high volume and quality with lamination, ensuring long-lasting and secure ID cards.<\/p>\n<p>With lockable trays for added security and an impressive print capacity, the DTC4500e is the perfect solution for your ID card needs.<\/p>","protected":false},"featured_media":84158,"template":"","meta":{"_acf_changed":false},"product_brand":[],"product_cat":[544,2653],"product_tag":[2192,2641,2664,3726,2508],"class_list":{"0":"post-33026","1":"product","2":"type-product","3":"status-publish","4":"has-post-thumbnail","6":"product_cat-kortskrivare","7":"product_cat-fargo-kortskrivare","8":"product_tag-kortprinter-direct-to-card","9":"product_tag-dubbelsidig-dual-side","10":"product_tag-fargo","11":"product_tag-pf","12":"product_tag-trade-produkt","13":"product_shipping_class-tunga-paket","14":"pa_brands-fargo","15":"pa_fabrikat-kortskrivare-fargo","16":"tm-no-options","18":"first","19":"outofstock","20":"sale","21":"taxable","22":"shipping-taxable","23":"product-type-simple"},"acf":[],"_links":{"self":[{"href":"https:\/\/stonehouse.se\/en\/wp-json\/wp\/v2\/product\/33026","targetHints":{"allow":["GET"]}}],"collection":[{"href":"https:\/\/stonehouse.se\/en\/wp-json\/wp\/v2\/product"}],"about":[{"href":"https:\/\/stonehouse.se\/en\/wp-json\/wp\/v2\/types\/product"}],"wp:featuredmedia":[{"embeddable":true,"href":"https:\/\/stonehouse.se\/en\/wp-json\/wp\/v2\/media\/84158"}],"wp:attachment":[{"href":"https:\/\/stonehouse.se\/en\/wp-json\/wp\/v2\/media?parent=33026"}],"wp:term":[{"taxonomy":"product_brand","embeddable":true,"href":"https:\/\/stonehouse.se\/en\/wp-json\/wp\/v2\/product_brand?post=33026"},{"taxonomy":"product_cat","embeddable":true,"href":"https:\/\/stonehouse.se\/en\/wp-json\/wp\/v2\/product_cat?post=33026"},{"taxonomy":"product_tag","embeddable":true,"href":"https:\/\/stonehouse.se\/en\/wp-json\/wp\/v2\/product_tag?post=33026"}],"curies":[{"name":"wp","href":"https:\/\/api.w.org\/{rel}","templated":true}]}}