
{"id":33199,"date":"2022-06-21T17:59:05","date_gmt":"2022-06-21T15:59:05","guid":{"rendered":"https:\/\/stonehouse.se\/produkt\/evolis-primacy-2-duplex-expert-id-card-printer-printer-dual-sided\/"},"modified":"2026-04-07T13:21:56","modified_gmt":"2026-04-07T11:21:56","slug":"kortskrivare-evolis-primacy-2-duplex-expert","status":"publish","type":"product","link":"https:\/\/stonehouse.se\/en\/product\/kortskrivare-evolis-primacy-2-duplex-expert\/","title":{"rendered":"Kortskrivare Evolis Primacy 2 Duplex Expert &#8211; ID-kortsskrivare"},"content":{"rendered":"<p><strong>Effektiv och p\u00e5litlig ID-kortsutskrift med Evolis Primacy 2:<\/strong> Evolis Primacy 2 Duplex Expert \u00e4r designad f\u00f6r att leverera fantastiska resultat med h\u00f6gpresterande utskrifter.<\/p>\n<p>Den f\u00f6rb\u00e4ttrar och bygger vidare p\u00e5 framg\u00e5ngarna fr\u00e5n den tidigare modellen, Primacy, och erbjuder snabbare utskriftshastigheter, f\u00f6rb\u00e4ttrad s\u00e4kerhet och en b\u00e4ttre anv\u00e4ndarupplevelse.<\/p>\n<p><strong>Funktioner och F\u00f6rdelar:<\/strong><\/p>\n<ul>\n<li><strong>H\u00f6gkvalitativa utskrifter:<\/strong> Med 300 och 600 DPI kan du producera skarpa och detaljerade kort som ser professionella ut.<\/li>\n<li><strong>Snabb utskrift:<\/strong> Denna skrivare kan snabbt producera stora volymer av ID-kort, vilket g\u00f6r den perfekt f\u00f6r medelstora till stora f\u00f6retag.<\/li>\n<li><strong>Flexibilitet:<\/strong> Multipla utskriftsalternativ f\u00f6r att anpassa sig till olika kortbehov.<\/li>\n<li><strong>Anv\u00e4ndarv\u00e4nlig:<\/strong> Levereras med EasyBadge Lite programvara f\u00f6r enkel design av kort.<\/li>\n<\/ul>\n<p><strong>Teknisk Specifikation:<\/strong><\/p>\n<ul>\n<li><strong>Utskriftshastighet:<\/strong> Upp till 225 f\u00e4rgkort per timme (f\u00e4rgutskrift, dubbel-sidig).<\/li>\n<li><strong>Kapacitet:<\/strong> Dual-input kortmatare f\u00f6r 200 kort.<\/li>\n<li><strong>Korttyp:<\/strong> ISO 7810-format, CR80, ID-1-storlek, kompatibel med PVC, PET och PC-kort.<\/li>\n<li><strong>Anslutningar:<\/strong> USB och Ethernet.<\/li>\n<\/ul>\n<p>Med sin tre\u00e5riga garanti och robusta design \u00e4r Evolis Primacy 2 Duplex Expert en p\u00e5litlig och effektiv l\u00f6sning f\u00f6r alla dina ID-kortsutskriftsbehov.<\/p>","protected":false},"excerpt":{"rendered":"<p>Evolis Primacy 2 Duplex Expert ID-kortsskrivare erbjuder h\u00f6gpresterande utskrifter med en utskriftskvalitet p\u00e5 300 och 600 DPI.<\/p>\n<p>Denna dubbelsidiga skrivare har en imponerande hastighet och kan producera h\u00f6g volym kort p\u00e5 kort tid.<\/p>\n<p>Inkluderar en tre\u00e5rig garanti och gratis EasyBadge Lite programvara, vilket g\u00f6r den till en idealisk l\u00f6sning f\u00f6r f\u00f6retag som kr\u00e4ver effektivitet och kvalitet.<\/p>","protected":false},"featured_media":84439,"template":"","meta":{"_acf_changed":false},"product_brand":[],"product_cat":[544,2652],"product_tag":[2192,2641,2663,3726,2508],"class_list":{"0":"post-33199","1":"product","2":"type-product","3":"status-publish","4":"has-post-thumbnail","6":"product_cat-kortskrivare","7":"product_cat-evolis-kortskrivare","8":"product_tag-kortprinter-direct-to-card","9":"product_tag-dubbelsidig-dual-side","10":"product_tag-evolis","11":"product_tag-pf","12":"product_tag-trade-produkt","13":"product_shipping_class-tunga-paket","14":"pa_brands-evolis","15":"pa_fabrikat-kortskrivare-evolis","16":"tm-no-options","18":"first","19":"instock","20":"sale","21":"taxable","22":"shipping-taxable","23":"product-type-simple"},"acf":[],"_links":{"self":[{"href":"https:\/\/stonehouse.se\/en\/wp-json\/wp\/v2\/product\/33199","targetHints":{"allow":["GET"]}}],"collection":[{"href":"https:\/\/stonehouse.se\/en\/wp-json\/wp\/v2\/product"}],"about":[{"href":"https:\/\/stonehouse.se\/en\/wp-json\/wp\/v2\/types\/product"}],"wp:featuredmedia":[{"embeddable":true,"href":"https:\/\/stonehouse.se\/en\/wp-json\/wp\/v2\/media\/84439"}],"wp:attachment":[{"href":"https:\/\/stonehouse.se\/en\/wp-json\/wp\/v2\/media?parent=33199"}],"wp:term":[{"taxonomy":"product_brand","embeddable":true,"href":"https:\/\/stonehouse.se\/en\/wp-json\/wp\/v2\/product_brand?post=33199"},{"taxonomy":"product_cat","embeddable":true,"href":"https:\/\/stonehouse.se\/en\/wp-json\/wp\/v2\/product_cat?post=33199"},{"taxonomy":"product_tag","embeddable":true,"href":"https:\/\/stonehouse.se\/en\/wp-json\/wp\/v2\/product_tag?post=33199"}],"curies":[{"name":"wp","href":"https:\/\/api.w.org\/{rel}","templated":true}]}}