
{"id":33200,"date":"2022-06-21T16:58:59","date_gmt":"2022-06-21T14:58:59","guid":{"rendered":"https:\/\/stonehouse.se\/produkt\/evolis-primacy-2-simplex-wireless-id-card-printer-single-sided\/"},"modified":"2026-04-07T13:22:21","modified_gmt":"2026-04-07T11:22:21","slug":"kortskrivare-evolis-primacy-2-simplex-wireless","status":"publish","type":"product","link":"https:\/\/stonehouse.se\/en\/product\/kortskrivare-evolis-primacy-2-simplex-wireless\/","title":{"rendered":"Card printer Evolis Primacy 2 Simplex Wireless \u2013 ID card printer"},"content":{"rendered":"<p><strong>Effektiv ID-kortsutskrift med Evolis Primacy 2:<\/strong> Evolis Primacy 2 Simplex Wireless ID-kortsskrivare \u00e4r designad f\u00f6r att leverera snabb och h\u00f6gkvalitativ ID-kortsutskrift. Med sin tr\u00e5dl\u00f6sa modul kan anv\u00e4ndare enkelt skriva ut kort utan att beh\u00f6va vara kopplade till ett n\u00e4tverk, vilket ger stor flexibilitet.<\/p>\n<p><strong>Features and Benefits:<\/strong><\/p>\n<ul>\n<li><strong>Tr\u00e5dl\u00f6s utskrift:<\/strong> Utrustad med Wi-Fi-funktionalitet f\u00f6r bekv\u00e4m utskrift utan kablar.<\/li>\n<li><strong>Hastighet:<\/strong> Skriv ut f\u00e4rgkort p\u00e5 endast 13 sekunder, vilket g\u00f6r den idealisk f\u00f6r evenemang och verksamheter med h\u00f6g efterfr\u00e5gan.<\/li>\n<li><strong>S\u00e4kerhet:<\/strong> Tre\u00e5rig garanti s\u00e4kerst\u00e4ller att du har st\u00f6d och trygghet med din investering.<\/li>\n<li><strong>Anv\u00e4ndarv\u00e4nlig:<\/strong> Levereras med EasyBadge Lite programvara f\u00f6r enkel design av kort.<\/li>\n<\/ul>\n<p><strong>Technical Specification:<\/strong><\/p>\n<ul>\n<li><strong>Utskriftshastighet:<\/strong> Upp till 200 kort per timme (f\u00e4rgutskrift, enkel-sidig).<\/li>\n<li><strong>Capacity:<\/strong> 100 kort i inmatningstr\u00e5get och 50 kort i utmatningstr\u00e5get.<\/li>\n<li><strong>Korttyp:<\/strong> ISO 7810-format, CR80, ID-1-storlek, kompatibel med PVC, PET och PC-kort.<\/li>\n<li><strong>Anslutningar:<\/strong> USB och Ethernet.<\/li>\n<\/ul>\n<p>Evolis Primacy 2 Simplex Wireless \u00e4r den perfekta l\u00f6sningen f\u00f6r f\u00f6retag som s\u00f6ker en effektiv och p\u00e5litlig ID-kortsutskrift. Med snabbhet och kvalitet \u00e4r detta en skrivare du kan lita p\u00e5.<\/p>","protected":false},"excerpt":{"rendered":"<p>The Evolis Primacy 2 Simplex Wireless is a high-performance ID card printer with wireless functionality.<\/p>\n<p>It offers fast color card printing in just 13 seconds and has a three-year warranty.<\/p>\n<p>With free EasyBadge Lite software, worth \u00a380, this is an ideal solution for businesses wanting efficiency and quality in their card production.<\/p>","protected":false},"featured_media":84449,"template":"","meta":{"_acf_changed":false},"product_brand":[],"product_cat":[544,2652],"product_tag":[2192,2663,3726,2508],"class_list":{"0":"post-33200","1":"product","2":"type-product","3":"status-publish","4":"has-post-thumbnail","6":"product_cat-kortskrivare","7":"product_cat-evolis-kortskrivare","8":"product_tag-kortprinter-direct-to-card","9":"product_tag-evolis","10":"product_tag-pf","11":"product_tag-trade-produkt","12":"product_shipping_class-tunga-paket","13":"pa_brands-evolis","14":"pa_fabrikat-kortskrivare-evolis","15":"tm-no-options","17":"first","18":"instock","19":"sale","20":"taxable","21":"shipping-taxable","22":"product-type-simple"},"acf":[],"_links":{"self":[{"href":"https:\/\/stonehouse.se\/en\/wp-json\/wp\/v2\/product\/33200","targetHints":{"allow":["GET"]}}],"collection":[{"href":"https:\/\/stonehouse.se\/en\/wp-json\/wp\/v2\/product"}],"about":[{"href":"https:\/\/stonehouse.se\/en\/wp-json\/wp\/v2\/types\/product"}],"wp:featuredmedia":[{"embeddable":true,"href":"https:\/\/stonehouse.se\/en\/wp-json\/wp\/v2\/media\/84449"}],"wp:attachment":[{"href":"https:\/\/stonehouse.se\/en\/wp-json\/wp\/v2\/media?parent=33200"}],"wp:term":[{"taxonomy":"product_brand","embeddable":true,"href":"https:\/\/stonehouse.se\/en\/wp-json\/wp\/v2\/product_brand?post=33200"},{"taxonomy":"product_cat","embeddable":true,"href":"https:\/\/stonehouse.se\/en\/wp-json\/wp\/v2\/product_cat?post=33200"},{"taxonomy":"product_tag","embeddable":true,"href":"https:\/\/stonehouse.se\/en\/wp-json\/wp\/v2\/product_tag?post=33200"}],"curies":[{"name":"wp","href":"https:\/\/api.w.org\/{rel}","templated":true}]}}