
{"id":33202,"date":"2022-06-21T16:58:46","date_gmt":"2022-06-21T14:58:46","guid":{"rendered":"https:\/\/stonehouse.se\/produkt\/magicard-pronto100-id-card-printer-single-sided\/"},"modified":"2026-04-10T16:07:26","modified_gmt":"2026-04-10T14:07:26","slug":"kortskrivare-magicard-pronto100","status":"publish","type":"product","link":"https:\/\/stonehouse.se\/en\/product\/kortskrivare-magicard-pronto100\/","title":{"rendered":"Card Printer Magicard Pronto100 \u2013 ID Card Printer (Single-Sided)"},"content":{"rendered":"<header class=\"attribute-sleeve-header center\"><strong>Kompakt och h\u00f6gkvalitativ utskrift med Magicard Pronto100:<\/strong> Magicard Pronto100 \u00e4r den minsta ID-kortsskrivaren p\u00e5 marknaden, designad f\u00f6r att leverera utm\u00e4rkt utskriftskvalitet p\u00e5 ett snabbt och effektivt s\u00e4tt. Den \u00e4r perfekt f\u00f6r f\u00f6retag som beh\u00f6ver producera ID-kort, medlemskort eller andra typer av kort med h\u00f6g precision.<strong>Features and Benefits:<\/strong><\/p>\n<ul>\n<li><strong>Kompakt design:<\/strong> Mindre \u00e4n ett A4-ark, vilket g\u00f6r den idealisk f\u00f6r skrivbord och tr\u00e5nga utrymmen.<\/li>\n<li><strong>Hastighet:<\/strong> Skrivaren kan producera f\u00e4rgkort p\u00e5 bara 35 sekunder, vilket g\u00f6r den snabbare \u00e4n m\u00e5nga av sina konkurrenter.<\/li>\n<li><strong>H\u00f6guppl\u00f6st utskrift:<\/strong> Med exceptionell utskriftskvalitet ger Pronto100 skarpa och klara kort som ser professionella ut.<\/li>\n<li><strong>Anv\u00e4ndarv\u00e4nlighet:<\/strong> Enkel installation och drift med l\u00e4tt\u00e5tkomliga kontroller.<\/li>\n<\/ul>\n<p><strong>Technical Specification:<\/strong><\/p>\n<ul>\n<li><strong>Utskriftshastighet:<\/strong> Upp till 100 f\u00e4rgkort per timme (enkel-sidig).<\/li>\n<li><strong>Capacity:<\/strong> Handmatad, 50 kort i inmatning och 50 kort i utmatning.<\/li>\n<li><strong>Korttyp:<\/strong> ISO 7810-format, CR80, ID-1-storlek, kompatibel med PVC-kort.<\/li>\n<li><strong>Anslutningar:<\/strong> USB.<\/li>\n<\/ul>\n<p>Med sin kombination av hastighet, kvalitet och kompakthet \u00e4r Magicard Pronto100 en idealisk l\u00f6sning f\u00f6r alla som beh\u00f6ver en p\u00e5litlig och effektiv ID-kortsutskriftsl\u00f6sning.<\/p>\n<\/header>","protected":false},"excerpt":{"rendered":"<p>The Magicard Pronto100 ID card printer is compact and fast with a print speed that is 10% faster than its closest competitor.<\/p>\n<p>It offers unbeatable print quality and is perfect for creating high-quality ID cards for various events.<\/p>\n<p>With a free version of EasyBadge Lite software included, this is a cost-effective solution for all your card printing needs.<\/p>","protected":false},"featured_media":84458,"template":"","meta":{"_acf_changed":false},"product_brand":[],"product_cat":[544,2656],"product_tag":[2192,2661,3726,2508],"class_list":{"0":"post-33202","1":"product","2":"type-product","3":"status-publish","4":"has-post-thumbnail","6":"product_cat-kortskrivare","7":"product_cat-magicard-kortskrivare","8":"product_tag-kortprinter-direct-to-card","9":"product_tag-magicard","10":"product_tag-pf","11":"product_tag-trade-produkt","12":"product_shipping_class-tunga-paket","13":"pa_brands-magicard","14":"pa_fabrikat-kortskrivare-magicard","15":"tm-no-options","17":"first","18":"instock","19":"sale","20":"taxable","21":"shipping-taxable","22":"product-type-simple"},"acf":[],"_links":{"self":[{"href":"https:\/\/stonehouse.se\/en\/wp-json\/wp\/v2\/product\/33202","targetHints":{"allow":["GET"]}}],"collection":[{"href":"https:\/\/stonehouse.se\/en\/wp-json\/wp\/v2\/product"}],"about":[{"href":"https:\/\/stonehouse.se\/en\/wp-json\/wp\/v2\/types\/product"}],"wp:featuredmedia":[{"embeddable":true,"href":"https:\/\/stonehouse.se\/en\/wp-json\/wp\/v2\/media\/84458"}],"wp:attachment":[{"href":"https:\/\/stonehouse.se\/en\/wp-json\/wp\/v2\/media?parent=33202"}],"wp:term":[{"taxonomy":"product_brand","embeddable":true,"href":"https:\/\/stonehouse.se\/en\/wp-json\/wp\/v2\/product_brand?post=33202"},{"taxonomy":"product_cat","embeddable":true,"href":"https:\/\/stonehouse.se\/en\/wp-json\/wp\/v2\/product_cat?post=33202"},{"taxonomy":"product_tag","embeddable":true,"href":"https:\/\/stonehouse.se\/en\/wp-json\/wp\/v2\/product_tag?post=33202"}],"curies":[{"name":"wp","href":"https:\/\/api.w.org\/{rel}","templated":true}]}}