
{"id":33215,"date":"2022-06-21T16:57:46","date_gmt":"2022-06-21T14:57:46","guid":{"rendered":"https:\/\/stonehouse.se\/produkt\/zebra-zxp-series-9-retransfer-plastic-card-printer-single-sided\/"},"modified":"2026-03-10T16:02:10","modified_gmt":"2026-03-10T15:02:10","slug":"kortskrivare-zebra-zxp-series-9","status":"publish","type":"product","link":"https:\/\/stonehouse.se\/en\/product\/kortskrivare-zebra-zxp-series-9\/","title":{"rendered":"Kortskrivare Zebra ZXP Series 9 &#8211; Retransfer ID-kortsskrivare (Enkel-Sidig)"},"content":{"rendered":"<p><strong>H\u00f6gkvalitativ och s\u00e4ker ID-kortsutskrift med Zebra ZXP Series 9:<\/strong> Zebra ZXP Series 9 Retransfer ID-kortsskrivare \u00e4r designad f\u00f6r att m\u00f6ta behoven hos f\u00f6retag som kr\u00e4ver h\u00f6g s\u00e4kerhet och tillf\u00f6rlitlighet.<\/p>\n<p>Med sin retransfer-teknologi kan den producera h\u00e5llbara och fullt t\u00e4ckta kort med utm\u00e4rkt bildkvalitet.<\/p>\n<p><strong>Features and Benefits:<\/strong><\/p>\n<ul>\n<li><strong>Hastighet:<\/strong> Skrivaren kan producera upp till 190 f\u00e4rgkort per timme, vilket g\u00f6r den perfekt f\u00f6r stora utskriftsvolymer.<\/li>\n<li><strong>Lamineringsteknik:<\/strong> Den unika avfallfria laminationstekniken minimerar avfall och kostnader, vilket g\u00f6r den mer milj\u00f6v\u00e4nlig och ekonomisk.<\/li>\n<li><strong>Flexibilitet:<\/strong> Finns som en enkel- och dubbelsidig skrivare f\u00f6r att passa olika behov.<\/li>\n<li><strong>H\u00f6g s\u00e4kerhet:<\/strong> F\u00f6rb\u00e4ttrade s\u00e4kerhetsfunktioner f\u00f6r att skydda mot f\u00f6rfalskningar och obeh\u00f6rig \u00e5tkomst.<\/li>\n<\/ul>\n<p><strong>Technical Specification:<\/strong><\/p>\n<ul>\n<li><strong>Utskriftshastighet:<\/strong> Upp till 190 kort per timme (f\u00e4rgutskrift, enkel-sidig).<\/li>\n<li><strong>Capacity:<\/strong> 150 kort i inmatningstr\u00e5get och 100 kort i utmatningstr\u00e5get.<\/li>\n<li><strong>Korttyp:<\/strong> ISO 7810-format, CR80, ID-1-storlek, kompatibel med PVC, PET och PC-kort.<\/li>\n<li><strong>Anslutningar:<\/strong> USB och Ethernet f\u00f6r enkel integrering i ditt n\u00e4tverk.<\/li>\n<\/ul>\n<p>Zebra ZXP Series 9 \u00e4r den perfekta l\u00f6sningen f\u00f6r organisationer som s\u00f6ker en p\u00e5litlig och effektiv ID-kortsutskrift med h\u00f6g s\u00e4kerhet och kvalitet.<\/p>","protected":false},"excerpt":{"rendered":"<p>Zebra ZXP Series 9 Retransfer ID-kortsskrivare \u00e4r designad f\u00f6r f\u00f6retag som kr\u00e4ver h\u00f6g s\u00e4kerhet och h\u00f6gkvalitativa utskrifter.<\/p>\n<p>Den erbjuder snabb utskrift av ID-kort med en hastighet p\u00e5 upp till 190 kort per timme och inkluderar en unik avfallfri laminationsteknik.<\/p>\n<p>Med en gratis version av EasyBadge Lite programvara \u00e4r detta en kostnadseffektiv l\u00f6sning f\u00f6r alla dina kortutskriftsbehov.<\/p>","protected":false},"featured_media":84179,"template":"","meta":{"_acf_changed":false},"product_brand":[],"product_cat":[544,2659],"product_tag":[2642,2193,2508,3723,2672],"class_list":{"0":"post-33215","1":"product","2":"type-product","3":"status-publish","4":"has-post-thumbnail","6":"product_cat-kortskrivare","7":"product_cat-zebra-kortskrivare","8":"product_tag-enkelsidig-single-side","9":"product_tag-kortprinter-retransfer","10":"product_tag-trade-produkt","11":"product_tag-x","12":"product_tag-zebra","13":"product_shipping_class-tunga-paket","14":"pa_brands-zebra","15":"pa_fabrikat-kortskrivare-zebra","16":"tm-no-options","18":"first","19":"outofstock","20":"sale","21":"taxable","22":"shipping-taxable","23":"product-type-simple"},"acf":[],"_links":{"self":[{"href":"https:\/\/stonehouse.se\/en\/wp-json\/wp\/v2\/product\/33215","targetHints":{"allow":["GET"]}}],"collection":[{"href":"https:\/\/stonehouse.se\/en\/wp-json\/wp\/v2\/product"}],"about":[{"href":"https:\/\/stonehouse.se\/en\/wp-json\/wp\/v2\/types\/product"}],"wp:featuredmedia":[{"embeddable":true,"href":"https:\/\/stonehouse.se\/en\/wp-json\/wp\/v2\/media\/84179"}],"wp:attachment":[{"href":"https:\/\/stonehouse.se\/en\/wp-json\/wp\/v2\/media?parent=33215"}],"wp:term":[{"taxonomy":"product_brand","embeddable":true,"href":"https:\/\/stonehouse.se\/en\/wp-json\/wp\/v2\/product_brand?post=33215"},{"taxonomy":"product_cat","embeddable":true,"href":"https:\/\/stonehouse.se\/en\/wp-json\/wp\/v2\/product_cat?post=33215"},{"taxonomy":"product_tag","embeddable":true,"href":"https:\/\/stonehouse.se\/en\/wp-json\/wp\/v2\/product_tag?post=33215"}],"curies":[{"name":"wp","href":"https:\/\/api.w.org\/{rel}","templated":true}]}}