
{"id":33217,"date":"2022-06-21T16:57:28","date_gmt":"2022-06-21T14:57:28","guid":{"rendered":"https:\/\/stonehouse.se\/produkt\/fargo-hdp6600-retransfer-plastic-card-printer-single-sided\/"},"modified":"2026-04-08T16:27:30","modified_gmt":"2026-04-08T14:27:30","slug":"kortskrivare-fargo-hdp6600","status":"publish","type":"product","link":"https:\/\/stonehouse.se\/en\/product\/kortskrivare-fargo-hdp6600\/","title":{"rendered":"Card Printer Fargo HDP6600 \u2013 Retransfer ID Card Printer (Single-Sided)"},"content":{"rendered":"<div class=\"long_desc\">\n<p><strong>Effektiv och h\u00f6gkvalitativ ID-kortsutskrift med Fargo HDP6600:<\/strong> Fargo HDP6600 \u00e4r en ledande retransfer-kortsskrivare som kombinerar sex generationer av bepr\u00f6vad teknik med en m\u00e4ngd innovativa funktioner. Den erbjuder o\u00f6vertr\u00e4ffad effektivitet och tillf\u00f6rlitlighet, vilket g\u00f6r den till det sj\u00e4lvklara valet f\u00f6r f\u00f6retag som beh\u00f6ver snabb och s\u00e4ker ID-kortsutskrift.<\/p>\n<p><strong>Features and Benefits:<\/strong><\/p>\n<ul>\n<li><strong>Snabb utskrift:<\/strong> F\u00f6rsta kortet \u00e4r klart p\u00e5 under 60 sekunder, vilket g\u00f6r den idealisk f\u00f6r h\u00f6gvolymproduktion.<\/li>\n<li><strong>O\u00f6vertr\u00e4ffad utskriftskvalitet:<\/strong> Med 600 dpi ger HDP6600 skarpa bilder och text av h\u00f6gsta kvalitet.<\/li>\n<li><strong>H\u00e5llbarhet:<\/strong> Retransfer-teknologin s\u00e4kerst\u00e4ller att korten \u00e4r helt t\u00e4ckta, vilket g\u00f6r dem mer h\u00e5llbara.<\/li>\n<li><strong>Kostnadseffektiv:<\/strong> Den unika laminationstekniken minimerar avfall och s\u00e4nker kostnaderna f\u00f6r material.<\/li>\n<\/ul>\n<p><strong>Technical Specification:<\/strong><\/p>\n<ul>\n<li><strong>Utskriftshastighet:<\/strong> Upp till 230 kort per timme (f\u00e4rgutskrift, enkel-sidig).<\/li>\n<li><strong>Capacity:<\/strong> 100 kort i inmatningstr\u00e5get och 200 kort i utmatningstr\u00e5get.<\/li>\n<li><strong>Korttyp:<\/strong> ISO 7810-format, CR80, ID-1-storlek, kompatibel med PVC, PET och PC-kort.<\/li>\n<li><strong>Anslutningar:<\/strong> USB 2.0 och Ethernet.<\/li>\n<\/ul>\n<p>Med sin tre\u00e5riga garanti och robusta design \u00e4r Fargo HDP6600 en p\u00e5litlig och effektiv l\u00f6sning f\u00f6r alla dina ID-kortsutskriftsbehov.<\/p>\n<\/div>","protected":false},"excerpt":{"rendered":"<p>The Fargo HDP6600 Retransfer ID Card Printer is the most advanced printer on the market, designed to produce high-quality ID cards quickly and efficiently.<\/p>\n<p>With a print time of under 60 seconds per card and a three-year warranty, it is perfect for businesses that demand both speed and quality.<\/p>\n<p>The printer can easily handle everything from access cards to form cards.<\/p>","protected":false},"featured_media":84031,"template":"","meta":{"_acf_changed":false},"product_brand":[],"product_cat":[544,2653],"product_tag":[2192,2664,3726,2193,2508],"class_list":{"0":"post-33217","1":"product","2":"type-product","3":"status-publish","4":"has-post-thumbnail","6":"product_cat-kortskrivare","7":"product_cat-fargo-kortskrivare","8":"product_tag-kortprinter-direct-to-card","9":"product_tag-fargo","10":"product_tag-pf","11":"product_tag-kortprinter-retransfer","12":"product_tag-trade-produkt","13":"product_shipping_class-tunga-paket","14":"pa_brands-fargo","15":"pa_fabrikat-kortskrivare-fargo","16":"tm-no-options","18":"first","19":"instock","20":"sale","21":"taxable","22":"shipping-taxable","23":"product-type-simple"},"acf":[],"_links":{"self":[{"href":"https:\/\/stonehouse.se\/en\/wp-json\/wp\/v2\/product\/33217","targetHints":{"allow":["GET"]}}],"collection":[{"href":"https:\/\/stonehouse.se\/en\/wp-json\/wp\/v2\/product"}],"about":[{"href":"https:\/\/stonehouse.se\/en\/wp-json\/wp\/v2\/types\/product"}],"wp:featuredmedia":[{"embeddable":true,"href":"https:\/\/stonehouse.se\/en\/wp-json\/wp\/v2\/media\/84031"}],"wp:attachment":[{"href":"https:\/\/stonehouse.se\/en\/wp-json\/wp\/v2\/media?parent=33217"}],"wp:term":[{"taxonomy":"product_brand","embeddable":true,"href":"https:\/\/stonehouse.se\/en\/wp-json\/wp\/v2\/product_brand?post=33217"},{"taxonomy":"product_cat","embeddable":true,"href":"https:\/\/stonehouse.se\/en\/wp-json\/wp\/v2\/product_cat?post=33217"},{"taxonomy":"product_tag","embeddable":true,"href":"https:\/\/stonehouse.se\/en\/wp-json\/wp\/v2\/product_tag?post=33217"}],"curies":[{"name":"wp","href":"https:\/\/api.w.org\/{rel}","templated":true}]}}