
{"id":33223,"date":"2022-06-21T17:57:08","date_gmt":"2022-06-21T15:57:08","guid":{"rendered":"https:\/\/stonehouse.se\/produkt\/fargo-dtc4250e-plastic-card-printer-dual-sided\/"},"modified":"2026-04-08T16:24:46","modified_gmt":"2026-04-08T14:24:46","slug":"kortskrivare-fargo-dtc4250e","status":"publish","type":"product","link":"https:\/\/stonehouse.se\/en\/product\/kortskrivare-fargo-dtc4250e\/","title":{"rendered":"Kortskrivare Fargo DTC4250e &#8211; ID-kortsskrivare (Dubbelsidig)"},"content":{"rendered":"<div class=\"long_desc\">\n<p><strong>Flexibel och kostnadseffektiv ID-kortsutskrift med Fargo DTC4250e:<\/strong> Fargo DTC4250e \u00e4r en m\u00e5ngsidig ID-kortsskrivare som kan anpassas f\u00f6r att m\u00f6ta dina specifika behov.<\/p>\n<p>Den \u00e4r perfekt f\u00f6r institutioner som universitet, skolor, och sm\u00e5 till medelstora f\u00f6retag som beh\u00f6ver en effektiv och p\u00e5litlig l\u00f6sning f\u00f6r ID-kortsutskrift.<\/p>\n<p><strong>Features and Benefits:<\/strong><\/p>\n<ul>\n<li><strong>Flexibel design:<\/strong> Basmodellen kan snabbt uppgraderas till dubbelsidig utskrift och kan integrera olika encoders, inklusive MIFARE och magnetisk stripe.<\/li>\n<li><strong>L\u00e5g kostnad f\u00f6r f\u00f6rbrukningsmaterial:<\/strong> H\u00f6gkapacitets f\u00f6rbrukningsmaterial g\u00f6r att du kan spara pengar p\u00e5 l\u00e5ng sikt.<\/li>\n<li><strong>Inbyggd s\u00e4kerhet:<\/strong> Anpassningsbar vattenst\u00e4mpel s\u00e4kerst\u00e4ller att korten \u00e4r skyddade mot f\u00f6rfalskningar.<\/li>\n<li><strong>Anv\u00e4ndarv\u00e4nlighet:<\/strong> Effektiv installation, laddning och utskrift med allt-i-ett trykrullar.<\/li>\n<\/ul>\n<p><strong>Technical Specification:<\/strong><\/p>\n<ul>\n<li><strong>Utskriftshastighet:<\/strong> Upp till 225 f\u00e4rgkort per timme (dubbelsidig).<\/li>\n<li><strong>Capacity:<\/strong> 100 kort i inmatningstr\u00e5get och 100 kort i utmatningstr\u00e5get.<\/li>\n<li><strong>Korttyp:<\/strong> ISO 7810-format, CR80, ID-1-storlek, kompatibel med PVC, PET och PC-kort.<\/li>\n<li><strong>Anslutningar:<\/strong> USB 2.0 och Ethernet.<\/li>\n<\/ul>\n<p>Fargo DTC4250e erbjuder en p\u00e5litlig och flexibel l\u00f6sning f\u00f6r ID-kortsutskrift som kan anpassas efter dina framtida behov.<\/p>\n<\/div>","protected":false},"excerpt":{"rendered":"<p>Fargo DTC4250e ID-kortsskrivare erbjuder flexibel och h\u00f6gkvalitativ utskrift av ID-kort, s\u00e5som anst\u00e4lld ID, accesskort och medlemskort.<\/p>\n<p>Med m\u00f6jlighet att uppgradera till dubbelsidig utskrift och integrera encoders \u00e4r detta en idealisk l\u00f6sning f\u00f6r sm\u00e5 till medelstora f\u00f6retag, skolor och organisationer som s\u00f6ker en p\u00e5litlig printl\u00f6sning.<\/p>\n<p>Den kommer med en tre\u00e5rig garanti och gratis EasyBadge Lite programvara.<\/p>","protected":false},"featured_media":83855,"template":"","meta":{"_acf_changed":false},"product_brand":[],"product_cat":[544,2653],"product_tag":[2192,2641,2664,3726,2508],"class_list":{"0":"post-33223","1":"product","2":"type-product","3":"status-publish","4":"has-post-thumbnail","6":"product_cat-kortskrivare","7":"product_cat-fargo-kortskrivare","8":"product_tag-kortprinter-direct-to-card","9":"product_tag-dubbelsidig-dual-side","10":"product_tag-fargo","11":"product_tag-pf","12":"product_tag-trade-produkt","13":"product_shipping_class-tunga-paket","14":"pa_brands-fargo","15":"pa_fabrikat-kortskrivare-fargo","16":"tm-no-options","18":"first","19":"instock","20":"sale","21":"taxable","22":"shipping-taxable","23":"product-type-simple"},"acf":[],"_links":{"self":[{"href":"https:\/\/stonehouse.se\/en\/wp-json\/wp\/v2\/product\/33223","targetHints":{"allow":["GET"]}}],"collection":[{"href":"https:\/\/stonehouse.se\/en\/wp-json\/wp\/v2\/product"}],"about":[{"href":"https:\/\/stonehouse.se\/en\/wp-json\/wp\/v2\/types\/product"}],"wp:featuredmedia":[{"embeddable":true,"href":"https:\/\/stonehouse.se\/en\/wp-json\/wp\/v2\/media\/83855"}],"wp:attachment":[{"href":"https:\/\/stonehouse.se\/en\/wp-json\/wp\/v2\/media?parent=33223"}],"wp:term":[{"taxonomy":"product_brand","embeddable":true,"href":"https:\/\/stonehouse.se\/en\/wp-json\/wp\/v2\/product_brand?post=33223"},{"taxonomy":"product_cat","embeddable":true,"href":"https:\/\/stonehouse.se\/en\/wp-json\/wp\/v2\/product_cat?post=33223"},{"taxonomy":"product_tag","embeddable":true,"href":"https:\/\/stonehouse.se\/en\/wp-json\/wp\/v2\/product_tag?post=33223"}],"curies":[{"name":"wp","href":"https:\/\/api.w.org\/{rel}","templated":true}]}}