
{"id":33226,"date":"2022-06-21T17:56:55","date_gmt":"2022-06-21T15:56:55","guid":{"rendered":"https:\/\/stonehouse.se\/produkt\/fargo-dtc4500e-plastic-card-printer-dual-sided\/"},"modified":"2026-04-08T16:43:53","modified_gmt":"2026-04-08T14:43:53","slug":"kortskrivare-fargo-dtc4500e-duplex-4","status":"publish","type":"product","link":"https:\/\/stonehouse.se\/en\/product\/kortskrivare-fargo-dtc4500e-duplex-4\/","title":{"rendered":"Kortskrivare Fargo DTC4500e &#8211; ID-kortsskrivare (Dubbelsidig)"},"content":{"rendered":"<div class=\"long_desc\">\n<p><strong>Effektiv och s\u00e4ker ID-kortsutskrift med Fargo DTC4500e:<\/strong> Fargo DTC4500e \u00e4r en avancerad ID-kortsskrivare som kombinerar hastighet, s\u00e4kerhet och h\u00f6gkvalitativa utskrifter.<\/p>\n<p>Med m\u00f6jlighet till b\u00e5de enkel- och dubbelsidig utskrift \u00e4r den perfekt f\u00f6r organisationer som beh\u00f6ver producera stora volymer av ID-kort snabbt.<\/p>\n<p><strong>Features and Benefits:<\/strong><\/p>\n<ul>\n<li><strong>H\u00f6g kapacitet:<\/strong> Kan skriva ut upp till 225 f\u00e4rgkort per timme, vilket g\u00f6r den idealisk f\u00f6r h\u00f6gvolymproduktion.<\/li>\n<li><strong>S\u00e4kerhet:<\/strong> Utrustad med inbyggda s\u00e4kerhetsfunktioner, inklusive l\u00f6senordsskydd och fluorescerande panelutskrift.<\/li>\n<li><strong>Kostnadseffektiv:<\/strong> H\u00f6gkapacitets f\u00f6rbrukningsmaterial s\u00e4nker kostnaden per kort och \u00f6kar produktiviteten.<\/li>\n<li><strong>Milj\u00f6v\u00e4nlig:<\/strong> GreenCircle\u00ae Certifierad f\u00f6r effektiv energif\u00f6rbrukning och anv\u00e4ndning av eco-v\u00e4nliga refill-ribbor.<\/li>\n<\/ul>\n<p><strong>Technical Specification:<\/strong><\/p>\n<ul>\n<li><strong>Utskriftshastighet:<\/strong> Upp till 225 kort per timme (f\u00e4rgutskrift, dubbel-sidig).<\/li>\n<li><strong>Capacity:<\/strong> 200 kort i inmatningstr\u00e5get och 100 kort i utmatningstr\u00e5get.<\/li>\n<li><strong>Korttyp:<\/strong> ISO 7810-format, CR80, ID-1-storlek, kompatibel med PVC, PET och PC-kort.<\/li>\n<li><strong>Anslutningar:<\/strong> USB 2.0 och Ethernet.<\/li>\n<\/ul>\n<p>Fargo DTC4500e \u00e4r den perfekta l\u00f6sningen f\u00f6r organisationer som s\u00f6ker en robust och p\u00e5litlig ID-kortsutskriftsl\u00f6sning med h\u00f6g s\u00e4kerhet och kvalitet.<\/p>\n<\/div>","protected":false},"excerpt":{"rendered":"<p>Fargo DTC4500e ID-kortsskrivare \u00e4r designad f\u00f6r h\u00f6g prestanda och stora volymer av s\u00e4kra ID-kort.<\/p>\n<p>Den erbjuder h\u00f6gkvalitativa utskrifter f\u00f6r anst\u00e4lld ID, accesskontroll och medlemskort, med en tre\u00e5rig garanti.<\/p>\n<p>DTC4500e \u00e4r ett kostnadseffektivt val f\u00f6r medelstora till stora f\u00f6retag som s\u00f6ker en p\u00e5litlig l\u00f6sning f\u00f6r ID-kortsutskrift.<\/p>","protected":false},"featured_media":83932,"template":"","meta":{"_acf_changed":false},"product_brand":[],"product_cat":[544,2653],"product_tag":[2192,2641,2664,3726,2508],"class_list":{"0":"post-33226","1":"product","2":"type-product","3":"status-publish","4":"has-post-thumbnail","6":"product_cat-kortskrivare","7":"product_cat-fargo-kortskrivare","8":"product_tag-kortprinter-direct-to-card","9":"product_tag-dubbelsidig-dual-side","10":"product_tag-fargo","11":"product_tag-pf","12":"product_tag-trade-produkt","13":"product_shipping_class-tunga-paket","14":"pa_brands-fargo","15":"pa_fabrikat-kortskrivare-fargo","16":"tm-no-options","18":"first","19":"instock","20":"sale","21":"taxable","22":"shipping-taxable","23":"product-type-simple"},"acf":[],"_links":{"self":[{"href":"https:\/\/stonehouse.se\/en\/wp-json\/wp\/v2\/product\/33226","targetHints":{"allow":["GET"]}}],"collection":[{"href":"https:\/\/stonehouse.se\/en\/wp-json\/wp\/v2\/product"}],"about":[{"href":"https:\/\/stonehouse.se\/en\/wp-json\/wp\/v2\/types\/product"}],"wp:featuredmedia":[{"embeddable":true,"href":"https:\/\/stonehouse.se\/en\/wp-json\/wp\/v2\/media\/83932"}],"wp:attachment":[{"href":"https:\/\/stonehouse.se\/en\/wp-json\/wp\/v2\/media?parent=33226"}],"wp:term":[{"taxonomy":"product_brand","embeddable":true,"href":"https:\/\/stonehouse.se\/en\/wp-json\/wp\/v2\/product_brand?post=33226"},{"taxonomy":"product_cat","embeddable":true,"href":"https:\/\/stonehouse.se\/en\/wp-json\/wp\/v2\/product_cat?post=33226"},{"taxonomy":"product_tag","embeddable":true,"href":"https:\/\/stonehouse.se\/en\/wp-json\/wp\/v2\/product_tag?post=33226"}],"curies":[{"name":"wp","href":"https:\/\/api.w.org\/{rel}","templated":true}]}}