
{"id":33234,"date":"2022-06-21T16:56:23","date_gmt":"2022-06-21T14:56:23","guid":{"rendered":"https:\/\/stonehouse.se\/produkt\/evolis-zenius-expert-id-card-printer\/"},"modified":"2026-04-08T16:44:19","modified_gmt":"2026-04-08T14:44:19","slug":"kortskrivare-evolis-zenius-expert","status":"publish","type":"product","link":"https:\/\/stonehouse.se\/en\/product\/kortskrivare-evolis-zenius-expert\/","title":{"rendered":"Kortskrivare Evolis Zenius Expert &#8211; ID-kortsskrivare (Enkel-Sidig)"},"content":{"rendered":"<p><strong>Effektiv och m\u00e5ngsidig ID-kortsutskrift med Evolis Zenius Expert:<\/strong> Evolis Zenius Expert \u00e4r designad f\u00f6r att m\u00f6ta behoven hos f\u00f6retag som kr\u00e4ver snabb och p\u00e5litlig utskrift av ID-kort.<\/p>\n<p>Med sin kompakta design och anpassningsbara funktioner \u00e4r den perfekt f\u00f6r allt fr\u00e5n medlemskort till accesskort.<\/p>\n<p><strong>Funktioner och F\u00f6rdelar:<\/strong><\/p>\n<ul>\n<li><strong>H\u00f6g utskriftshastighet:<\/strong> Kan skriva ut upp till 500 kort per timme f\u00f6r monochrome och 150 kort per timme f\u00f6r f\u00e4rgutskrift (YMCKO).<\/li>\n<li><strong>Flexibla kodningsalternativ:<\/strong> Erbjuder valfria kodningsmoduler f\u00f6r att snabbt anpassa skrivaren efter dina s\u00e4kerhetsbehov.<\/li>\n<li><strong>Anv\u00e4ndarv\u00e4nlighet:<\/strong> Utrustad med EasyBadge Lite programvara f\u00f6r enkel design och hantering av kort.<\/li>\n<li><strong>Kompakt design:<\/strong> Liten fotavtryck g\u00f6r den l\u00e4tt att placera p\u00e5 kontoret.<\/li>\n<\/ul>\n<p><strong>Teknisk Specifikation:<\/strong><\/p>\n<ul>\n<li><strong>Utskriftshastighet:<\/strong> 500 kort per timme (mono) eller 150 kort per timme (YMCKO).<\/li>\n<li><strong>Kapacitet:<\/strong> 50 kort i inmatningstr\u00e5get och 30 kort i utmatningstr\u00e5get.<\/li>\n<li><strong>Korttyp:<\/strong> ISO 7810-format, CR80, ID-1-storlek, kompatibel med PVC, PET och kompositkort.<\/li>\n<li><strong>Anslutningar:<\/strong> USB 2.0 och Ethernet.<\/li>\n<\/ul>\n<p>Observera att ingen skrivarribba ing\u00e5r med skrivaren; se till att l\u00e4gga till en till din best\u00e4llning.<\/p>","protected":false},"excerpt":{"rendered":"<p>Evolis Zenius Expert ID-kortsskrivare \u00e4r idealisk f\u00f6r att producera stora volymer av h\u00f6gkvalitativa enkel-sidiga ID-kort.<\/p>\n<p>Med m\u00f6jlighet till olika kodningsmoduler kan skrivaren snabbt och enkelt ge din verksamhet extra s\u00e4kerhet.<\/p>\n<p>Den erbjuder h\u00f6g hastighet och utskrift p\u00e5 standard CR80-kort av PVC, PET och kompositmaterial.<\/p>","protected":false},"featured_media":83944,"template":"","meta":{"_acf_changed":false},"product_brand":[],"product_cat":[544,2652],"product_tag":[2663,3726,2508],"class_list":{"0":"post-33234","1":"product","2":"type-product","3":"status-publish","4":"has-post-thumbnail","6":"product_cat-kortskrivare","7":"product_cat-evolis-kortskrivare","8":"product_tag-evolis","9":"product_tag-pf","10":"product_tag-trade-produkt","11":"product_shipping_class-tunga-paket","12":"pa_brands-evolis","13":"pa_fabrikat-kortskrivare-evolis","14":"tm-no-options","16":"first","17":"instock","18":"sale","19":"taxable","20":"shipping-taxable","21":"product-type-simple"},"acf":[],"_links":{"self":[{"href":"https:\/\/stonehouse.se\/en\/wp-json\/wp\/v2\/product\/33234","targetHints":{"allow":["GET"]}}],"collection":[{"href":"https:\/\/stonehouse.se\/en\/wp-json\/wp\/v2\/product"}],"about":[{"href":"https:\/\/stonehouse.se\/en\/wp-json\/wp\/v2\/types\/product"}],"wp:featuredmedia":[{"embeddable":true,"href":"https:\/\/stonehouse.se\/en\/wp-json\/wp\/v2\/media\/83944"}],"wp:attachment":[{"href":"https:\/\/stonehouse.se\/en\/wp-json\/wp\/v2\/media?parent=33234"}],"wp:term":[{"taxonomy":"product_brand","embeddable":true,"href":"https:\/\/stonehouse.se\/en\/wp-json\/wp\/v2\/product_brand?post=33234"},{"taxonomy":"product_cat","embeddable":true,"href":"https:\/\/stonehouse.se\/en\/wp-json\/wp\/v2\/product_cat?post=33234"},{"taxonomy":"product_tag","embeddable":true,"href":"https:\/\/stonehouse.se\/en\/wp-json\/wp\/v2\/product_tag?post=33234"}],"curies":[{"name":"wp","href":"https:\/\/api.w.org\/{rel}","templated":true}]}}