
{"id":33236,"date":"2022-06-21T16:56:16","date_gmt":"2022-06-21T14:56:16","guid":{"rendered":"https:\/\/stonehouse.se\/produkt\/zebra-zc350-plastic-card-printer-with-ethernet-single-sided\/"},"modified":"2026-04-08T16:33:31","modified_gmt":"2026-04-08T14:33:31","slug":"kortskrivare-zebra-zc350","status":"publish","type":"product","link":"https:\/\/stonehouse.se\/en\/product\/kortskrivare-zebra-zc350\/","title":{"rendered":"Card Printer Zebra ZC350 \u2013 ID Card Printer (Single-Sided)"},"content":{"rendered":"<p><strong>H\u00f6gpresterande och anv\u00e4ndarv\u00e4nlig ID-kortsutskrift med Zebra ZC350:<\/strong> Zebra ZC350 \u00e4r en professionell ID-kortsskrivare designad f\u00f6r att leverera exceptionell utskriftskvalitet och hastighet.<\/p>\n<p>Den \u00e4r perfekt f\u00f6r olika applikationer, fr\u00e5n anst\u00e4lld ID-kort till medlemskort, med st\u00f6d f\u00f6r en m\u00e4ngd olika kodningsalternativ.<\/p>\n<p><strong>Features and Benefits:<\/strong><\/p>\n<ul>\n<li><strong>Hastighet och kapacitet:<\/strong> Utskriftskapacitet p\u00e5 upp till 225 f\u00e4rgkort per timme och 1 000 kort per timme i svartvitt, vilket g\u00f6r den snabb och effektiv.<\/li>\n<li><strong>Flexibilitet:<\/strong> St\u00f6der b\u00e5de enkel- och dubbelsidig utskrift och kan skriva ut p\u00e5 standard CR80-kort av PVC och kompositmaterial.<\/li>\n<li><strong>Anv\u00e4ndarv\u00e4nlighet:<\/strong> Utrustad med en grafisk LCD-display och intuitiva kontroller f\u00f6r enkel navigering och hantering.<\/li>\n<li><strong>Kostnadseffektiv:<\/strong> Kommer med en tv\u00e5\u00e5rig garanti och inkluderar gratis EasyBadge Lite programvara f\u00f6r kortdesign.<\/li>\n<\/ul>\n<p><strong>Technical Specification:<\/strong><\/p>\n<ul>\n<li><strong>Utskriftshastighet:<\/strong> Upp till 225 kort per timme (f\u00e4rgutskrift, enkel-sidig) och 1 000 kort per timme (monokrom).<\/li>\n<li><strong>Capacity:<\/strong> 100 kort i inmatningstr\u00e5get och 100 kort i utmatningstr\u00e5get.<\/li>\n<li><strong>Korttyp:<\/strong> ISO 7810-format, CR80, ID-1-storlek, kompatibel med PVC och kompositkort.<\/li>\n<li><strong>Anslutningar:<\/strong> USB 2.0 och Ethernet.<\/li>\n<\/ul>\n<p>Zebra ZC350 \u00e4r designad f\u00f6r att enkelt passa in i de flesta kontorsmilj\u00f6er och erbjuder en p\u00e5litlig l\u00f6sning f\u00f6r alla dina ID-kortsutskriftsbehov.<\/p>","protected":false},"excerpt":{"rendered":"<p>The Zebra ZC350 ID card printer combines the best of previous models to offer a fast and user-friendly solution for ID card printing.<\/p>\n<p>With the capacity to print both full-color and black-and-white cards, it is perfect for businesses that require high quality and security.<\/p>\n<p>The printer includes a two-year warranty and free EasyBadge Lite software.<\/p>","protected":false},"featured_media":83953,"template":"","meta":{"_acf_changed":false},"product_brand":[],"product_cat":[544,2659],"product_tag":[2192,3726,2508],"class_list":{"0":"post-33236","1":"product","2":"type-product","3":"status-publish","4":"has-post-thumbnail","6":"product_cat-kortskrivare","7":"product_cat-zebra-kortskrivare","8":"product_tag-kortprinter-direct-to-card","9":"product_tag-pf","10":"product_tag-trade-produkt","11":"product_shipping_class-tunga-paket","12":"pa_brands-zebra","13":"pa_fabrikat-kortskrivare-zebra","14":"tm-no-options","16":"first","17":"instock","18":"sale","19":"taxable","20":"shipping-taxable","21":"product-type-simple"},"acf":[],"_links":{"self":[{"href":"https:\/\/stonehouse.se\/en\/wp-json\/wp\/v2\/product\/33236","targetHints":{"allow":["GET"]}}],"collection":[{"href":"https:\/\/stonehouse.se\/en\/wp-json\/wp\/v2\/product"}],"about":[{"href":"https:\/\/stonehouse.se\/en\/wp-json\/wp\/v2\/types\/product"}],"wp:featuredmedia":[{"embeddable":true,"href":"https:\/\/stonehouse.se\/en\/wp-json\/wp\/v2\/media\/83953"}],"wp:attachment":[{"href":"https:\/\/stonehouse.se\/en\/wp-json\/wp\/v2\/media?parent=33236"}],"wp:term":[{"taxonomy":"product_brand","embeddable":true,"href":"https:\/\/stonehouse.se\/en\/wp-json\/wp\/v2\/product_brand?post=33236"},{"taxonomy":"product_cat","embeddable":true,"href":"https:\/\/stonehouse.se\/en\/wp-json\/wp\/v2\/product_cat?post=33236"},{"taxonomy":"product_tag","embeddable":true,"href":"https:\/\/stonehouse.se\/en\/wp-json\/wp\/v2\/product_tag?post=33236"}],"curies":[{"name":"wp","href":"https:\/\/api.w.org\/{rel}","templated":true}]}}