
{"id":33237,"date":"2022-06-21T16:56:16","date_gmt":"2022-06-21T14:56:16","guid":{"rendered":"https:\/\/stonehouse.se\/produkt\/fargo-dtc4500e-plastic-card-printer-single-sided\/"},"modified":"2026-04-08T16:44:32","modified_gmt":"2026-04-08T14:44:32","slug":"kortskrivare-fargo-dtc4500e-enkel-sidig","status":"publish","type":"product","link":"https:\/\/stonehouse.se\/en\/product\/kortskrivare-fargo-dtc4500e-enkel-sidig\/","title":{"rendered":"Card Printer Fargo DTC4500e \u2013 ID Card Printer (Single-Sided)"},"content":{"rendered":"<p><strong>Effektiv och s\u00e4ker ID-kortsutskrift med Fargo DTC4500e:<\/strong> Fargo DTC4500e \u00e4r en m\u00e5ngsidig och kraftfull ID-kortsskrivare som erbjuder h\u00f6g kapacitet och s\u00e4kerhet.<\/p>\n<p>Den \u00e4r idealisk f\u00f6r organisationer som beh\u00f6ver producera stora volymer av h\u00f6gkvalitativa ID-kort snabbt och effektivt.<\/p>\n<p><strong>Features and Benefits:<\/strong><\/p>\n<ul>\n<li><strong>H\u00f6g kapacitet:<\/strong> Kan skriva ut upp till 225 f\u00e4rgkort per timme, vilket g\u00f6r den perfekt f\u00f6r f\u00f6retag med h\u00f6g utskriftsvolym.<\/li>\n<li><strong>S\u00e4kerhet:<\/strong> Utrustad med s\u00e4kerhetsfunktioner som l\u00f6senordsskydd och fluorescerande panelutskrift f\u00f6r att \u00f6ka kortens s\u00e4kerhet.<\/li>\n<li><strong>Kostnadseffektiv:<\/strong> H\u00f6gkapacitets f\u00f6rbrukningsmaterial minskar kostnaden per kort och \u00f6kar produktiviteten.<\/li>\n<li><strong>Milj\u00f6v\u00e4nlig:<\/strong> GreenCircle\u00ae Certifierad f\u00f6r energieffektivitet och anv\u00e4ndning av ekologiska refill-ribbor.<\/li>\n<\/ul>\n<p><strong>Technical Specification:<\/strong><\/p>\n<ul>\n<li><strong>Utskriftshastighet:<\/strong> Upp till 225 kort per timme (f\u00e4rgutskrift, enkel-sidig).<\/li>\n<li><strong>Capacity:<\/strong> 200 kort i inmatningstr\u00e5get och 100 kort i utmatningstr\u00e5get.<\/li>\n<li><strong>Korttyp:<\/strong> ISO 7810-format, CR80, ID-1-storlek, kompatibel med PVC, PET och PC-kort.<\/li>\n<li><strong>Anslutningar:<\/strong> USB 2.0 och Ethernet.<\/li>\n<\/ul>\n<p>Fargo DTC4500e erbjuder en robust och p\u00e5litlig l\u00f6sning f\u00f6r alla dina ID-kortsutskriftsbehov, med m\u00f6jlighet att anpassa s\u00e4kerhet och funktionalitet efter dina krav.<\/p>","protected":false},"excerpt":{"rendered":"<p>The Fargo DTC4500e ID card printer is designed for high-performance, high-volume printing of secure ID cards.<\/p>\n<p>It produces high-quality cards for employees, access control and membership, with a three-year warranty.<\/p>\n<p>The DTC4500e is cost-effective and perfect for medium to large businesses looking for a reliable ID card printing solution.<\/p>","protected":false},"featured_media":84491,"template":"","meta":{"_acf_changed":false},"product_brand":[],"product_cat":[544,2653],"product_tag":[2192,2664,3726,2508],"class_list":{"0":"post-33237","1":"product","2":"type-product","3":"status-publish","4":"has-post-thumbnail","6":"product_cat-kortskrivare","7":"product_cat-fargo-kortskrivare","8":"product_tag-kortprinter-direct-to-card","9":"product_tag-fargo","10":"product_tag-pf","11":"product_tag-trade-produkt","12":"product_shipping_class-tunga-paket","13":"pa_brands-fargo","14":"pa_fabrikat-kortskrivare-fargo","15":"tm-no-options","17":"first","18":"instock","19":"sale","20":"taxable","21":"shipping-taxable","22":"product-type-simple"},"acf":[],"_links":{"self":[{"href":"https:\/\/stonehouse.se\/en\/wp-json\/wp\/v2\/product\/33237","targetHints":{"allow":["GET"]}}],"collection":[{"href":"https:\/\/stonehouse.se\/en\/wp-json\/wp\/v2\/product"}],"about":[{"href":"https:\/\/stonehouse.se\/en\/wp-json\/wp\/v2\/types\/product"}],"wp:featuredmedia":[{"embeddable":true,"href":"https:\/\/stonehouse.se\/en\/wp-json\/wp\/v2\/media\/84491"}],"wp:attachment":[{"href":"https:\/\/stonehouse.se\/en\/wp-json\/wp\/v2\/media?parent=33237"}],"wp:term":[{"taxonomy":"product_brand","embeddable":true,"href":"https:\/\/stonehouse.se\/en\/wp-json\/wp\/v2\/product_brand?post=33237"},{"taxonomy":"product_cat","embeddable":true,"href":"https:\/\/stonehouse.se\/en\/wp-json\/wp\/v2\/product_cat?post=33237"},{"taxonomy":"product_tag","embeddable":true,"href":"https:\/\/stonehouse.se\/en\/wp-json\/wp\/v2\/product_tag?post=33237"}],"curies":[{"name":"wp","href":"https:\/\/api.w.org\/{rel}","templated":true}]}}