
{"id":33239,"date":"2022-06-21T17:56:08","date_gmt":"2022-06-21T15:56:08","guid":{"rendered":"https:\/\/stonehouse.se\/produkt\/fargo-dtc1250e-plastic-card-printer-dual-sided\/"},"modified":"2026-04-08T16:44:43","modified_gmt":"2026-04-08T14:44:43","slug":"kortskrivare-fargo-dtc1250e-duplex","status":"publish","type":"product","link":"https:\/\/stonehouse.se\/en\/product\/kortskrivare-fargo-dtc1250e-duplex\/","title":{"rendered":"Kortskrivare Fargo DTC1250e &#8211; ID-kortsskrivare (Dubbelsidig)"},"content":{"rendered":"<div class=\"long_desc\">\n<p><strong>Effektiv och prisv\u00e4rd ID-kortsutskrift med Fargo DTC1250e:<\/strong> Fargo DTC1250e \u00e4r designad med anv\u00e4ndaren i fokus och ger en snabb och tillf\u00f6rlitlig l\u00f6sning f\u00f6r ID-kortsutskrift.<\/p>\n<p>Den \u00e4r perfekt f\u00f6r sm\u00e5 till medelstora f\u00f6retag och utbildningsinstitutioner som beh\u00f6ver skriva ut n\u00e5gra hundra ID-kort.<\/p>\n<p><strong>Features and Benefits:<\/strong><\/p>\n<ul>\n<li><strong>Snabb utskrift:<\/strong> Skrivaren tar bara 16 sekunder f\u00f6r att skriva ut ett f\u00e4rgkort och 6 sekunder f\u00f6r svartvitt, vilket minimerar v\u00e4ntetiden.<\/li>\n<li><strong>Anv\u00e4ndarv\u00e4nlighet:<\/strong> Enkel att anv\u00e4nda med ett intuitivt gr\u00e4nssnitt som g\u00f6r det l\u00e4tt att navigera mellan funktionerna.<\/li>\n<li><strong>Kostnadseffektiv:<\/strong> Budgetv\u00e4nlig utskrift utan att kompromissa med kvaliteten.<\/li>\n<li><strong>Garanti:<\/strong> Tre\u00e5rig garanti f\u00f6r extra trygghet.<\/li>\n<\/ul>\n<p><strong>Technical Specification:<\/strong><\/p>\n<ul>\n<li><strong>Utskriftshastighet:<\/strong> 6 sekunder f\u00f6r svartvit och 16 sekunder f\u00f6r f\u00e4rgkort.<\/li>\n<li><strong>Capacity:<\/strong> 100 kort i inmatningstr\u00e5get och upp till 30 kort i utmatningstr\u00e5get (dubbelsidig).<\/li>\n<li><strong>Korttyp:<\/strong> ISO 7810-format, CR80, ID-1-storlek, kompatibel med PVC, PET och kompositkort.<\/li>\n<li><strong>Anslutningar:<\/strong> USB 2.0, med m\u00f6jlighet till Ethernet.<\/li>\n<\/ul>\n<p>Observera att ingen skrivarribba ing\u00e5r med skrivaren; se till att l\u00e4gga till en till din best\u00e4llning.<\/p>\n<\/div>","protected":false},"excerpt":{"rendered":"<p>Fargo DTC1250e ID-kortsskrivare erbjuder en anv\u00e4ndarv\u00e4nlig och kostnadseffektiv l\u00f6sning f\u00f6r att producera ID-kort i h\u00f6g kvalitet.<\/p>\n<p>Med en snabb utskriftstid p\u00e5 bara 16 sekunder f\u00f6r f\u00e4rgkort och 6 sekunder f\u00f6r svartvitt \u00e4r den perfekt f\u00f6r skolor, universitet och medlemsklubbar.<\/p>\n<p>Skrivaren kommer med en tre\u00e5rig garanti och gratis EasyBadge Lite programvara.<\/p>","protected":false},"featured_media":83964,"template":"","meta":{"_acf_changed":false},"product_brand":[],"product_cat":[544,2653],"product_tag":[2192,2641,2664,3726,2508],"class_list":{"0":"post-33239","1":"product","2":"type-product","3":"status-publish","4":"has-post-thumbnail","6":"product_cat-kortskrivare","7":"product_cat-fargo-kortskrivare","8":"product_tag-kortprinter-direct-to-card","9":"product_tag-dubbelsidig-dual-side","10":"product_tag-fargo","11":"product_tag-pf","12":"product_tag-trade-produkt","13":"product_shipping_class-tunga-paket","14":"pa_brands-fargo","15":"pa_fabrikat-kortskrivare-fargo","16":"tm-no-options","18":"first","19":"instock","20":"sale","21":"taxable","22":"shipping-taxable","23":"product-type-simple"},"acf":[],"_links":{"self":[{"href":"https:\/\/stonehouse.se\/en\/wp-json\/wp\/v2\/product\/33239","targetHints":{"allow":["GET"]}}],"collection":[{"href":"https:\/\/stonehouse.se\/en\/wp-json\/wp\/v2\/product"}],"about":[{"href":"https:\/\/stonehouse.se\/en\/wp-json\/wp\/v2\/types\/product"}],"wp:featuredmedia":[{"embeddable":true,"href":"https:\/\/stonehouse.se\/en\/wp-json\/wp\/v2\/media\/83964"}],"wp:attachment":[{"href":"https:\/\/stonehouse.se\/en\/wp-json\/wp\/v2\/media?parent=33239"}],"wp:term":[{"taxonomy":"product_brand","embeddable":true,"href":"https:\/\/stonehouse.se\/en\/wp-json\/wp\/v2\/product_brand?post=33239"},{"taxonomy":"product_cat","embeddable":true,"href":"https:\/\/stonehouse.se\/en\/wp-json\/wp\/v2\/product_cat?post=33239"},{"taxonomy":"product_tag","embeddable":true,"href":"https:\/\/stonehouse.se\/en\/wp-json\/wp\/v2\/product_tag?post=33239"}],"curies":[{"name":"wp","href":"https:\/\/api.w.org\/{rel}","templated":true}]}}